{"id":4050,"date":"2025-10-27T20:53:57","date_gmt":"2025-10-27T12:53:57","guid":{"rendered":"https:\/\/www.susoneyewear.com\/?post_type=product&#038;p=4050"},"modified":"2026-01-15T14:01:27","modified_gmt":"2026-01-15T06:01:27","slug":"dual-purpose-progressive-multifocal-reading-glasses-high-definition-anti-blue-light-computer-glasses-for-the-elderly-tr-ultra-light-reading-glasses","status":"publish","type":"product","link":"https:\/\/www.susoneyewear.com\/fr\/dual-purpose-progressive-multifocal-reading-glasses-high-definition-anti-blue-light-computer-glasses-for-the-elderly-tr-ultra-light-reading-glasses\/","title":{"rendered":"Lunettes de lecture multifocales progressives \u00e0 double usage, lunettes de lecture ultra-l\u00e9g\u00e8res anti-lumi\u00e8re bleue TR"},"content":{"rendered":"<h3><img fetchpriority=\"high\" decoding=\"async\" class=\"alignleft size-full wp-image-5170\" src=\"https:\/\/www.susoneyewear.com\/wp-content\/uploads\/2025\/10\/tr811.jpg\" alt=\"lunettes de lecture\" width=\"800\" height=\"800\" srcset=\"https:\/\/www.susoneyewear.com\/wp-content\/uploads\/2025\/10\/tr811.jpg 800w, https:\/\/www.susoneyewear.com\/wp-content\/uploads\/2025\/10\/tr811-300x300.jpg 300w, https:\/\/www.susoneyewear.com\/wp-content\/uploads\/2025\/10\/tr811-150x150.jpg 150w, https:\/\/www.susoneyewear.com\/wp-content\/uploads\/2025\/10\/tr811-768x768.jpg 768w, https:\/\/www.susoneyewear.com\/wp-content\/uploads\/2025\/10\/tr811-600x600.jpg 600w, https:\/\/www.susoneyewear.com\/wp-content\/uploads\/2025\/10\/tr811-100x100.jpg 100w, https:\/\/www.susoneyewear.com\/wp-content\/uploads\/2025\/10\/tr811-50x50.jpg 50w\" sizes=\"(max-width: 800px) 100vw, 800px\" \/><\/h3>\n<h3>Mat\u00e9riaux<\/h3>\n<p>Mat\u00e9riel du cadre: M\u00e9tal<br \/>\nMat\u00e9riel du temple: TR90<br \/>\nObjectif: CR39 bloquant la lumi\u00e8re bleue<br \/>\nType de charni\u00e8re: TR90<\/p>\n<h3>Mesures<\/h3>\n<p>Largeur du cadre: 53 mm<br \/>\nLargeur du pont: 15 mm<br \/>\nLongueur du temple: 135 mm<br \/>\nS\u00e9lecteur de puissance: 1.00;  1.50\uff1b  2.00\uff1b  2.50\uff1b  3.00\uff1b  3.50\uff1b  4.00<\/p>\n<h3>Min Commande<\/h3>\n<p>12pcs \/ mod\u00e8le<br \/>\n20pcs \/ mod\u00e8le pour imprimer le logo<br \/>\n600pcs\/mod\u00e8le pour commande de production<\/p>\n<h3>Services<\/h3>\n<p>Contr\u00f4le de qualit\u00e9: 100% QC<br \/>\nLogo: Personnalis\u00e9 votre marque &amp; amp; Le logo<br \/>\nOEM: Vous concevez, nous fabriquons<br \/>\nODM: Nous concevons et fabriquons, votre marque<br \/>\nExp\u00e9dition: Livrez \u00e0 la destination selon le client&#8217; Exigences s<\/p>","protected":false},"excerpt":{"rendered":"<p>Mat\u00e9riel du cadre: M\u00e9tal<br \/>\nMat\u00e9riel du temple: TR90<br \/>\nObjectif: CR39 bloquant la lumi\u00e8re bleue<br \/>\nType de charni\u00e8re: TR90<\/p>","protected":false},"featured_media":4052,"comment_status":"closed","ping_status":"closed","template":"","meta":[],"product_brand":[],"product_cat":[72,86,77,20,55,89,78,56,90,100,82,97,79,66,57,58],"product_tag":[],"class_list":{"0":"post-4050","1":"product","2":"type-product","3":"status-publish","4":"has-post-thumbnail","6":"product_cat-age","7":"product_cat-anti-blue-light","8":"product_cat-elderly","9":"product_cat-frame","10":"product_cat-gender","11":"product_cat-injection-frame","12":"product_cat-lens","13":"product_cat-men","14":"product_cat-metal-frame","15":"product_cat-others-shape","16":"product_cat-reading","17":"product_cat-rectangle","18":"product_cat-shape","19":"product_cat-types","20":"product_cat-unisex","21":"product_cat-women","23":"first","24":"instock","25":"shipping-taxable","26":"purchasable","27":"product-type-simple"},"_links":{"self":[{"href":"https:\/\/www.susoneyewear.com\/fr\/wp-json\/wp\/v2\/product\/4050","targetHints":{"allow":["GET"]}}],"collection":[{"href":"https:\/\/www.susoneyewear.com\/fr\/wp-json\/wp\/v2\/product"}],"about":[{"href":"https:\/\/www.susoneyewear.com\/fr\/wp-json\/wp\/v2\/types\/product"}],"replies":[{"embeddable":true,"href":"https:\/\/www.susoneyewear.com\/fr\/wp-json\/wp\/v2\/comments?post=4050"}],"wp:featuredmedia":[{"embeddable":true,"href":"https:\/\/www.susoneyewear.com\/fr\/wp-json\/wp\/v2\/media\/4052"}],"wp:attachment":[{"href":"https:\/\/www.susoneyewear.com\/fr\/wp-json\/wp\/v2\/media?parent=4050"}],"wp:term":[{"taxonomy":"product_brand","embeddable":true,"href":"https:\/\/www.susoneyewear.com\/fr\/wp-json\/wp\/v2\/product_brand?post=4050"},{"taxonomy":"product_cat","embeddable":true,"href":"https:\/\/www.susoneyewear.com\/fr\/wp-json\/wp\/v2\/product_cat?post=4050"},{"taxonomy":"product_tag","embeddable":true,"href":"https:\/\/www.susoneyewear.com\/fr\/wp-json\/wp\/v2\/product_tag?post=4050"}],"curies":[{"name":"wp","href":"https:\/\/api.w.org\/{rel}","templated":true}]}}