{"id":4029,"date":"2025-10-27T20:30:16","date_gmt":"2025-10-27T12:30:16","guid":{"rendered":"https:\/\/www.susoneyewear.com\/?post_type=product&#038;p=4029"},"modified":"2026-01-15T15:06:34","modified_gmt":"2026-01-15T07:06:34","slug":"rimless-diamond-edged-reading-glasses-light-luxury-style-fashionable-womens-metal-reading-glasses","status":"publish","type":"product","link":"https:\/\/www.susoneyewear.com\/fr\/rimless-diamond-edged-reading-glasses-light-luxury-style-fashionable-womens-metal-reading-glasses\/","title":{"rendered":"Lunettes de lecture sans bords diamant l\u00e9ger style de luxe femmes \u00e0 la mode&#8217; s lunettes de lecture en m\u00e9tal"},"content":{"rendered":"<h3><img fetchpriority=\"high\" decoding=\"async\" class=\"alignleft size-full wp-image-5175\" src=\"https:\/\/www.susoneyewear.com\/wp-content\/uploads\/2025\/10\/8529.jpg\" alt=\"lunettes de lecture rimless\" width=\"800\" height=\"800\" srcset=\"https:\/\/www.susoneyewear.com\/wp-content\/uploads\/2025\/10\/8529.jpg 800w, https:\/\/www.susoneyewear.com\/wp-content\/uploads\/2025\/10\/8529-300x300.jpg 300w, https:\/\/www.susoneyewear.com\/wp-content\/uploads\/2025\/10\/8529-150x150.jpg 150w, https:\/\/www.susoneyewear.com\/wp-content\/uploads\/2025\/10\/8529-768x768.jpg 768w, https:\/\/www.susoneyewear.com\/wp-content\/uploads\/2025\/10\/8529-600x600.jpg 600w, https:\/\/www.susoneyewear.com\/wp-content\/uploads\/2025\/10\/8529-100x100.jpg 100w, https:\/\/www.susoneyewear.com\/wp-content\/uploads\/2025\/10\/8529-50x50.jpg 50w\" sizes=\"(max-width: 800px) 100vw, 800px\" \/><\/h3>\n<h3>Mat\u00e9riaux<\/h3>\n<p>Mat\u00e9riau du cadre: sans bordure<br \/>\nMat\u00e9riel du temple: Acier inoxydable<br \/>\nObjectif: PC bloquant la lumi\u00e8re bleue<br \/>\nType de charni\u00e8re: charni\u00e8re en m\u00e9tal<\/p>\n<h3>Mesures<\/h3>\n<p>Largeur du cadre: 55 mm<br \/>\nLargeur du pont: 19 mm<br \/>\nLongueur du temple: 141 mm<br \/>\nS\u00e9lecteur de puissance: 1.00;  1.50\uff1b  2.00\uff1b  2.50\uff1b  3.00\uff1b  3.50\uff1b  4.00<\/p>\n<h3>Min Commande<\/h3>\n<p>12pcs \/ mod\u00e8le<br \/>\n20pcs \/ mod\u00e8le pour imprimer le logo<br \/>\n600pcs\/mod\u00e8le pour commande de production<\/p>\n<h3>Services<\/h3>\n<p>Contr\u00f4le de qualit\u00e9: 100% QC<br \/>\nLogo: Personnalisez votre marque Le logo<br \/>\nOEM: Vous concevez, nous fabriquons<br \/>\nODM: Nous concevons et fabriquons votre marque<br \/>\nExp\u00e9dition: Livrez \u00e0 la destination selon le client&#8217; Exigences s<\/p>\n<h3>Poids :<\/h3>\n<p>Poids net: 25g<\/p>\n<p>&nbsp;<\/p>","protected":false},"excerpt":{"rendered":"<p>Mat\u00e9riau du cadre: sans bordure<br \/>\nMat\u00e9riel du temple: Acier inoxydable<br \/>\nObjectif: PC bloquant la lumi\u00e8re bleue<br \/>\nType de charni\u00e8re: charni\u00e8re en m\u00e9tal<\/p>","protected":false},"featured_media":4033,"comment_status":"closed","ping_status":"closed","template":"","meta":[],"product_brand":[],"product_cat":[73,72,86,95,87,77,20,55,78,90,100,82,98,79,66,58],"product_tag":[],"class_list":{"0":"post-4029","1":"product","2":"type-product","3":"status-publish","4":"has-post-thumbnail","6":"product_cat-adult","7":"product_cat-age","8":"product_cat-anti-blue-light","9":"product_cat-cat-eye","10":"product_cat-demo","11":"product_cat-elderly","12":"product_cat-frame","13":"product_cat-gender","14":"product_cat-lens","15":"product_cat-metal-frame","16":"product_cat-others-shape","17":"product_cat-reading","18":"product_cat-rimless","19":"product_cat-shape","20":"product_cat-types","21":"product_cat-women","23":"first","24":"instock","25":"shipping-taxable","26":"purchasable","27":"product-type-simple"},"_links":{"self":[{"href":"https:\/\/www.susoneyewear.com\/fr\/wp-json\/wp\/v2\/product\/4029","targetHints":{"allow":["GET"]}}],"collection":[{"href":"https:\/\/www.susoneyewear.com\/fr\/wp-json\/wp\/v2\/product"}],"about":[{"href":"https:\/\/www.susoneyewear.com\/fr\/wp-json\/wp\/v2\/types\/product"}],"replies":[{"embeddable":true,"href":"https:\/\/www.susoneyewear.com\/fr\/wp-json\/wp\/v2\/comments?post=4029"}],"wp:featuredmedia":[{"embeddable":true,"href":"https:\/\/www.susoneyewear.com\/fr\/wp-json\/wp\/v2\/media\/4033"}],"wp:attachment":[{"href":"https:\/\/www.susoneyewear.com\/fr\/wp-json\/wp\/v2\/media?parent=4029"}],"wp:term":[{"taxonomy":"product_brand","embeddable":true,"href":"https:\/\/www.susoneyewear.com\/fr\/wp-json\/wp\/v2\/product_brand?post=4029"},{"taxonomy":"product_cat","embeddable":true,"href":"https:\/\/www.susoneyewear.com\/fr\/wp-json\/wp\/v2\/product_cat?post=4029"},{"taxonomy":"product_tag","embeddable":true,"href":"https:\/\/www.susoneyewear.com\/fr\/wp-json\/wp\/v2\/product_tag?post=4029"}],"curies":[{"name":"wp","href":"https:\/\/api.w.org\/{rel}","templated":true}]}}