{"id":4023,"date":"2025-10-27T20:25:57","date_gmt":"2025-10-27T12:25:57","guid":{"rendered":"https:\/\/www.susoneyewear.com\/?post_type=product&#038;p=4023"},"modified":"2026-01-15T15:10:45","modified_gmt":"2026-01-15T07:10:45","slug":"new-diamond-cut-frameless-reading-glasses-high-definition-anti-blue-light-reading-glasses-elegant-frameless-pink-gradient-lens-reading-glasses-2598","status":"publish","type":"product","link":"https:\/\/www.susoneyewear.com\/fr\/new-diamond-cut-frameless-reading-glasses-high-definition-anti-blue-light-reading-glasses-elegant-frameless-pink-gradient-lens-reading-glasses-2598\/","title":{"rendered":"Nouvelles lunettes de lecture sans cadre haute d\u00e9finition coup\u00e9e diamant 2598"},"content":{"rendered":"<h3><img fetchpriority=\"high\" decoding=\"async\" class=\"alignleft  wp-image-5177\" src=\"https:\/\/www.susoneyewear.com\/wp-content\/uploads\/2025\/10\/2598j.jpg\" alt=\"lunettes de lecture rose\" width=\"643\" height=\"643\" srcset=\"https:\/\/www.susoneyewear.com\/wp-content\/uploads\/2025\/10\/2598j.jpg 800w, https:\/\/www.susoneyewear.com\/wp-content\/uploads\/2025\/10\/2598j-300x300.jpg 300w, https:\/\/www.susoneyewear.com\/wp-content\/uploads\/2025\/10\/2598j-150x150.jpg 150w, https:\/\/www.susoneyewear.com\/wp-content\/uploads\/2025\/10\/2598j-768x768.jpg 768w, https:\/\/www.susoneyewear.com\/wp-content\/uploads\/2025\/10\/2598j-600x600.jpg 600w, https:\/\/www.susoneyewear.com\/wp-content\/uploads\/2025\/10\/2598j-100x100.jpg 100w, https:\/\/www.susoneyewear.com\/wp-content\/uploads\/2025\/10\/2598j-50x50.jpg 50w\" sizes=\"(max-width: 643px) 100vw, 643px\" \/><\/h3>\n<h3>Mat\u00e9riaux<\/h3>\n<p>Mat\u00e9riau du cadre: sans bordure<br \/>\nMat\u00e9riel du temple: Acier inoxydable<br \/>\nObjectif: PC bloquant la lumi\u00e8re bleue lentille de lecture<br \/>\nType de charni\u00e8re: charni\u00e8re en m\u00e9tal<\/p>\n<h3>Mesures<\/h3>\n<p>Largeur du cadre: 57 mm<br \/>\nLargeur du pont: 17 mm<br \/>\nLongueur du temple: 143 mm<br \/>\nS\u00e9lecteur de puissance: 1.00;  1.50\uff1b  2.00\uff1b  2.50\uff1b  3.00\uff1b  3.50\uff1b  4.00<\/p>\n<h3>Min Commande<\/h3>\n<p>12pcs \/ mod\u00e8le<br \/>\n20pcs \/ mod\u00e8le pour imprimer le logo<br \/>\n600pcs\/mod\u00e8le pour commande de production<\/p>\n<h3>Services<\/h3>\n<p>Contr\u00f4le de qualit\u00e9: 100% QC<br \/>\nLogo: Personnalisez votre marque Le logo<br \/>\nOEM: Vous concevez, nous fabriquons<br \/>\nODM: Nous concevons et fabriquons votre marque<br \/>\nExp\u00e9dition: Livrez \u00e0 la destination selon le client&#8217; Exigences s<\/p>\n<h3><\/h3>\n<p>&nbsp;<\/p>","protected":false},"excerpt":{"rendered":"<p>Mat\u00e9riau du cadre: sans bordure<br \/>\nMat\u00e9riel du temple: Acier inoxydable<br \/>\nObjectif: PC bloquant la lumi\u00e8re bleue lentille de lecture<br \/>\nType de charni\u00e8re: charni\u00e8re en m\u00e9tal<\/p>","protected":false},"featured_media":4024,"comment_status":"closed","ping_status":"closed","template":"","meta":[],"product_brand":[],"product_cat":[72,86,95,87,77,20,55,78,90,70,82,98,79,66,84,58],"product_tag":[],"class_list":{"0":"post-4023","1":"product","2":"type-product","3":"status-publish","4":"has-post-thumbnail","6":"product_cat-age","7":"product_cat-anti-blue-light","8":"product_cat-cat-eye","9":"product_cat-demo","10":"product_cat-elderly","11":"product_cat-frame","12":"product_cat-gender","13":"product_cat-lens","14":"product_cat-metal-frame","15":"product_cat-optical-frames","16":"product_cat-reading","17":"product_cat-rimless","18":"product_cat-shape","19":"product_cat-types","20":"product_cat-uv400","21":"product_cat-women","23":"first","24":"instock","25":"shipping-taxable","26":"purchasable","27":"product-type-simple"},"_links":{"self":[{"href":"https:\/\/www.susoneyewear.com\/fr\/wp-json\/wp\/v2\/product\/4023","targetHints":{"allow":["GET"]}}],"collection":[{"href":"https:\/\/www.susoneyewear.com\/fr\/wp-json\/wp\/v2\/product"}],"about":[{"href":"https:\/\/www.susoneyewear.com\/fr\/wp-json\/wp\/v2\/types\/product"}],"replies":[{"embeddable":true,"href":"https:\/\/www.susoneyewear.com\/fr\/wp-json\/wp\/v2\/comments?post=4023"}],"wp:featuredmedia":[{"embeddable":true,"href":"https:\/\/www.susoneyewear.com\/fr\/wp-json\/wp\/v2\/media\/4024"}],"wp:attachment":[{"href":"https:\/\/www.susoneyewear.com\/fr\/wp-json\/wp\/v2\/media?parent=4023"}],"wp:term":[{"taxonomy":"product_brand","embeddable":true,"href":"https:\/\/www.susoneyewear.com\/fr\/wp-json\/wp\/v2\/product_brand?post=4023"},{"taxonomy":"product_cat","embeddable":true,"href":"https:\/\/www.susoneyewear.com\/fr\/wp-json\/wp\/v2\/product_cat?post=4023"},{"taxonomy":"product_tag","embeddable":true,"href":"https:\/\/www.susoneyewear.com\/fr\/wp-json\/wp\/v2\/product_tag?post=4023"}],"curies":[{"name":"wp","href":"https:\/\/api.w.org\/{rel}","templated":true}]}}