{"id":4015,"date":"2025-10-27T20:20:18","date_gmt":"2025-10-27T12:20:18","guid":{"rendered":"https:\/\/www.susoneyewear.com\/?post_type=product&#038;p=4015"},"modified":"2026-01-15T15:13:05","modified_gmt":"2026-01-15T07:13:05","slug":"business-elegant-frameless-fashion-reading-glasses-light-weight-style-fashionable-womens-metal-reading-glasses-2596","status":"publish","type":"product","link":"https:\/\/www.susoneyewear.com\/fr\/business-elegant-frameless-fashion-reading-glasses-light-weight-style-fashionable-womens-metal-reading-glasses-2596\/","title":{"rendered":"Business \u00e9l\u00e9gant sans cadre mode lunettes de lecture l\u00e9ger poids style \u00e0 la mode femmes&#8217; s lunettes de lecture en m\u00e9tal 2596"},"content":{"rendered":"<h3><img fetchpriority=\"high\" decoding=\"async\" class=\"size-full wp-image-5179 alignnone\" src=\"https:\/\/www.susoneyewear.com\/wp-content\/uploads\/2025\/10\/2596j.jpg\" alt=\"lunettes de lecture sans bordure\" width=\"800\" height=\"800\" srcset=\"https:\/\/www.susoneyewear.com\/wp-content\/uploads\/2025\/10\/2596j.jpg 800w, https:\/\/www.susoneyewear.com\/wp-content\/uploads\/2025\/10\/2596j-300x300.jpg 300w, https:\/\/www.susoneyewear.com\/wp-content\/uploads\/2025\/10\/2596j-150x150.jpg 150w, https:\/\/www.susoneyewear.com\/wp-content\/uploads\/2025\/10\/2596j-768x768.jpg 768w, https:\/\/www.susoneyewear.com\/wp-content\/uploads\/2025\/10\/2596j-600x600.jpg 600w, https:\/\/www.susoneyewear.com\/wp-content\/uploads\/2025\/10\/2596j-100x100.jpg 100w, https:\/\/www.susoneyewear.com\/wp-content\/uploads\/2025\/10\/2596j-50x50.jpg 50w\" sizes=\"(max-width: 800px) 100vw, 800px\" \/><\/h3>\n<h3>Mat\u00e9riaux<\/h3>\n<p>Mat\u00e9riau du cadre: sans bordure<br \/>\nMat\u00e9riel du temple: Acier inoxydable<br \/>\nObjectif: PC bloquant la lumi\u00e8re bleue lentille de lecture<br \/>\nType de charni\u00e8re: charni\u00e8re en m\u00e9tal<\/p>\n<h3>Mesures<\/h3>\n<p>Largeur du cadre: 55 mm<br \/>\nLargeur du pont: 18 mm<br \/>\nLongueur du temple: 143 mm<br \/>\nS\u00e9lecteur de puissance: 1.00;  1.50\uff1b  2.00\uff1b  2.50\uff1b  3.00\uff1b  3.50\uff1b  4.00<\/p>\n<h3>Min Commande<\/h3>\n<p>12pcs \/ mod\u00e8le<br \/>\n20pcs \/ mod\u00e8le pour imprimer le logo<br \/>\n600pcs\/mod\u00e8le pour commande de production<\/p>\n<h3>Services<\/h3>\n<p>Contr\u00f4le de qualit\u00e9: 100% QC<br \/>\nLogo: Personnalis\u00e9 votre marque &amp; amp; Le logo<br \/>\nOEM: Vous concevez, nous fabriquons<br \/>\nODM: Nous concevons et fabriquons, votre marque<br \/>\nExp\u00e9dition: Livrez \u00e0 la destination selon le client&#8217; Exigences s<\/p>\n<p><img decoding=\"async\" class=\"alignnone wp-image-4016 size-full\" src=\"https:\/\/www.susoneyewear.com\/wp-content\/uploads\/2025\/10\/reading2596J07.jpg\" alt=\"\" width=\"790\" height=\"892\" srcset=\"https:\/\/www.susoneyewear.com\/wp-content\/uploads\/2025\/10\/reading2596J07.jpg 790w, https:\/\/www.susoneyewear.com\/wp-content\/uploads\/2025\/10\/reading2596J07-266x300.jpg 266w, https:\/\/www.susoneyewear.com\/wp-content\/uploads\/2025\/10\/reading2596J07-768x867.jpg 768w, https:\/\/www.susoneyewear.com\/wp-content\/uploads\/2025\/10\/reading2596J07-600x677.jpg 600w\" sizes=\"(max-width: 790px) 100vw, 790px\" \/><\/p>","protected":false},"excerpt":{"rendered":"<p>Mat\u00e9riau du cadre: sans bordure<br \/>\nMat\u00e9riel du temple: Acier inoxydable<br \/>\nObjectif: PC bloquant la lumi\u00e8re bleue lentille de lecture<br \/>\nType de charni\u00e8re: charni\u00e8re en m\u00e9tal<\/p>","protected":false},"featured_media":4022,"comment_status":"closed","ping_status":"closed","template":"","meta":[],"product_brand":[],"product_cat":[73,72,86,87,77,20,55,78,56,90,70,93,82,97,98,79,66,57,58],"product_tag":[],"class_list":{"0":"post-4015","1":"product","2":"type-product","3":"status-publish","4":"has-post-thumbnail","6":"product_cat-adult","7":"product_cat-age","8":"product_cat-anti-blue-light","9":"product_cat-demo","10":"product_cat-elderly","11":"product_cat-frame","12":"product_cat-gender","13":"product_cat-lens","14":"product_cat-men","15":"product_cat-metal-frame","16":"product_cat-optical-frames","17":"product_cat-others-frame","18":"product_cat-reading","19":"product_cat-rectangle","20":"product_cat-rimless","21":"product_cat-shape","22":"product_cat-types","23":"product_cat-unisex","24":"product_cat-women","26":"first","27":"instock","28":"shipping-taxable","29":"purchasable","30":"product-type-simple"},"_links":{"self":[{"href":"https:\/\/www.susoneyewear.com\/fr\/wp-json\/wp\/v2\/product\/4015","targetHints":{"allow":["GET"]}}],"collection":[{"href":"https:\/\/www.susoneyewear.com\/fr\/wp-json\/wp\/v2\/product"}],"about":[{"href":"https:\/\/www.susoneyewear.com\/fr\/wp-json\/wp\/v2\/types\/product"}],"replies":[{"embeddable":true,"href":"https:\/\/www.susoneyewear.com\/fr\/wp-json\/wp\/v2\/comments?post=4015"}],"wp:featuredmedia":[{"embeddable":true,"href":"https:\/\/www.susoneyewear.com\/fr\/wp-json\/wp\/v2\/media\/4022"}],"wp:attachment":[{"href":"https:\/\/www.susoneyewear.com\/fr\/wp-json\/wp\/v2\/media?parent=4015"}],"wp:term":[{"taxonomy":"product_brand","embeddable":true,"href":"https:\/\/www.susoneyewear.com\/fr\/wp-json\/wp\/v2\/product_brand?post=4015"},{"taxonomy":"product_cat","embeddable":true,"href":"https:\/\/www.susoneyewear.com\/fr\/wp-json\/wp\/v2\/product_cat?post=4015"},{"taxonomy":"product_tag","embeddable":true,"href":"https:\/\/www.susoneyewear.com\/fr\/wp-json\/wp\/v2\/product_tag?post=4015"}],"curies":[{"name":"wp","href":"https:\/\/api.w.org\/{rel}","templated":true}]}}