{"id":4004,"date":"2025-10-27T20:06:32","date_gmt":"2025-10-27T12:06:32","guid":{"rendered":"https:\/\/www.susoneyewear.com\/?post_type=product&#038;p=4004"},"modified":"2026-01-15T15:15:45","modified_gmt":"2026-01-15T07:15:45","slug":"half-frame-mens-rectangular-classic-reading-glasses","status":"publish","type":"product","link":"https:\/\/www.susoneyewear.com\/fr\/half-frame-mens-rectangular-classic-reading-glasses\/","title":{"rendered":"Hommes \u00e0 demi-cadre&#8217; s lunettes de lecture classiques rectangulaires"},"content":{"rendered":"<h3><img fetchpriority=\"high\" decoding=\"async\" class=\"size-full wp-image-5181 alignnone\" src=\"https:\/\/www.susoneyewear.com\/wp-content\/uploads\/2025\/10\/810j.jpg\" alt=\"Lunettes de lecture classiques rectangulaires pour hommes \u00e0 demi-cadre\" width=\"800\" height=\"800\" srcset=\"https:\/\/www.susoneyewear.com\/wp-content\/uploads\/2025\/10\/810j.jpg 800w, https:\/\/www.susoneyewear.com\/wp-content\/uploads\/2025\/10\/810j-300x300.jpg 300w, https:\/\/www.susoneyewear.com\/wp-content\/uploads\/2025\/10\/810j-150x150.jpg 150w, https:\/\/www.susoneyewear.com\/wp-content\/uploads\/2025\/10\/810j-768x768.jpg 768w, https:\/\/www.susoneyewear.com\/wp-content\/uploads\/2025\/10\/810j-600x600.jpg 600w, https:\/\/www.susoneyewear.com\/wp-content\/uploads\/2025\/10\/810j-100x100.jpg 100w, https:\/\/www.susoneyewear.com\/wp-content\/uploads\/2025\/10\/810j-50x50.jpg 50w\" sizes=\"(max-width: 800px) 100vw, 800px\" \/><\/h3>\n<h3>Mat\u00e9riaux<\/h3>\n<p>Mat\u00e9riel du cadre: M\u00e9tal<br \/>\nMat\u00e9riel du temple: M\u00e9tal<br \/>\nLentille: AC lumi\u00e8re bleue bloquant la lentille de lecture<br \/>\nType de charni\u00e8re: charni\u00e8re en m\u00e9tal<\/p>\n<h3>Mesures<\/h3>\n<p>Largeur du cadre: 57 mm<br \/>\nLargeur du pont: 17 mm<br \/>\nLongueur du temple: 143 mm<br \/>\nS\u00e9lecteur de puissance: 1.00;  1.50\uff1b  2.00\uff1b  2.50\uff1b  3.00\uff1b  3.50\uff1b  4.00<\/p>\n<h3>Min Commande<\/h3>\n<p>12pcs \/ mod\u00e8le<br \/>\n20pcs \/ mod\u00e8le pour imprimer le logo<br \/>\n600pcs\/mod\u00e8le pour commande de production<\/p>\n<h3>Services<\/h3>\n<p>Contr\u00f4le de qualit\u00e9: 100% QC<br \/>\nLogo: Personnalis\u00e9 votre marque &amp; amp; Le logo<br \/>\nOEM: Vous concevez, nous fabriquons<br \/>\nODM: Nous concevons et fabriquons, votre marque<br \/>\nExp\u00e9dition: Livrez \u00e0 la destination selon le client&#8217; Exigences s<\/p>\n<h3>D\u00e9tail<\/h3>\n<h3><img decoding=\"async\" class=\"alignleft size-full wp-image-5183\" src=\"https:\/\/www.susoneyewear.com\/wp-content\/uploads\/2025\/10\/810-2.jpg\" alt=\"\" width=\"800\" height=\"800\" srcset=\"https:\/\/www.susoneyewear.com\/wp-content\/uploads\/2025\/10\/810-2.jpg 800w, https:\/\/www.susoneyewear.com\/wp-content\/uploads\/2025\/10\/810-2-300x300.jpg 300w, https:\/\/www.susoneyewear.com\/wp-content\/uploads\/2025\/10\/810-2-150x150.jpg 150w, https:\/\/www.susoneyewear.com\/wp-content\/uploads\/2025\/10\/810-2-768x768.jpg 768w, https:\/\/www.susoneyewear.com\/wp-content\/uploads\/2025\/10\/810-2-600x600.jpg 600w, https:\/\/www.susoneyewear.com\/wp-content\/uploads\/2025\/10\/810-2-100x100.jpg 100w, https:\/\/www.susoneyewear.com\/wp-content\/uploads\/2025\/10\/810-2-50x50.jpg 50w\" sizes=\"(max-width: 800px) 100vw, 800px\" \/> <img decoding=\"async\" class=\"alignleft size-full wp-image-5184\" src=\"https:\/\/www.susoneyewear.com\/wp-content\/uploads\/2025\/10\/810-3.jpg\" alt=\"\" width=\"790\" height=\"1241\" srcset=\"https:\/\/www.susoneyewear.com\/wp-content\/uploads\/2025\/10\/810-3.jpg 790w, https:\/\/www.susoneyewear.com\/wp-content\/uploads\/2025\/10\/810-3-191x300.jpg 191w, https:\/\/www.susoneyewear.com\/wp-content\/uploads\/2025\/10\/810-3-652x1024.jpg 652w, https:\/\/www.susoneyewear.com\/wp-content\/uploads\/2025\/10\/810-3-768x1206.jpg 768w, https:\/\/www.susoneyewear.com\/wp-content\/uploads\/2025\/10\/810-3-600x943.jpg 600w\" sizes=\"(max-width: 790px) 100vw, 790px\" \/> <img loading=\"lazy\" decoding=\"async\" class=\"alignleft size-full wp-image-5185\" src=\"https:\/\/www.susoneyewear.com\/wp-content\/uploads\/2025\/10\/810.jpg\" alt=\"\" width=\"800\" height=\"800\" srcset=\"https:\/\/www.susoneyewear.com\/wp-content\/uploads\/2025\/10\/810.jpg 800w, https:\/\/www.susoneyewear.com\/wp-content\/uploads\/2025\/10\/810-300x300.jpg 300w, https:\/\/www.susoneyewear.com\/wp-content\/uploads\/2025\/10\/810-150x150.jpg 150w, https:\/\/www.susoneyewear.com\/wp-content\/uploads\/2025\/10\/810-768x768.jpg 768w, https:\/\/www.susoneyewear.com\/wp-content\/uploads\/2025\/10\/810-600x600.jpg 600w, https:\/\/www.susoneyewear.com\/wp-content\/uploads\/2025\/10\/810-100x100.jpg 100w, https:\/\/www.susoneyewear.com\/wp-content\/uploads\/2025\/10\/810-50x50.jpg 50w\" sizes=\"(max-width: 800px) 100vw, 800px\" \/><\/h3>\n<p>&nbsp;<\/p>","protected":false},"excerpt":{"rendered":"<p>Mat\u00e9riel du cadre: M\u00e9tal<br \/>\nMat\u00e9riel du temple: M\u00e9tal<br \/>\nLentille: AC lumi\u00e8re bleue bloquant la lentille de lecture<br \/>\nType de charni\u00e8re: charni\u00e8re en m\u00e9tal<\/p>","protected":false},"featured_media":4009,"comment_status":"closed","ping_status":"closed","template":"","meta":[],"product_brand":[],"product_cat":[72,86,77,20,55,78,56,90,82,97,79,66,57,58],"product_tag":[],"class_list":{"0":"post-4004","1":"product","2":"type-product","3":"status-publish","4":"has-post-thumbnail","6":"product_cat-age","7":"product_cat-anti-blue-light","8":"product_cat-elderly","9":"product_cat-frame","10":"product_cat-gender","11":"product_cat-lens","12":"product_cat-men","13":"product_cat-metal-frame","14":"product_cat-reading","15":"product_cat-rectangle","16":"product_cat-shape","17":"product_cat-types","18":"product_cat-unisex","19":"product_cat-women","21":"first","22":"instock","23":"shipping-taxable","24":"purchasable","25":"product-type-simple"},"_links":{"self":[{"href":"https:\/\/www.susoneyewear.com\/fr\/wp-json\/wp\/v2\/product\/4004","targetHints":{"allow":["GET"]}}],"collection":[{"href":"https:\/\/www.susoneyewear.com\/fr\/wp-json\/wp\/v2\/product"}],"about":[{"href":"https:\/\/www.susoneyewear.com\/fr\/wp-json\/wp\/v2\/types\/product"}],"replies":[{"embeddable":true,"href":"https:\/\/www.susoneyewear.com\/fr\/wp-json\/wp\/v2\/comments?post=4004"}],"wp:featuredmedia":[{"embeddable":true,"href":"https:\/\/www.susoneyewear.com\/fr\/wp-json\/wp\/v2\/media\/4009"}],"wp:attachment":[{"href":"https:\/\/www.susoneyewear.com\/fr\/wp-json\/wp\/v2\/media?parent=4004"}],"wp:term":[{"taxonomy":"product_brand","embeddable":true,"href":"https:\/\/www.susoneyewear.com\/fr\/wp-json\/wp\/v2\/product_brand?post=4004"},{"taxonomy":"product_cat","embeddable":true,"href":"https:\/\/www.susoneyewear.com\/fr\/wp-json\/wp\/v2\/product_cat?post=4004"},{"taxonomy":"product_tag","embeddable":true,"href":"https:\/\/www.susoneyewear.com\/fr\/wp-json\/wp\/v2\/product_tag?post=4004"}],"curies":[{"name":"wp","href":"https:\/\/api.w.org\/{rel}","templated":true}]}}