{"id":3997,"date":"2025-10-27T19:54:55","date_gmt":"2025-10-27T11:54:55","guid":{"rendered":"https:\/\/www.susoneyewear.com\/?post_type=product&#038;p=3997"},"modified":"2026-01-20T11:29:50","modified_gmt":"2026-01-20T03:29:50","slug":"round-titanium-optical-frame-custom-unisex-frame-myopia-glasses","status":"publish","type":"product","link":"https:\/\/www.susoneyewear.com\/fr\/round-titanium-optical-frame-custom-unisex-frame-myopia-glasses\/","title":{"rendered":"Cadre optique en titane rond, cadre unisex de myopie personnalis\u00e9"},"content":{"rendered":"<h3><img fetchpriority=\"high\" decoding=\"async\" class=\"alignnone wp-image-4003 size-full\" src=\"https:\/\/www.susoneyewear.com\/wp-content\/uploads\/2025\/10\/size-1.jpg\" alt=\"\" width=\"800\" height=\"800\" srcset=\"https:\/\/www.susoneyewear.com\/wp-content\/uploads\/2025\/10\/size-1.jpg 800w, https:\/\/www.susoneyewear.com\/wp-content\/uploads\/2025\/10\/size-1-300x300.jpg 300w, https:\/\/www.susoneyewear.com\/wp-content\/uploads\/2025\/10\/size-1-150x150.jpg 150w, https:\/\/www.susoneyewear.com\/wp-content\/uploads\/2025\/10\/size-1-768x768.jpg 768w, https:\/\/www.susoneyewear.com\/wp-content\/uploads\/2025\/10\/size-1-600x600.jpg 600w, https:\/\/www.susoneyewear.com\/wp-content\/uploads\/2025\/10\/size-1-100x100.jpg 100w\" sizes=\"(max-width: 800px) 100vw, 800px\" \/><\/h3>\n<h3>Mat\u00e9riaux<\/h3>\n<p>Mat\u00e9riel du cadre: \u03b2-Titanium<br \/>\nMat\u00e9riel du temple: \u03b2-Titanium<\/p>\n<h3>Mesures<\/h3>\n<p>Largeur du cadre: 51mm<br \/>\nLargeur du pont: 20mm<br \/>\nLongueur du temple: 145mm<\/p>\n<h3>Min Commande<\/h3>\n<p>12pcs \/ mod\u00e8le<br \/>\n20pcs \/ mod\u00e8le pour imprimer le logo<br \/>\n600pcs \/ mod\u00e8le pour OEM ODM commande de production<\/p>\n<h3>Services<\/h3>\n<p>Contr\u00f4le de qualit\u00e9: 100% QC<br \/>\nLogo: Personnalis\u00e9 votre marque &amp; amp; Le logo<br \/>\nOEM: Vous concevez, nous fabriquons<br \/>\nODM: Nous concevons et fabriquons, votre marque<br \/>\nExp\u00e9dition: Livrez \u00e0 la destination selon le client&#8217; Exigences s<\/p>","protected":false},"excerpt":{"rendered":"<p>MOQ: Logo personnalis\u00e9 stock pr\u00eat: 50pcs; OEM \/ ODM: 500pcs<\/p>\n<p>Les services de personnalisation comprennent la conception du logo, l'emballage, la s\u00e9lection des couleurs et la cr\u00e9ation de moules.<\/p>\n<p>D\u00e9lai d'\u00e9chantillon: stock pr\u00eat ajouter logo: Environ 7 jours; Nouvelle production: 35days<\/p>\n<p>Mat\u00e9riel: Ac\u00e9tate \/ TR90 \/ M\u00e9tal (r\u00e9glable selon les exigences.)<\/p>\n<p>Certifications: CE \/ FDA \/ UKCA \/ ISO9001<\/p>","protected":false},"featured_media":4000,"comment_status":"closed","ping_status":"closed","template":"","meta":[],"product_brand":[],"product_cat":[73,72,87,77,20,55,78,56,70,96,79,91,66,57,58],"product_tag":[],"class_list":{"0":"post-3997","1":"product","2":"type-product","3":"status-publish","4":"has-post-thumbnail","6":"product_cat-adult","7":"product_cat-age","8":"product_cat-demo","9":"product_cat-elderly","10":"product_cat-frame","11":"product_cat-gender","12":"product_cat-lens","13":"product_cat-men","14":"product_cat-optical-frames","15":"product_cat-round","16":"product_cat-shape","17":"product_cat-titanium-frame","18":"product_cat-types","19":"product_cat-unisex","20":"product_cat-women","22":"first","23":"instock","24":"shipping-taxable","25":"purchasable","26":"product-type-simple"},"_links":{"self":[{"href":"https:\/\/www.susoneyewear.com\/fr\/wp-json\/wp\/v2\/product\/3997","targetHints":{"allow":["GET"]}}],"collection":[{"href":"https:\/\/www.susoneyewear.com\/fr\/wp-json\/wp\/v2\/product"}],"about":[{"href":"https:\/\/www.susoneyewear.com\/fr\/wp-json\/wp\/v2\/types\/product"}],"replies":[{"embeddable":true,"href":"https:\/\/www.susoneyewear.com\/fr\/wp-json\/wp\/v2\/comments?post=3997"}],"wp:featuredmedia":[{"embeddable":true,"href":"https:\/\/www.susoneyewear.com\/fr\/wp-json\/wp\/v2\/media\/4000"}],"wp:attachment":[{"href":"https:\/\/www.susoneyewear.com\/fr\/wp-json\/wp\/v2\/media?parent=3997"}],"wp:term":[{"taxonomy":"product_brand","embeddable":true,"href":"https:\/\/www.susoneyewear.com\/fr\/wp-json\/wp\/v2\/product_brand?post=3997"},{"taxonomy":"product_cat","embeddable":true,"href":"https:\/\/www.susoneyewear.com\/fr\/wp-json\/wp\/v2\/product_cat?post=3997"},{"taxonomy":"product_tag","embeddable":true,"href":"https:\/\/www.susoneyewear.com\/fr\/wp-json\/wp\/v2\/product_tag?post=3997"}],"curies":[{"name":"wp","href":"https:\/\/api.w.org\/{rel}","templated":true}]}}