{"id":3991,"date":"2025-10-27T19:49:15","date_gmt":"2025-10-27T11:49:15","guid":{"rendered":"https:\/\/www.susoneyewear.com\/?post_type=product&#038;p=3991"},"modified":"2026-01-19T12:58:12","modified_gmt":"2026-01-19T04:58:12","slug":"titanium-optical-frame-business-custom-frame-myopia-glasses-mens-pure-titanium-glasses-frame","status":"publish","type":"product","link":"https:\/\/www.susoneyewear.com\/fr\/titanium-optical-frame-business-custom-frame-myopia-glasses-mens-pure-titanium-glasses-frame\/","title":{"rendered":"Titanium cadre optique entreprise cadre personnalis\u00e9 lunettes de myopie hommes&#8217; cadre de verres en titane pur"},"content":{"rendered":"<h3><img fetchpriority=\"high\" decoding=\"async\" class=\"size-full wp-image-5263 alignnone\" src=\"https:\/\/www.susoneyewear.com\/wp-content\/uploads\/2025\/10\/optical-frame-titanium-F51103.jpg\" alt=\"cadre optique en titane\" width=\"800\" height=\"800\" srcset=\"https:\/\/www.susoneyewear.com\/wp-content\/uploads\/2025\/10\/optical-frame-titanium-F51103.jpg 800w, https:\/\/www.susoneyewear.com\/wp-content\/uploads\/2025\/10\/optical-frame-titanium-F51103-300x300.jpg 300w, https:\/\/www.susoneyewear.com\/wp-content\/uploads\/2025\/10\/optical-frame-titanium-F51103-150x150.jpg 150w, https:\/\/www.susoneyewear.com\/wp-content\/uploads\/2025\/10\/optical-frame-titanium-F51103-768x768.jpg 768w, https:\/\/www.susoneyewear.com\/wp-content\/uploads\/2025\/10\/optical-frame-titanium-F51103-600x600.jpg 600w, https:\/\/www.susoneyewear.com\/wp-content\/uploads\/2025\/10\/optical-frame-titanium-F51103-100x100.jpg 100w, https:\/\/www.susoneyewear.com\/wp-content\/uploads\/2025\/10\/optical-frame-titanium-F51103-50x50.jpg 50w\" sizes=\"(max-width: 800px) 100vw, 800px\" \/><\/h3>\n<h3>Mat\u00e9riaux<\/h3>\n<p>Mat\u00e9riel du cadre: TITANIUM<br \/>\nMat\u00e9riel du temple: caoutchouc TR90<\/p>\n<h3>Mesures<\/h3>\n<p>Largeur du cadre: 52mm<br \/>\nLargeur du pont: 17mm<br \/>\nLongueur du temple: 147mm<\/p>\n<h3>Min Commande<\/h3>\n<p>12pcs \/ mod\u00e8le<br \/>\n20pcs \/ mod\u00e8le pour imprimer le logo<br \/>\n600pcs \/ mod\u00e8le pour OEM ODM commande de production<\/p>\n<h3>Services<\/h3>\n<p>Contr\u00f4le de qualit\u00e9: 100% QC<br \/>\nLogo: Personnalis\u00e9 votre marque &amp; amp; Le logo<br \/>\nOEM: Vous concevez, nous fabriquons<br \/>\nODM: Nous concevons et fabriquons, votre marque<br \/>\nExp\u00e9dition: Livrez \u00e0 la destination selon le client&#8217; Exigences s<\/p>","protected":false},"excerpt":{"rendered":"<p>MOQ: Logo personnalis\u00e9 stock pr\u00eat: 50pcs; OEM \/ ODM: 500pcs<\/p>\n<p>Services de personnalisation: logo, emballage, couleur et moules.<\/p>\n<p>D\u00e9lai d'\u00e9chantillon: stock pr\u00eat ajouter logo: Environ 7 jours; production: 35 jours<\/p>\n<p>Mat\u00e9riel: Ac\u00e9tate \/ TR90 \/ M\u00e9tal (r\u00e9glable selon les exigences.)<\/p>\n<p>Certifications: CE \/ FDA \/ UKCA \/ ISO9001<\/p>","protected":false},"featured_media":3992,"comment_status":"closed","ping_status":"closed","template":"","meta":[],"product_brand":[],"product_cat":[73,72,87,77,20,55,78,56,70,97,96,79,91,66],"product_tag":[116],"class_list":{"0":"post-3991","1":"product","2":"type-product","3":"status-publish","4":"has-post-thumbnail","6":"product_cat-adult","7":"product_cat-age","8":"product_cat-demo","9":"product_cat-elderly","10":"product_cat-frame","11":"product_cat-gender","12":"product_cat-lens","13":"product_cat-men","14":"product_cat-optical-frames","15":"product_cat-rectangle","16":"product_cat-round","17":"product_cat-shape","18":"product_cat-titanium-frame","19":"product_cat-types","20":"product_tag-116","22":"first","23":"instock","24":"shipping-taxable","25":"purchasable","26":"product-type-simple"},"_links":{"self":[{"href":"https:\/\/www.susoneyewear.com\/fr\/wp-json\/wp\/v2\/product\/3991","targetHints":{"allow":["GET"]}}],"collection":[{"href":"https:\/\/www.susoneyewear.com\/fr\/wp-json\/wp\/v2\/product"}],"about":[{"href":"https:\/\/www.susoneyewear.com\/fr\/wp-json\/wp\/v2\/types\/product"}],"replies":[{"embeddable":true,"href":"https:\/\/www.susoneyewear.com\/fr\/wp-json\/wp\/v2\/comments?post=3991"}],"wp:featuredmedia":[{"embeddable":true,"href":"https:\/\/www.susoneyewear.com\/fr\/wp-json\/wp\/v2\/media\/3992"}],"wp:attachment":[{"href":"https:\/\/www.susoneyewear.com\/fr\/wp-json\/wp\/v2\/media?parent=3991"}],"wp:term":[{"taxonomy":"product_brand","embeddable":true,"href":"https:\/\/www.susoneyewear.com\/fr\/wp-json\/wp\/v2\/product_brand?post=3991"},{"taxonomy":"product_cat","embeddable":true,"href":"https:\/\/www.susoneyewear.com\/fr\/wp-json\/wp\/v2\/product_cat?post=3991"},{"taxonomy":"product_tag","embeddable":true,"href":"https:\/\/www.susoneyewear.com\/fr\/wp-json\/wp\/v2\/product_tag?post=3991"}],"curies":[{"name":"wp","href":"https:\/\/api.w.org\/{rel}","templated":true}]}}