{"id":3980,"date":"2025-10-27T19:43:04","date_gmt":"2025-10-27T11:43:04","guid":{"rendered":"https:\/\/www.susoneyewear.com\/?post_type=product&#038;p=3980"},"modified":"2026-01-13T14:06:30","modified_gmt":"2026-01-13T06:06:30","slug":"top-grade-fashion-unisex-round-custom-sunglasses-wholesale-uv-400-protection-eyewear-spectacle-frame-for-women-light-metal-frames","status":"publish","type":"product","link":"https:\/\/www.susoneyewear.com\/fr\/top-grade-fashion-unisex-round-custom-sunglasses-wholesale-uv-400-protection-eyewear-spectacle-frame-for-women-light-metal-frames\/","title":{"rendered":"Lunettes de soleil personnalis\u00e9es rondes de mode de haute qualit\u00e9 Unisex en gros UV 400 protection lunettes Cadre de lunettes pour femmes Cadres en m\u00e9tal l\u00e9ger"},"content":{"rendered":"<h3><img fetchpriority=\"high\" decoding=\"async\" class=\"alignnone wp-image-3990 size-full\" src=\"https:\/\/www.susoneyewear.com\/wp-content\/uploads\/2025\/10\/sunglasses-size.jpg\" alt=\"\" width=\"800\" height=\"800\" srcset=\"https:\/\/www.susoneyewear.com\/wp-content\/uploads\/2025\/10\/sunglasses-size.jpg 800w, https:\/\/www.susoneyewear.com\/wp-content\/uploads\/2025\/10\/sunglasses-size-300x300.jpg 300w, https:\/\/www.susoneyewear.com\/wp-content\/uploads\/2025\/10\/sunglasses-size-150x150.jpg 150w, https:\/\/www.susoneyewear.com\/wp-content\/uploads\/2025\/10\/sunglasses-size-768x768.jpg 768w, https:\/\/www.susoneyewear.com\/wp-content\/uploads\/2025\/10\/sunglasses-size-600x600.jpg 600w, https:\/\/www.susoneyewear.com\/wp-content\/uploads\/2025\/10\/sunglasses-size-100x100.jpg 100w\" sizes=\"(max-width: 800px) 100vw, 800px\" \/><\/h3>\n<h3>Mat\u00e9riaux<\/h3>\n<p>Mat\u00e9riel du cadre: m\u00e9tal &amp; amp; ac\u00e9tate<br \/>\nMat\u00e9riel du temple: m\u00e9tal &amp; amp; ac\u00e9tate<br \/>\nMat\u00e9riel de la lentille: TAC polaris\u00e9 \/ DEMO lentille<\/p>\n<h3>Mesures<\/h3>\n<p>Largeur du cadre: 45mm<br \/>\nLargeur du pont: 19mm<br \/>\nLongueur du temple: 145mm<\/p>\n<h3>Min Commande<\/h3>\n<p>12pcs \/ mod\u00e8le<br \/>\n20pcs \/ mod\u00e8le pour imprimer le logo<br \/>\n600pcs \/ mod\u00e8le pour OEM ODM commande de production<\/p>\n<h3>Services<\/h3>\n<p>Contr\u00f4le de qualit\u00e9: 100% QC<br \/>\nLogo: Personnalis\u00e9 votre marque &amp; amp; Le logo<br \/>\nOEM: Vous concevez, nous fabriquons<br \/>\nODM: Nous concevons et fabriquons, votre marque<br \/>\nExp\u00e9dition: Livrez \u00e0 la destination selon le client&#8217; Exigences s<\/p>","protected":false},"excerpt":{"rendered":"<p>Mat\u00e9riel du cadre: m\u00e9tal &amp; amp; ac\u00e9tate<br \/>\nMat\u00e9riel du temple: m\u00e9tal &amp; amp; ac\u00e9tate<br \/>\nMat\u00e9riel de la lentille: TAC polaris\u00e9 \/ DEMO lentille<\/p>","protected":false},"featured_media":3981,"comment_status":"closed","ping_status":"closed","template":"","meta":[],"product_brand":[],"product_cat":[88,73,72,87,77,20,55,78,56,90,70,100,96,79,66,57,84,58],"product_tag":[],"class_list":{"0":"post-3980","1":"product","2":"type-product","3":"status-publish","4":"has-post-thumbnail","6":"product_cat-acetate-frame","7":"product_cat-adult","8":"product_cat-age","9":"product_cat-demo","10":"product_cat-elderly","11":"product_cat-frame","12":"product_cat-gender","13":"product_cat-lens","14":"product_cat-men","15":"product_cat-metal-frame","16":"product_cat-optical-frames","17":"product_cat-others-shape","18":"product_cat-round","19":"product_cat-shape","20":"product_cat-types","21":"product_cat-unisex","22":"product_cat-uv400","23":"product_cat-women","25":"first","26":"instock","27":"shipping-taxable","28":"purchasable","29":"product-type-simple"},"_links":{"self":[{"href":"https:\/\/www.susoneyewear.com\/fr\/wp-json\/wp\/v2\/product\/3980","targetHints":{"allow":["GET"]}}],"collection":[{"href":"https:\/\/www.susoneyewear.com\/fr\/wp-json\/wp\/v2\/product"}],"about":[{"href":"https:\/\/www.susoneyewear.com\/fr\/wp-json\/wp\/v2\/types\/product"}],"replies":[{"embeddable":true,"href":"https:\/\/www.susoneyewear.com\/fr\/wp-json\/wp\/v2\/comments?post=3980"}],"wp:featuredmedia":[{"embeddable":true,"href":"https:\/\/www.susoneyewear.com\/fr\/wp-json\/wp\/v2\/media\/3981"}],"wp:attachment":[{"href":"https:\/\/www.susoneyewear.com\/fr\/wp-json\/wp\/v2\/media?parent=3980"}],"wp:term":[{"taxonomy":"product_brand","embeddable":true,"href":"https:\/\/www.susoneyewear.com\/fr\/wp-json\/wp\/v2\/product_brand?post=3980"},{"taxonomy":"product_cat","embeddable":true,"href":"https:\/\/www.susoneyewear.com\/fr\/wp-json\/wp\/v2\/product_cat?post=3980"},{"taxonomy":"product_tag","embeddable":true,"href":"https:\/\/www.susoneyewear.com\/fr\/wp-json\/wp\/v2\/product_tag?post=3980"}],"curies":[{"name":"wp","href":"https:\/\/api.w.org\/{rel}","templated":true}]}}