{"id":3722,"date":"2025-10-27T17:39:17","date_gmt":"2025-10-27T09:39:17","guid":{"rendered":"https:\/\/www.susoneyewear.com\/?post_type=product&#038;p=3722"},"modified":"2026-01-14T17:35:05","modified_gmt":"2026-01-14T09:35:05","slug":"polygon-custom-fashion-frame-sunglasses-polarized-tr90-clip-on-with-metal-frame-sunglasses-night-vision-glsses","status":"publish","type":"product","link":"https:\/\/www.susoneyewear.com\/fr\/polygon-custom-fashion-frame-sunglasses-polarized-tr90-clip-on-with-metal-frame-sunglasses-night-vision-glsses\/","title":{"rendered":"Lunettes de soleil \u00e0 cadre polygonal personnalis\u00e9 polaris\u00e9 TR90 Clip sur avec lunettes de soleil \u00e0 cadre m\u00e9tallique Glisses de vision nocturne"},"content":{"rendered":"<h3><img fetchpriority=\"high\" decoding=\"async\" class=\"wp-image-5152 alignleft\" src=\"https:\/\/www.susoneyewear.com\/wp-content\/uploads\/2025\/10\/\u5c3a\u5bf8\u56fe-1.jpg\" alt=\"\" width=\"584\" height=\"584\" srcset=\"https:\/\/www.susoneyewear.com\/wp-content\/uploads\/2025\/10\/\u5c3a\u5bf8\u56fe-1.jpg 800w, https:\/\/www.susoneyewear.com\/wp-content\/uploads\/2025\/10\/\u5c3a\u5bf8\u56fe-1-300x300.jpg 300w, https:\/\/www.susoneyewear.com\/wp-content\/uploads\/2025\/10\/\u5c3a\u5bf8\u56fe-1-150x150.jpg 150w, https:\/\/www.susoneyewear.com\/wp-content\/uploads\/2025\/10\/\u5c3a\u5bf8\u56fe-1-768x768.jpg 768w, https:\/\/www.susoneyewear.com\/wp-content\/uploads\/2025\/10\/\u5c3a\u5bf8\u56fe-1-600x600.jpg 600w, https:\/\/www.susoneyewear.com\/wp-content\/uploads\/2025\/10\/\u5c3a\u5bf8\u56fe-1-100x100.jpg 100w, https:\/\/www.susoneyewear.com\/wp-content\/uploads\/2025\/10\/\u5c3a\u5bf8\u56fe-1-50x50.jpg 50w\" sizes=\"(max-width: 584px) 100vw, 584px\" \/><\/h3>\n<h3><strong>Mat\u00e9riaux<\/strong><\/h3>\n<p>Mat\u00e9riel du cadre: TR90 METAL<br \/>\nMat\u00e9riel du temple: TR90<br \/>\nMat\u00e9riel de la lentille: TAC polaris\u00e9, vision nocturne<\/p>\n<h3><strong>Mesures<\/strong><\/h3>\n<p>Largeur du cadre: 50mm<br \/>\nLargeur du pont: 19mm<br \/>\nLongueur du temple: 145mm<\/p>\n<h3><strong>Min Commande<\/strong><\/h3>\n<p>12pcs \/ mod\u00e8le<br \/>\n20pcs \/ mod\u00e8le pour imprimer le logo<br \/>\n600pcs \/ mod\u00e8le pour OEM ODM commande de production<\/p>\n<h3><strong>Services<\/strong><\/h3>\n<p>Contr\u00f4le de qualit\u00e9: 100% QC<br \/>\nLogo: Personnalis\u00e9 votre marque &amp; amp; Le logo<br \/>\nOEM: Vous concevez, nous fabriquons<br \/>\nODM: Nous concevons et fabriquons, votre marque<br \/>\nExp\u00e9dition: Livrez \u00e0 la destination selon le client&#8217; Exigences s<\/p>\n<h3><\/h3>\n<h3><strong>D\u00e9tail<\/strong><\/h3>\n<p><img decoding=\"async\" class=\"alignnone size-medium wp-image-5143\" src=\"https:\/\/www.susoneyewear.com\/wp-content\/uploads\/2025\/10\/7731_07-198x300.jpg\" alt=\"\" width=\"198\" height=\"300\" srcset=\"\" sizes=\"(max-width: 198px) 100vw, 198px\" data-srcset=\"\" \/> <img decoding=\"async\" class=\"alignnone size-medium wp-image-5144\" src=\"https:\/\/www.susoneyewear.com\/wp-content\/uploads\/2025\/10\/7731_09-227x300.jpg\" alt=\"\" width=\"227\" height=\"300\" srcset=\"\" sizes=\"(max-width: 227px) 100vw, 227px\" data-srcset=\"\" \/> <img loading=\"lazy\" decoding=\"async\" class=\"alignnone size-medium wp-image-5145\" src=\"https:\/\/www.susoneyewear.com\/wp-content\/uploads\/2025\/10\/7731_10-300x292.jpg\" alt=\"\" width=\"300\" height=\"292\" srcset=\"\" sizes=\"(max-width: 300px) 100vw, 300px\" data-srcset=\"\" \/> <img loading=\"lazy\" decoding=\"async\" class=\"alignnone size-medium wp-image-5146\" src=\"https:\/\/www.susoneyewear.com\/wp-content\/uploads\/2025\/10\/7731_11-277x300.jpg\" alt=\"\" width=\"277\" height=\"300\" srcset=\"\" sizes=\"(max-width: 277px) 100vw, 277px\" data-srcset=\"\" \/><\/p>\n<p><img loading=\"lazy\" decoding=\"async\" class=\"alignnone size-medium wp-image-5148\" src=\"https:\/\/www.susoneyewear.com\/wp-content\/uploads\/2025\/10\/7731_16-258x300.jpg\" alt=\"\" width=\"258\" height=\"300\" srcset=\"\" sizes=\"(max-width: 258px) 100vw, 258px\" data-srcset=\"\" \/> <img loading=\"lazy\" decoding=\"async\" class=\"alignnone size-medium wp-image-5149\" src=\"https:\/\/www.susoneyewear.com\/wp-content\/uploads\/2025\/10\/7731_17-258x300.jpg\" alt=\"\" width=\"258\" height=\"300\" srcset=\"\" sizes=\"(max-width: 258px) 100vw, 258px\" data-srcset=\"\" \/> <img loading=\"lazy\" decoding=\"async\" class=\"alignnone size-medium wp-image-5150\" src=\"https:\/\/www.susoneyewear.com\/wp-content\/uploads\/2025\/10\/7731_18-258x300.jpg\" alt=\"\" width=\"258\" height=\"300\" srcset=\"\" sizes=\"(max-width: 258px) 100vw, 258px\" data-srcset=\"\" \/> <img loading=\"lazy\" decoding=\"async\" class=\"alignnone size-medium wp-image-5151\" src=\"https:\/\/www.susoneyewear.com\/wp-content\/uploads\/2025\/10\/7731_19-245x300.jpg\" alt=\"\" width=\"245\" height=\"300\" srcset=\"\" sizes=\"(max-width: 245px) 100vw, 245px\" data-srcset=\"\" \/><\/p>","protected":false},"excerpt":{"rendered":"<p>Mat\u00e9riel du cadre: TR90 METAL<br \/>\nMat\u00e9riel du temple: TR90<br \/>\nMat\u00e9riel de la lentille: TAC polaris\u00e9, vision nocturne<\/p>","protected":false},"featured_media":3871,"comment_status":"closed","ping_status":"closed","template":"","meta":[],"product_brand":[],"product_cat":[73,72,81,87,77,20,55,89,78,56,90,101,70,100,96,79,66,57,84,58],"product_tag":[],"class_list":{"0":"post-3722","1":"product","2":"type-product","3":"status-publish","4":"has-post-thumbnail","6":"product_cat-adult","7":"product_cat-age","8":"product_cat-clip-on","9":"product_cat-demo","10":"product_cat-elderly","11":"product_cat-frame","12":"product_cat-gender","13":"product_cat-injection-frame","14":"product_cat-lens","15":"product_cat-men","16":"product_cat-metal-frame","17":"product_cat-night-vision","18":"product_cat-optical-frames","19":"product_cat-others-shape","20":"product_cat-round","21":"product_cat-shape","22":"product_cat-types","23":"product_cat-unisex","24":"product_cat-uv400","25":"product_cat-women","27":"first","28":"instock","29":"shipping-taxable","30":"purchasable","31":"product-type-simple"},"_links":{"self":[{"href":"https:\/\/www.susoneyewear.com\/fr\/wp-json\/wp\/v2\/product\/3722","targetHints":{"allow":["GET"]}}],"collection":[{"href":"https:\/\/www.susoneyewear.com\/fr\/wp-json\/wp\/v2\/product"}],"about":[{"href":"https:\/\/www.susoneyewear.com\/fr\/wp-json\/wp\/v2\/types\/product"}],"replies":[{"embeddable":true,"href":"https:\/\/www.susoneyewear.com\/fr\/wp-json\/wp\/v2\/comments?post=3722"}],"wp:featuredmedia":[{"embeddable":true,"href":"https:\/\/www.susoneyewear.com\/fr\/wp-json\/wp\/v2\/media\/3871"}],"wp:attachment":[{"href":"https:\/\/www.susoneyewear.com\/fr\/wp-json\/wp\/v2\/media?parent=3722"}],"wp:term":[{"taxonomy":"product_brand","embeddable":true,"href":"https:\/\/www.susoneyewear.com\/fr\/wp-json\/wp\/v2\/product_brand?post=3722"},{"taxonomy":"product_cat","embeddable":true,"href":"https:\/\/www.susoneyewear.com\/fr\/wp-json\/wp\/v2\/product_cat?post=3722"},{"taxonomy":"product_tag","embeddable":true,"href":"https:\/\/www.susoneyewear.com\/fr\/wp-json\/wp\/v2\/product_tag?post=3722"}],"curies":[{"name":"wp","href":"https:\/\/api.w.org\/{rel}","templated":true}]}}