{"id":3709,"date":"2025-10-27T16:11:45","date_gmt":"2025-10-27T08:11:45","guid":{"rendered":"https:\/\/www.susoneyewear.com\/?post_type=product&#038;p=3709"},"modified":"2026-01-15T13:23:00","modified_gmt":"2026-01-15T05:23:00","slug":"custom-fashion-round-frame-sun-glasses-polarized-tr90-clip-on-with-metal-frame-sunglasses-night-vision-glsses","status":"publish","type":"product","link":"https:\/\/www.susoneyewear.com\/fr\/custom-fashion-round-frame-sun-glasses-polarized-tr90-clip-on-with-metal-frame-sunglasses-night-vision-glsses\/","title":{"rendered":"Lunettes de soleil \u00e0 cadre rond personnalis\u00e9es polaris\u00e9es TR90 Clip sur avec lunettes de soleil \u00e0 cadre m\u00e9tallique Glisses de vision nocturne"},"content":{"rendered":"<h3><img fetchpriority=\"high\" decoding=\"async\" class=\"wp-image-5157 alignleft\" src=\"https:\/\/www.susoneyewear.com\/wp-content\/uploads\/2025\/10\/\u5c3a\u5bf8\u56fe-2.jpg\" alt=\"clip rond sur des lunettes\" width=\"576\" height=\"576\" srcset=\"https:\/\/www.susoneyewear.com\/wp-content\/uploads\/2025\/10\/\u5c3a\u5bf8\u56fe-2.jpg 800w, https:\/\/www.susoneyewear.com\/wp-content\/uploads\/2025\/10\/\u5c3a\u5bf8\u56fe-2-300x300.jpg 300w, https:\/\/www.susoneyewear.com\/wp-content\/uploads\/2025\/10\/\u5c3a\u5bf8\u56fe-2-150x150.jpg 150w, https:\/\/www.susoneyewear.com\/wp-content\/uploads\/2025\/10\/\u5c3a\u5bf8\u56fe-2-768x768.jpg 768w, https:\/\/www.susoneyewear.com\/wp-content\/uploads\/2025\/10\/\u5c3a\u5bf8\u56fe-2-600x600.jpg 600w, https:\/\/www.susoneyewear.com\/wp-content\/uploads\/2025\/10\/\u5c3a\u5bf8\u56fe-2-100x100.jpg 100w, https:\/\/www.susoneyewear.com\/wp-content\/uploads\/2025\/10\/\u5c3a\u5bf8\u56fe-2-50x50.jpg 50w\" sizes=\"(max-width: 576px) 100vw, 576px\" \/><\/h3>\n<h3><strong>Mat\u00e9riaux<\/strong><\/h3>\n<p>Mat\u00e9riel du cadre: TR90 METAL<br \/>\nMat\u00e9riel du temple: TR90<br \/>\nMat\u00e9riel de la lentille: TAC polaris\u00e9, vision nocturne<\/p>\n<h3><strong>Mesures<\/strong><\/h3>\n<p>Largeur du cadre: 48mm<br \/>\nLargeur du pont: 20mm<br \/>\nLongueur du temple: 143mm<\/p>\n<h3><strong>Min Commande<\/strong><\/h3>\n<p>12pcs \/ mod\u00e8le<br \/>\n20pcs \/ mod\u00e8le pour imprimer le logo<br \/>\n600pcs \/ mod\u00e8le pour OEM ODM commande de production<\/p>\n<h3><strong>Services<\/strong><\/h3>\n<p>Contr\u00f4le de qualit\u00e9: 100% QC<br \/>\nLogo: Personnalis\u00e9 votre marque &amp; amp; Le logo<br \/>\nOEM: Vous concevez, nous fabriquons<br \/>\nODM: Nous concevons et fabriquons, votre marque<br \/>\nExp\u00e9dition: Livrez \u00e0 la destination selon le client&#8217; Exigences s<\/p>\n<p>&nbsp;<\/p>\n<p><img decoding=\"async\" class=\"alignnone wp-image-5159 size-full\" src=\"https:\/\/www.susoneyewear.com\/wp-content\/uploads\/2025\/10\/7730_03.jpg\" alt=\"\" width=\"790\" height=\"1130\" srcset=\"https:\/\/www.susoneyewear.com\/wp-content\/uploads\/2025\/10\/7730_03.jpg 790w, https:\/\/www.susoneyewear.com\/wp-content\/uploads\/2025\/10\/7730_03-210x300.jpg 210w, https:\/\/www.susoneyewear.com\/wp-content\/uploads\/2025\/10\/7730_03-716x1024.jpg 716w, https:\/\/www.susoneyewear.com\/wp-content\/uploads\/2025\/10\/7730_03-768x1099.jpg 768w, https:\/\/www.susoneyewear.com\/wp-content\/uploads\/2025\/10\/7730_03-600x858.jpg 600w\" sizes=\"(max-width: 790px) 100vw, 790px\" \/><\/p>\n<ul>\n<li>Magnetique polaris\u00e9 clip-on et vision nocturne clip-on<\/li>\n<\/ul>\n<p><img decoding=\"async\" class=\"alignnone wp-image-5160 size-full\" src=\"https:\/\/www.susoneyewear.com\/wp-content\/uploads\/2025\/10\/7730_04.jpg\" alt=\"\" width=\"790\" height=\"1333\" srcset=\"https:\/\/www.susoneyewear.com\/wp-content\/uploads\/2025\/10\/7730_04.jpg 790w, https:\/\/www.susoneyewear.com\/wp-content\/uploads\/2025\/10\/7730_04-178x300.jpg 178w, https:\/\/www.susoneyewear.com\/wp-content\/uploads\/2025\/10\/7730_04-607x1024.jpg 607w, https:\/\/www.susoneyewear.com\/wp-content\/uploads\/2025\/10\/7730_04-768x1296.jpg 768w, https:\/\/www.susoneyewear.com\/wp-content\/uploads\/2025\/10\/7730_04-600x1012.jpg 600w\" sizes=\"(max-width: 790px) 100vw, 790px\" \/><\/p>\n<p><img loading=\"lazy\" decoding=\"async\" class=\"alignnone wp-image-5162 size-full\" src=\"https:\/\/www.susoneyewear.com\/wp-content\/uploads\/2025\/10\/7730_08.jpg\" alt=\"\" width=\"790\" height=\"1199\" srcset=\"https:\/\/www.susoneyewear.com\/wp-content\/uploads\/2025\/10\/7730_08.jpg 790w, https:\/\/www.susoneyewear.com\/wp-content\/uploads\/2025\/10\/7730_08-198x300.jpg 198w, https:\/\/www.susoneyewear.com\/wp-content\/uploads\/2025\/10\/7730_08-675x1024.jpg 675w, https:\/\/www.susoneyewear.com\/wp-content\/uploads\/2025\/10\/7730_08-768x1166.jpg 768w, https:\/\/www.susoneyewear.com\/wp-content\/uploads\/2025\/10\/7730_08-600x911.jpg 600w\" sizes=\"(max-width: 790px) 100vw, 790px\" \/><\/p>\n<ul>\n<li>COULEUR<\/li>\n<\/ul>\n<p><img loading=\"lazy\" decoding=\"async\" class=\"alignnone wp-image-5163 size-medium\" src=\"https:\/\/www.susoneyewear.com\/wp-content\/uploads\/2025\/10\/7730_16-258x300.jpg\" alt=\"\" width=\"258\" height=\"300\" srcset=\"\" sizes=\"(max-width: 258px) 100vw, 258px\" data-srcset=\"\" \/> <img loading=\"lazy\" decoding=\"async\" class=\"alignnone size-medium wp-image-5164\" src=\"https:\/\/www.susoneyewear.com\/wp-content\/uploads\/2025\/10\/7730_17-256x300.jpg\" alt=\"\" width=\"256\" height=\"300\" srcset=\"\" sizes=\"(max-width: 256px) 100vw, 256px\" data-srcset=\"\" \/> <img loading=\"lazy\" decoding=\"async\" class=\"alignnone size-medium wp-image-5165\" src=\"https:\/\/www.susoneyewear.com\/wp-content\/uploads\/2025\/10\/7730_18-256x300.jpg\" alt=\"\" width=\"256\" height=\"300\" srcset=\"\" sizes=\"(max-width: 256px) 100vw, 256px\" data-srcset=\"\" \/> <img loading=\"lazy\" decoding=\"async\" class=\"alignnone size-medium wp-image-5166\" src=\"https:\/\/www.susoneyewear.com\/wp-content\/uploads\/2025\/10\/7730_19-245x300.jpg\" alt=\"\" width=\"245\" height=\"300\" srcset=\"\" sizes=\"(max-width: 245px) 100vw, 245px\" data-srcset=\"\" \/><\/p>","protected":false},"excerpt":{"rendered":"<p>Mat\u00e9riel du cadre: TR90 METAL<br \/>\nMat\u00e9riel du temple: TR90<br \/>\nMat\u00e9riel de la lentille: TAC polaris\u00e9, vision nocturne<\/p>","protected":false},"featured_media":3839,"comment_status":"closed","ping_status":"closed","template":"","meta":[],"product_brand":[],"product_cat":[73,72,81,87,77,20,55,89,78,56,90,101,70,93,96,79,66,57,84,58],"product_tag":[],"class_list":{"0":"post-3709","1":"product","2":"type-product","3":"status-publish","4":"has-post-thumbnail","6":"product_cat-adult","7":"product_cat-age","8":"product_cat-clip-on","9":"product_cat-demo","10":"product_cat-elderly","11":"product_cat-frame","12":"product_cat-gender","13":"product_cat-injection-frame","14":"product_cat-lens","15":"product_cat-men","16":"product_cat-metal-frame","17":"product_cat-night-vision","18":"product_cat-optical-frames","19":"product_cat-others-frame","20":"product_cat-round","21":"product_cat-shape","22":"product_cat-types","23":"product_cat-unisex","24":"product_cat-uv400","25":"product_cat-women","27":"first","28":"instock","29":"shipping-taxable","30":"purchasable","31":"product-type-simple"},"_links":{"self":[{"href":"https:\/\/www.susoneyewear.com\/fr\/wp-json\/wp\/v2\/product\/3709","targetHints":{"allow":["GET"]}}],"collection":[{"href":"https:\/\/www.susoneyewear.com\/fr\/wp-json\/wp\/v2\/product"}],"about":[{"href":"https:\/\/www.susoneyewear.com\/fr\/wp-json\/wp\/v2\/types\/product"}],"replies":[{"embeddable":true,"href":"https:\/\/www.susoneyewear.com\/fr\/wp-json\/wp\/v2\/comments?post=3709"}],"wp:featuredmedia":[{"embeddable":true,"href":"https:\/\/www.susoneyewear.com\/fr\/wp-json\/wp\/v2\/media\/3839"}],"wp:attachment":[{"href":"https:\/\/www.susoneyewear.com\/fr\/wp-json\/wp\/v2\/media?parent=3709"}],"wp:term":[{"taxonomy":"product_brand","embeddable":true,"href":"https:\/\/www.susoneyewear.com\/fr\/wp-json\/wp\/v2\/product_brand?post=3709"},{"taxonomy":"product_cat","embeddable":true,"href":"https:\/\/www.susoneyewear.com\/fr\/wp-json\/wp\/v2\/product_cat?post=3709"},{"taxonomy":"product_tag","embeddable":true,"href":"https:\/\/www.susoneyewear.com\/fr\/wp-json\/wp\/v2\/product_tag?post=3709"}],"curies":[{"name":"wp","href":"https:\/\/api.w.org\/{rel}","templated":true}]}}