{"id":3656,"date":"2025-10-27T14:53:04","date_gmt":"2025-10-27T06:53:04","guid":{"rendered":"https:\/\/www.susoneyewear.com\/?post_type=product&#038;p=3656"},"modified":"2026-01-16T10:04:44","modified_gmt":"2026-01-16T02:04:44","slug":"square-frame-fashion-anti-blue-light-glasses-to-block-computer-blue-light-flexible-eyeglasses-for-men","status":"publish","type":"product","link":"https:\/\/www.susoneyewear.com\/fr\/square-frame-fashion-anti-blue-light-glasses-to-block-computer-blue-light-flexible-eyeglasses-for-men\/","title":{"rendered":"Lunettes anti-lumi\u00e8re bleue rectangulaires flexibles pour bloquer la lumi\u00e8re bleue de l'ordinateur"},"content":{"rendered":"<h3><img fetchpriority=\"high\" decoding=\"async\" class=\"alignleft wp-image-5215\" src=\"https:\/\/www.susoneyewear.com\/wp-content\/uploads\/2025\/10\/blue-light-6525.jpg\" alt=\"Cadre optique d&#039;entreprise rectangulaire\" width=\"594\" height=\"594\" srcset=\"https:\/\/www.susoneyewear.com\/wp-content\/uploads\/2025\/10\/blue-light-6525.jpg 800w, https:\/\/www.susoneyewear.com\/wp-content\/uploads\/2025\/10\/blue-light-6525-300x300.jpg 300w, https:\/\/www.susoneyewear.com\/wp-content\/uploads\/2025\/10\/blue-light-6525-150x150.jpg 150w, https:\/\/www.susoneyewear.com\/wp-content\/uploads\/2025\/10\/blue-light-6525-768x768.jpg 768w, https:\/\/www.susoneyewear.com\/wp-content\/uploads\/2025\/10\/blue-light-6525-600x600.jpg 600w, https:\/\/www.susoneyewear.com\/wp-content\/uploads\/2025\/10\/blue-light-6525-100x100.jpg 100w, https:\/\/www.susoneyewear.com\/wp-content\/uploads\/2025\/10\/blue-light-6525-50x50.jpg 50w\" sizes=\"(max-width: 594px) 100vw, 594px\" \/><\/h3>\n<h3><strong>Mat\u00e9riaux<\/strong><\/h3>\n<p>Mat\u00e9riel du cadre: PC<br \/>\nMat\u00e9riel du temple: CP<br \/>\nObjectif: PC bloquant la lumi\u00e8re bleue<br \/>\nType de charni\u00e8re: charni\u00e8re en m\u00e9tal<\/p>\n<h3><strong>Mesures<\/strong><\/h3>\n<p>Largeur du cadre: 54 mm<br \/>\nLargeur du pont: 19 mm<br \/>\nLongueur du temple: 150 mm<\/p>\n<h3><strong>Min Commande<\/strong><\/h3>\n<p>12pcs \/ mod\u00e8le<br \/>\n20pcs \/ mod\u00e8le pour imprimer le logo<br \/>\n600pcs\/mod\u00e8le pour commande de production<\/p>\n<h3><strong>Services<\/strong><\/h3>\n<p>Contr\u00f4le de qualit\u00e9: 100% QC<br \/>\nLogo: Personnalis\u00e9 votre marque &amp; amp; Le logo<br \/>\nOEM: Vous concevez, nous fabriquons<br \/>\nODM: Nous concevons et fabriquons, votre marque<br \/>\nExp\u00e9dition: Livrez \u00e0 la destination selon le client&#8217; Exigences s<\/p>\n<p>&nbsp;<\/p>","protected":false},"excerpt":{"rendered":"<p>Mat\u00e9riel du cadre: PC<br \/>\nMat\u00e9riel du temple: CP<br \/>\nObjectif: PC bloquant la lumi\u00e8re bleue<br \/>\nType de charni\u00e8re: charni\u00e8re en m\u00e9tal<\/p>","protected":false},"featured_media":3835,"comment_status":"closed","ping_status":"closed","template":"","meta":[],"product_brand":[],"product_cat":[73,72,86,80,87,77,20,55,89,78,56,70,97,79,66,57,58],"product_tag":[],"class_list":{"0":"post-3656","1":"product","2":"type-product","3":"status-publish","4":"has-post-thumbnail","6":"product_cat-adult","7":"product_cat-age","8":"product_cat-anti-blue-light","9":"product_cat-blue-light-blocking","10":"product_cat-demo","11":"product_cat-elderly","12":"product_cat-frame","13":"product_cat-gender","14":"product_cat-injection-frame","15":"product_cat-lens","16":"product_cat-men","17":"product_cat-optical-frames","18":"product_cat-rectangle","19":"product_cat-shape","20":"product_cat-types","21":"product_cat-unisex","22":"product_cat-women","24":"first","25":"instock","26":"shipping-taxable","27":"purchasable","28":"product-type-simple"},"_links":{"self":[{"href":"https:\/\/www.susoneyewear.com\/fr\/wp-json\/wp\/v2\/product\/3656","targetHints":{"allow":["GET"]}}],"collection":[{"href":"https:\/\/www.susoneyewear.com\/fr\/wp-json\/wp\/v2\/product"}],"about":[{"href":"https:\/\/www.susoneyewear.com\/fr\/wp-json\/wp\/v2\/types\/product"}],"replies":[{"embeddable":true,"href":"https:\/\/www.susoneyewear.com\/fr\/wp-json\/wp\/v2\/comments?post=3656"}],"wp:featuredmedia":[{"embeddable":true,"href":"https:\/\/www.susoneyewear.com\/fr\/wp-json\/wp\/v2\/media\/3835"}],"wp:attachment":[{"href":"https:\/\/www.susoneyewear.com\/fr\/wp-json\/wp\/v2\/media?parent=3656"}],"wp:term":[{"taxonomy":"product_brand","embeddable":true,"href":"https:\/\/www.susoneyewear.com\/fr\/wp-json\/wp\/v2\/product_brand?post=3656"},{"taxonomy":"product_cat","embeddable":true,"href":"https:\/\/www.susoneyewear.com\/fr\/wp-json\/wp\/v2\/product_cat?post=3656"},{"taxonomy":"product_tag","embeddable":true,"href":"https:\/\/www.susoneyewear.com\/fr\/wp-json\/wp\/v2\/product_tag?post=3656"}],"curies":[{"name":"wp","href":"https:\/\/api.w.org\/{rel}","templated":true}]}}