{"id":5375,"date":"2026-01-29T13:39:50","date_gmt":"2026-01-29T05:39:50","guid":{"rendered":"https:\/\/www.susoneyewear.com\/?post_type=product&#038;p=5375"},"modified":"2026-02-02T11:40:54","modified_gmt":"2026-02-02T03:40:54","slug":"acetate-sunglasses","status":"publish","type":"product","link":"https:\/\/www.susoneyewear.com\/es\/acetate-sunglasses\/","title":{"rendered":"Mariposa Mujeres Acetato Gafas de sol 2035"},"content":{"rendered":"<h2><span style=\"font-family: georgia, palatino, serif;\">Destacados del producto:<\/span><\/h2>\n<ul>\n<li><span style=\"font-family: arial, helvetica, sans-serif;\"><strong><b> Marco de acetato ecol\u00f3gico\u00a0<\/b><\/strong><\/span><\/li>\n<li><span style=\"font-family: arial, helvetica, sans-serif;\">Una amplia variedad de estilos <strong><b>marcos y colores de lentes <\/b><\/strong>est\u00e1n disponibles.<\/span><\/li>\n<li><span style=\"font-family: arial, helvetica, sans-serif;\">Alta definici\u00f3n <strong><b>Lentes polarizadas de nylon <\/b><\/strong>Protege tus ojos al aire libre.<\/span><\/li>\n<li><span style=\"font-family: arial, helvetica, sans-serif;\"><strong><b> Im\u00e1genes de alta resoluci\u00f3n<\/b><\/strong> est\u00e1n disponibles para comercializaci\u00f3n<strong><b>.<\/b><\/strong><\/span><\/li>\n<li><span style=\"font-family: arial, helvetica, sans-serif;\"><strong><b> Peque\u00f1o lote <\/b><\/strong>Servicios de prototipo y personalizaci\u00f3n est\u00e1n disponibles bajo petici\u00f3n<strong><b>.<\/b><\/strong><\/span><\/li>\n<\/ul>\n<h2>Tama\u00f1o est\u00e1ndar<\/h2>\n<p><img fetchpriority=\"high\" decoding=\"async\" class=\"size-full wp-image-5382 alignnone\" src=\"https:\/\/www.susoneyewear.com\/wp-content\/uploads\/2026\/01\/2035-\u5c3a\u5bf82.png\" alt=\"\" width=\"800\" height=\"800\" srcset=\"https:\/\/www.susoneyewear.com\/wp-content\/uploads\/2026\/01\/2035-\u5c3a\u5bf82.png 800w, https:\/\/www.susoneyewear.com\/wp-content\/uploads\/2026\/01\/2035-\u5c3a\u5bf82-300x300.png 300w, https:\/\/www.susoneyewear.com\/wp-content\/uploads\/2026\/01\/2035-\u5c3a\u5bf82-150x150.png 150w, https:\/\/www.susoneyewear.com\/wp-content\/uploads\/2026\/01\/2035-\u5c3a\u5bf82-768x768.png 768w, https:\/\/www.susoneyewear.com\/wp-content\/uploads\/2026\/01\/2035-\u5c3a\u5bf82-600x600.png 600w, https:\/\/www.susoneyewear.com\/wp-content\/uploads\/2026\/01\/2035-\u5c3a\u5bf82-100x100.png 100w, https:\/\/www.susoneyewear.com\/wp-content\/uploads\/2026\/01\/2035-\u5c3a\u5bf82-50x50.png 50w\" sizes=\"(max-width: 800px) 100vw, 800px\" \/><\/p>\n<h2>Materiales<\/h2>\n<p>Material del marco: Acetato<br \/>\nMaterial del templo: Acetato<br \/>\nMaterial de la lente: Nylon Lentes polarizadas<br \/>\nTipo de bisagra: Bisagra de metal<\/p>\n<h2>Orden m\u00ednima<\/h2>\n<p>Stock listo: 2pcs \/ Modelo<br \/>\nPersonalizar el logotipo: 20pcs \/ modelo<br \/>\nNuevo dise\u00f1o o orden de producci\u00f3n: 300pcs \/ modelo, 1-3 colores<\/p>\n<h2>Servicios<\/h2>\n<p>Control de calidad: 100% QC<br \/>\nLogotipo: Personalice su marca logotipo<\/p>\n<p><img decoding=\"async\" class=\"alignnone wp-image-5383 size-large\" src=\"https:\/\/www.susoneyewear.com\/wp-content\/uploads\/2026\/01\/OEM-ODM-SERVICE-1-1024x512.jpg\" alt=\"OEM &amp; ODM f\u00e1brica de gafas\" width=\"800\" height=\"400\" srcset=\"\" sizes=\"(max-width: 800px) 100vw, 800px\" data-srcset=\"\" \/><br \/>\nOEM: Usted dise\u00f1a, fabricamos<\/p>\n<p>ODM: Dise\u00f1amos y fabricamos su marca<\/p>\n<p>Paquete: Bolsa est\u00e1ndar de opp &amp; paquete personalizado<\/p>\n<p><img decoding=\"async\" class=\"alignnone wp-image-5385 size-large\" src=\"https:\/\/www.susoneyewear.com\/wp-content\/uploads\/2026\/01\/OEM-ODM-SERVICE-2-1024x1024.jpg\" alt=\"OEM &amp; ODM f\u00e1brica de gafas\" width=\"800\" height=\"800\" srcset=\"\" sizes=\"(max-width: 800px) 100vw, 800px\" data-srcset=\"\" \/><\/p>\n<p><img loading=\"lazy\" decoding=\"async\" class=\"size-full wp-image-5290 alignnone\" src=\"https:\/\/www.susoneyewear.com\/wp-content\/uploads\/2026\/01\/custom-package.png\" alt=\"paquete personalizado\" width=\"818\" height=\"694\" srcset=\"https:\/\/www.susoneyewear.com\/wp-content\/uploads\/2026\/01\/custom-package.png 818w, https:\/\/www.susoneyewear.com\/wp-content\/uploads\/2026\/01\/custom-package-300x255.png 300w, https:\/\/www.susoneyewear.com\/wp-content\/uploads\/2026\/01\/custom-package-768x652.png 768w, https:\/\/www.susoneyewear.com\/wp-content\/uploads\/2026\/01\/custom-package-600x509.png 600w\" sizes=\"(max-width: 818px) 100vw, 818px\" \/><br \/>\nEnv\u00edo: Entregue al destino seg\u00fan el cliente&#8217; Requisitos S<\/p>\n<p><img loading=\"lazy\" decoding=\"async\" class=\"size-full wp-image-5248 alignnone\" src=\"https:\/\/www.susoneyewear.com\/wp-content\/uploads\/2026\/01\/shipping.png\" alt=\"env\u00edo a su destino seguridad\" width=\"904\" height=\"711\" srcset=\"https:\/\/www.susoneyewear.com\/wp-content\/uploads\/2026\/01\/shipping.png 904w, https:\/\/www.susoneyewear.com\/wp-content\/uploads\/2026\/01\/shipping-300x236.png 300w, https:\/\/www.susoneyewear.com\/wp-content\/uploads\/2026\/01\/shipping-768x604.png 768w, https:\/\/www.susoneyewear.com\/wp-content\/uploads\/2026\/01\/shipping-600x472.png 600w\" sizes=\"(max-width: 904px) 100vw, 904px\" \/><\/p>\n<h3><span style=\"font-family: arial, helvetica, sans-serif;\">Fuerza de la f\u00e1brica:<\/span><\/h3>\n<p>1. Tenemos nuestra propia f\u00e1brica de molde, lo que nos permite producir eficientemente y r\u00e1pidamente <strong>moldes de alta calidad<\/strong> y muestras de preproducci\u00f3n.<br \/>\n2. Nuestras l\u00edneas de producci\u00f3n incluyen<strong> moldeo por inyecci\u00f3n, moldeo por inyecci\u00f3n doble, acetato y titanio,<\/strong> apoyar la producci\u00f3n de gafas hechas de diversos materiales.<br \/>\n3. Ofrecemos servicios de dise\u00f1o y fabricaci\u00f3n personalizados para numerosas marcas internacionales, garantizando <strong>calidad y entrega oportuna<\/strong>.<br \/>\n4. Tenemos un estricto sistema de gesti\u00f3n de calidad y tenemos varias certificaciones, incluyendo <strong>CE, FDA, UKCA y BSCI<\/strong>.<br \/>\n5. Si usted es un cliente peque\u00f1o o mediano o un cliente grande y experimentado, tenemos los recursos para proporcionarle <strong>productos y servicios rentables<\/strong>.<\/p>\n<p>&nbsp;<\/p>\n<p>&nbsp;<\/p>\n<h1><span style=\"color: #333399;\">Contacte con nosotros para el nuevo cat\u00e1logo de productos o haga su dise\u00f1o!<\/span><\/h1>\n<p>&nbsp;<\/p>","protected":false},"excerpt":{"rendered":"<p>MOQ: 1-300 piezas, dependiendo de su requisito<\/p>\n<p>Servicios de personalizaci\u00f3n: logotipo, embalaje, color y moldes.<\/p>\n<p>Plazo de ejecuci\u00f3n de la muestra: stock listo a\u00f1adir logotipo: Acerca de 7 d\u00edas; producci\u00f3n: 35 d\u00edas<\/p>\n<p>Material: Acetato \/ TR90 \/ Metal (ajustable seg\u00fan los requisitos.)<\/p>\n<p>Certificaciones: CE \/ FDA \/ UKCA \/ BSCI<\/p>","protected":false},"featured_media":5380,"comment_status":"closed","ping_status":"closed","template":"","meta":[],"product_brand":[],"product_cat":[88,73,72,77,20,55,78,100,97,79,67,66,84,58],"product_tag":[],"class_list":{"0":"post-5375","1":"product","2":"type-product","3":"status-publish","4":"has-post-thumbnail","6":"product_cat-acetate-frame","7":"product_cat-adult","8":"product_cat-age","9":"product_cat-elderly","10":"product_cat-frame","11":"product_cat-gender","12":"product_cat-lens","13":"product_cat-others-shape","14":"product_cat-rectangle","15":"product_cat-shape","16":"product_cat-sunglasses","17":"product_cat-types","18":"product_cat-uv400","19":"product_cat-women","21":"first","22":"instock","23":"shipping-taxable","24":"purchasable","25":"product-type-simple"},"_links":{"self":[{"href":"https:\/\/www.susoneyewear.com\/es\/wp-json\/wp\/v2\/product\/5375","targetHints":{"allow":["GET"]}}],"collection":[{"href":"https:\/\/www.susoneyewear.com\/es\/wp-json\/wp\/v2\/product"}],"about":[{"href":"https:\/\/www.susoneyewear.com\/es\/wp-json\/wp\/v2\/types\/product"}],"replies":[{"embeddable":true,"href":"https:\/\/www.susoneyewear.com\/es\/wp-json\/wp\/v2\/comments?post=5375"}],"wp:featuredmedia":[{"embeddable":true,"href":"https:\/\/www.susoneyewear.com\/es\/wp-json\/wp\/v2\/media\/5380"}],"wp:attachment":[{"href":"https:\/\/www.susoneyewear.com\/es\/wp-json\/wp\/v2\/media?parent=5375"}],"wp:term":[{"taxonomy":"product_brand","embeddable":true,"href":"https:\/\/www.susoneyewear.com\/es\/wp-json\/wp\/v2\/product_brand?post=5375"},{"taxonomy":"product_cat","embeddable":true,"href":"https:\/\/www.susoneyewear.com\/es\/wp-json\/wp\/v2\/product_cat?post=5375"},{"taxonomy":"product_tag","embeddable":true,"href":"https:\/\/www.susoneyewear.com\/es\/wp-json\/wp\/v2\/product_tag?post=5375"}],"curies":[{"name":"wp","href":"https:\/\/api.w.org\/{rel}","templated":true}]}}