{"id":5255,"date":"2026-01-19T11:50:19","date_gmt":"2026-01-19T03:50:19","guid":{"rendered":"https:\/\/www.susoneyewear.com\/?post_type=product&#038;p=5255"},"modified":"2026-01-28T09:43:17","modified_gmt":"2026-01-28T01:43:17","slug":"kids-anti-blue-light-glasses-support-oem-odm-k02","status":"publish","type":"product","link":"https:\/\/www.susoneyewear.com\/es\/kids-anti-blue-light-glasses-support-oem-odm-k02\/","title":{"rendered":"Las gafas de luz anti-azul de los ni\u00f1os apoyan OEM \/ ODM K02"},"content":{"rendered":"<h3><span style=\"font-family: arial, helvetica, sans-serif;\"><strong><b>Destacados del producto:<\/b><\/strong><\/span><\/h3>\n<ul>\n<li><span style=\"font-family: arial, helvetica, sans-serif;\"><strong><b> Almohadillas nasales de silicona reemplazables <\/b><\/strong>para un ajuste ligero y c\u00f3modo que no&#8217; t presione el puente de la nariz.<\/span><\/li>\n<li><span style=\"font-family: arial, helvetica, sans-serif;\"><strong><b> Moldeo por inyecci\u00f3n de dos colores<\/b><\/strong>con una superficie interior antideslizante y suave para un uso c\u00f3modo<strong><b>.<\/b><\/strong><\/span><\/li>\n<li><span style=\"font-family: arial, helvetica, sans-serif;\"><strong><b> Lentes anti-luz azul de alta definici\u00f3n <\/b><\/strong>protege los ojos cuando usa tel\u00e9fonos m\u00f3viles, tabletas y televisores; Tambi\u00e9n se pueden montar lentes de receta.<\/span><\/li>\n<li><span style=\"font-family: arial, helvetica, sans-serif;\"><strong><b> Im\u00e1genes de alta resoluci\u00f3n<\/b><\/strong> est\u00e1n disponibles para comercializaci\u00f3n<strong><b>.<\/b><\/strong><\/span><\/li>\n<li><span style=\"font-family: arial, helvetica, sans-serif;\"><strong><b> Peque\u00f1o lote <\/b><\/strong>Servicios de prototipo y personalizaci\u00f3n est\u00e1n disponibles bajo petici\u00f3n<strong><b>.<\/b><\/strong><\/span><\/li>\n<\/ul>\n<p>&nbsp;<\/p>\n<h3><span style=\"font-family: arial, helvetica, sans-serif;\">Especificaciones:<\/span><\/h3>\n<p><img fetchpriority=\"high\" decoding=\"async\" class=\"alignleft size-full wp-image-5256\" src=\"https:\/\/www.susoneyewear.com\/wp-content\/uploads\/2026\/01\/K8202\u5c3a\u5bf8\u56fe.png\" alt=\"\" width=\"800\" height=\"800\" srcset=\"https:\/\/www.susoneyewear.com\/wp-content\/uploads\/2026\/01\/K8202\u5c3a\u5bf8\u56fe.png 800w, https:\/\/www.susoneyewear.com\/wp-content\/uploads\/2026\/01\/K8202\u5c3a\u5bf8\u56fe-300x300.png 300w, https:\/\/www.susoneyewear.com\/wp-content\/uploads\/2026\/01\/K8202\u5c3a\u5bf8\u56fe-150x150.png 150w, https:\/\/www.susoneyewear.com\/wp-content\/uploads\/2026\/01\/K8202\u5c3a\u5bf8\u56fe-768x768.png 768w, https:\/\/www.susoneyewear.com\/wp-content\/uploads\/2026\/01\/K8202\u5c3a\u5bf8\u56fe-600x600.png 600w, https:\/\/www.susoneyewear.com\/wp-content\/uploads\/2026\/01\/K8202\u5c3a\u5bf8\u56fe-100x100.png 100w, https:\/\/www.susoneyewear.com\/wp-content\/uploads\/2026\/01\/K8202\u5c3a\u5bf8\u56fe-50x50.png 50w\" sizes=\"(max-width: 800px) 100vw, 800px\" \/><\/p>\n<table style=\"border-collapse: collapse; width: 59.9117%; height: 233px;\">\n<tbody>\n<tr style=\"height: 17px;\">\n<td style=\"width: 15.6556%; height: 17px;\">N\u00famero de modelo:<\/td>\n<td style=\"width: 52.8247%; height: 17px;\">K02<\/td>\n<\/tr>\n<tr style=\"height: 24px;\">\n<td style=\"width: 15.6556%; height: 24px;\">Material del marco:<\/td>\n<td style=\"width: 52.8247%; height: 24px;\">TR90<\/td>\n<\/tr>\n<tr style=\"height: 24px;\">\n<td style=\"width: 15.6556%; height: 24px;\">Material del templo:<\/td>\n<td style=\"width: 52.8247%; height: 24px;\">TR90<\/td>\n<\/tr>\n<tr style=\"height: 24px;\">\n<td style=\"width: 15.6556%; height: 24px;\">Material de la lente:<\/td>\n<td style=\"width: 52.8247%; height: 24px;\">2.0 PC<\/td>\n<\/tr>\n<tr style=\"height: 24px;\">\n<td style=\"width: 15.6556%; height: 24px;\">Caracter\u00edsticas de la lente:<\/td>\n<td style=\"width: 52.8247%; height: 24px;\">Anti-luz azul \/ proteger los ojos<\/td>\n<\/tr>\n<tr style=\"height: 24px;\">\n<td style=\"width: 15.6556%; height: 24px;\">El color:<\/td>\n<td style=\"width: 52.8247%; height: 24px;\">Listo 4 colores o personalizado<\/td>\n<\/tr>\n<tr style=\"height: 24px;\">\n<td style=\"width: 15.6556%; height: 24px;\">Logotipo:<\/td>\n<td style=\"width: 52.8247%; height: 24px;\">Sin logotipo, soporte personalizado<\/td>\n<\/tr>\n<tr style=\"height: 24px;\">\n<td style=\"width: 15.6556%; height: 24px;\">Paquete:<\/td>\n<td style=\"width: 52.8247%; height: 24px;\">Com\u00fan 1pcs \/ polybag, soporte personalizado<\/td>\n<\/tr>\n<tr style=\"height: 24px;\">\n<td style=\"width: 15.6556%; height: 24px;\">MOQ:<\/td>\n<td style=\"width: 52.8247%; height: 24px;\">2pcs para el stock, Logotipo personalizado de stock listo: 50pcs; OEM \/ ODM: 500 piezas<\/td>\n<\/tr>\n<tr style=\"height: 24px;\">\n<td style=\"width: 15.6556%; height: 24px;\">Certificaciones<\/td>\n<td style=\"width: 52.8247%; height: 24px;\">CE \/ FDA \/ UKCA \/ ISO9001<\/td>\n<\/tr>\n<\/tbody>\n<\/table>\n<p><strong><b>\u00a0<\/b><\/strong><\/p>\n<h3><span style=\"font-family: arial, helvetica, sans-serif;\">OEM\/ODM &amp; Servicios personalizados:<\/span><\/h3>\n<p><img decoding=\"async\" class=\"alignnone wp-image-5247\" src=\"https:\/\/www.susoneyewear.com\/wp-content\/uploads\/2026\/01\/1-1024x314.png\" alt=\"gafas de dise\u00f1o personalizadas\" width=\"836\" height=\"256\" srcset=\"https:\/\/www.susoneyewear.com\/wp-content\/uploads\/2026\/01\/1-1024x314.png 1024w, https:\/\/www.susoneyewear.com\/wp-content\/uploads\/2026\/01\/1-300x92.png 300w, https:\/\/www.susoneyewear.com\/wp-content\/uploads\/2026\/01\/1-768x236.png 768w, https:\/\/www.susoneyewear.com\/wp-content\/uploads\/2026\/01\/1-1536x471.png 1536w, https:\/\/www.susoneyewear.com\/wp-content\/uploads\/2026\/01\/1-600x184.png 600w, https:\/\/www.susoneyewear.com\/wp-content\/uploads\/2026\/01\/1.png 1575w\" sizes=\"(max-width: 836px) 100vw, 836px\" \/><\/p>\n<p><strong>Control de calidad<\/strong>: 100% QC<br \/>\n<strong>Logotipo:<\/strong> Personaliza tu marca y Logo( env\u00eda un mensaje para aprender c\u00f3mo agregar tu logo)<br \/>\n<strong>Env\u00edo: <\/strong>Entregue al destino seg\u00fan el cliente&#8217; requisitos, incluyendo opciones a\u00e9reas, mar\u00edtimas y de tren.<\/p>\n<p><img decoding=\"async\" class=\"wp-image-5248 alignnone\" src=\"https:\/\/www.susoneyewear.com\/wp-content\/uploads\/2026\/01\/shipping.png\" alt=\"env\u00edo a su destino seguridad\" width=\"800\" height=\"629\" srcset=\"https:\/\/www.susoneyewear.com\/wp-content\/uploads\/2026\/01\/shipping.png 904w, https:\/\/www.susoneyewear.com\/wp-content\/uploads\/2026\/01\/shipping-300x236.png 300w, https:\/\/www.susoneyewear.com\/wp-content\/uploads\/2026\/01\/shipping-768x604.png 768w, https:\/\/www.susoneyewear.com\/wp-content\/uploads\/2026\/01\/shipping-600x472.png 600w\" sizes=\"(max-width: 800px) 100vw, 800px\" \/><\/p>\n<h3><span style=\"font-family: arial, helvetica, sans-serif;\">Fuerza de la f\u00e1brica:<\/span><\/h3>\n<p>1. Tenemos nuestra propia f\u00e1brica de molde, lo que nos permite producir eficientemente y r\u00e1pidamente <strong>moldes de alta calidad<\/strong> y muestras de preproducci\u00f3n.<br \/>\n2. Nuestras l\u00edneas de producci\u00f3n incluyen<strong> moldeo por inyecci\u00f3n, moldeo por inyecci\u00f3n doble, acetato y titanio,<\/strong> apoyar la producci\u00f3n de gafas hechas de diversos materiales.<br \/>\n3. Ofrecemos servicios de dise\u00f1o y fabricaci\u00f3n personalizados para numerosas marcas internacionales, garantizando <strong>calidad y entrega oportuna<\/strong>.<br \/>\n4. Tenemos un estricto sistema de gesti\u00f3n de calidad y tenemos varias certificaciones, incluyendo <strong>CE, FDA, UKCA y ISO9001<\/strong>.<br \/>\n5. Si usted es un cliente peque\u00f1o o mediano o un cliente grande y experimentado, tenemos los recursos para proporcionarle <strong>productos y servicios rentables<\/strong>.<\/p>","protected":false},"excerpt":{"rendered":"<ul>\n<li><span style=\"font-family: arial, helvetica, sans-serif;\">MOQ: Logotipo personalizado de stock listo: 50pcs; OEM \/ ODM: 500 piezas<\/span><\/li>\n<li><span style=\"font-family: arial, helvetica, sans-serif;\">Los servicios de personalizaci\u00f3n incluyen dise\u00f1o de logotipos, empaquetado, selecci\u00f3n de colores y creaci\u00f3n de moldes.<\/span><\/li>\n<li><span style=\"font-family: arial, helvetica, sans-serif;\">Plazo de ejecuci\u00f3n de la muestra: stock listo a\u00f1adir logotipo: Acerca de 7 d\u00edas; Nueva producci\u00f3n: aproximadamente 35days<\/span><\/li>\n<li><span style=\"font-family: arial, helvetica, sans-serif;\">Material: Acetato \/ TR90 \/ Metal (ajustable seg\u00fan los requisitos.)<\/span><\/li>\n<li><span style=\"font-family: arial, helvetica, sans-serif;\">Certificaciones: CE \/ FDA \/ UKCA \/ ISO9001<\/span><\/li>\n<\/ul>","protected":false},"featured_media":5257,"comment_status":"closed","ping_status":"closed","template":"","meta":[],"product_brand":[],"product_cat":[72,86,80,87,20,55,89,74,78,56,70,96,79,66,57,58],"product_tag":[115],"class_list":{"0":"post-5255","1":"product","2":"type-product","3":"status-publish","4":"has-post-thumbnail","6":"product_cat-age","7":"product_cat-anti-blue-light","8":"product_cat-blue-light-blocking","9":"product_cat-demo","10":"product_cat-frame","11":"product_cat-gender","12":"product_cat-injection-frame","13":"product_cat-kids","14":"product_cat-lens","15":"product_cat-men","16":"product_cat-optical-frames","17":"product_cat-round","18":"product_cat-shape","19":"product_cat-types","20":"product_cat-unisex","21":"product_cat-women","22":"product_tag-115","24":"first","25":"instock","26":"shipping-taxable","27":"purchasable","28":"product-type-simple"},"_links":{"self":[{"href":"https:\/\/www.susoneyewear.com\/es\/wp-json\/wp\/v2\/product\/5255","targetHints":{"allow":["GET"]}}],"collection":[{"href":"https:\/\/www.susoneyewear.com\/es\/wp-json\/wp\/v2\/product"}],"about":[{"href":"https:\/\/www.susoneyewear.com\/es\/wp-json\/wp\/v2\/types\/product"}],"replies":[{"embeddable":true,"href":"https:\/\/www.susoneyewear.com\/es\/wp-json\/wp\/v2\/comments?post=5255"}],"wp:featuredmedia":[{"embeddable":true,"href":"https:\/\/www.susoneyewear.com\/es\/wp-json\/wp\/v2\/media\/5257"}],"wp:attachment":[{"href":"https:\/\/www.susoneyewear.com\/es\/wp-json\/wp\/v2\/media?parent=5255"}],"wp:term":[{"taxonomy":"product_brand","embeddable":true,"href":"https:\/\/www.susoneyewear.com\/es\/wp-json\/wp\/v2\/product_brand?post=5255"},{"taxonomy":"product_cat","embeddable":true,"href":"https:\/\/www.susoneyewear.com\/es\/wp-json\/wp\/v2\/product_cat?post=5255"},{"taxonomy":"product_tag","embeddable":true,"href":"https:\/\/www.susoneyewear.com\/es\/wp-json\/wp\/v2\/product_tag?post=5255"}],"curies":[{"name":"wp","href":"https:\/\/api.w.org\/{rel}","templated":true}]}}