{"id":5225,"date":"2026-01-25T13:26:53","date_gmt":"2026-01-25T05:26:53","guid":{"rendered":"https:\/\/www.susoneyewear.com\/?post_type=product&#038;p=5225"},"modified":"2026-01-29T14:35:07","modified_gmt":"2026-01-29T06:35:07","slug":"hot-selling-matched-with-myopia-double-frame-polarized-sports-glassecycling-sports-sun-protection-sunglasses-%e5%a4%8d%e5%88%b6","status":"publish","type":"product","link":"https:\/\/www.susoneyewear.com\/es\/hot-selling-matched-with-myopia-double-frame-polarized-sports-glassecycling-sports-sun-protection-sunglasses-%e5%a4%8d%e5%88%b6\/","title":{"rendered":"Gafas de sol de acetato unisex rect\u00e1ngulo"},"content":{"rendered":"<p>1. Material de acetato de alta calidad: c\u00f3modo de usar, y no f\u00e1cil de deformar.<\/p>\n<p>Lentes polarizadas 2.TAC: Reduzcan efectivamente el deslumbramiento y mejoren el contraste visual.<\/p>\n<p>Protecci\u00f3n UV400 completa: Bloquea el 100% de los rayos ultravioletas para proteger la salud ocular.<\/p>\n<p>3. Cuatro opciones de color: Cumplir con diferentes necesidades de estilo y son adecuados tanto para hombres como para mujeres<\/p>\n<p>5. Servicio de personalizaci\u00f3n disponible: La impresi\u00f3n del logotipo es compatible, y la cooperaci\u00f3n OEM \/ ODM est\u00e1 disponible.<\/p>\n<p><img fetchpriority=\"high\" decoding=\"async\" class=\"alignleft wp-image-5227\" src=\"https:\/\/www.susoneyewear.com\/wp-content\/uploads\/2026\/01\/14.jpg\" alt=\"\" width=\"661\" height=\"661\" srcset=\"https:\/\/www.susoneyewear.com\/wp-content\/uploads\/2026\/01\/14.jpg 800w, https:\/\/www.susoneyewear.com\/wp-content\/uploads\/2026\/01\/14-300x300.jpg 300w, https:\/\/www.susoneyewear.com\/wp-content\/uploads\/2026\/01\/14-150x150.jpg 150w, https:\/\/www.susoneyewear.com\/wp-content\/uploads\/2026\/01\/14-768x768.jpg 768w, https:\/\/www.susoneyewear.com\/wp-content\/uploads\/2026\/01\/14-600x600.jpg 600w, https:\/\/www.susoneyewear.com\/wp-content\/uploads\/2026\/01\/14-100x100.jpg 100w, https:\/\/www.susoneyewear.com\/wp-content\/uploads\/2026\/01\/14-50x50.jpg 50w\" sizes=\"(max-width: 661px) 100vw, 661px\" \/><\/p>\n<p>&nbsp;<\/p>\n<table style=\"width: 64.0346%; height: 240px;\">\n<tbody>\n<tr style=\"height: 24px;\">\n<td style=\"width: 49.5392%; height: 24px;\" width=\"426\">Producto:<\/td>\n<td style=\"width: 49.5392%; height: 24px;\" width=\"426\">Gafas de sol de acetato<\/td>\n<\/tr>\n<tr style=\"height: 24px;\">\n<td style=\"width: 49.5392%; height: 24px;\" width=\"426\">Material del marco:<\/td>\n<td style=\"width: 49.5392%; height: 24px;\" width=\"426\">acetato<\/td>\n<\/tr>\n<tr style=\"height: 24px;\">\n<td style=\"width: 49.5392%; height: 24px;\" width=\"426\">Material del templo:<\/td>\n<td style=\"width: 49.5392%; height: 24px;\" width=\"426\">acetato<\/td>\n<\/tr>\n<tr style=\"height: 24px;\">\n<td style=\"width: 49.5392%; height: 24px;\" width=\"426\">Material de la lente:<\/td>\n<td style=\"width: 49.5392%; height: 24px;\" width=\"426\">TAC polarizado<\/td>\n<\/tr>\n<tr style=\"height: 24px;\">\n<td style=\"width: 49.5392%; height: 24px;\" width=\"426\">Ancho del marco:<\/td>\n<td style=\"width: 49.5392%; height: 24px;\" width=\"426\">53 mm<\/td>\n<\/tr>\n<tr style=\"height: 24px;\">\n<td style=\"width: 49.5392%; height: 24px;\" width=\"426\">Ancho del puente:<\/td>\n<td style=\"width: 49.5392%; height: 24px;\" width=\"426\">21 mm<\/td>\n<\/tr>\n<tr style=\"height: 24px;\">\n<td style=\"width: 49.5392%; height: 24px;\" width=\"426\">Longitud del templo:<\/td>\n<td style=\"width: 49.5392%; height: 24px;\" width=\"426\">147mm<\/td>\n<\/tr>\n<tr style=\"height: 24px;\">\n<td style=\"width: 49.5392%; height: 24px;\" width=\"426\">Paquete:<\/td>\n<td style=\"width: 49.5392%; height: 24px;\" width=\"426\">10pcs comunes en una caja, soporte personalizado<\/td>\n<\/tr>\n<tr style=\"height: 24px;\">\n<td style=\"width: 49.5392%; height: 24px;\" width=\"426\">G\u00e9nero aplicable:<\/td>\n<td style=\"width: 49.5392%; height: 24px;\" width=\"426\">Unisex<\/td>\n<\/tr>\n<tr style=\"height: 24px;\">\n<td style=\"width: 49.5392%; height: 24px;\" width=\"426\">Opciones de color:<\/td>\n<td style=\"width: 49.5392%; height: 24px;\" width=\"426\">4 colores disponibles, personalizaci\u00f3n de apoyo<\/td>\n<\/tr>\n<\/tbody>\n<\/table>\n<p>&nbsp;<\/p>\n<p><span style=\"font-size: 18pt;\"><strong>Opciones de personalizaci\u00f3n<\/strong><\/span><\/p>\n<p>Impresi\u00f3n de logotipo (Cantidad m\u00ednima de orden: 20 pares)<\/p>\n<p>Personalizaci\u00f3n del embalaje<\/p>\n<p>Cooperaci\u00f3n OEM\/ODM (Cantidad m\u00ednima de orden: 600 pares)<\/p>\n<p>Personalizaci\u00f3n del color y la funci\u00f3n de la lente<\/p>\n<p><img decoding=\"async\" class=\"alignnone wp-image-5384\" src=\"https:\/\/www.susoneyewear.com\/wp-content\/uploads\/2026\/01\/OEM-ODM-SERVICE-.jpg\" alt=\"OEM &amp; ODM f\u00e1brica de gafas\" width=\"800\" height=\"1200\" srcset=\"https:\/\/www.susoneyewear.com\/wp-content\/uploads\/2026\/01\/OEM-ODM-SERVICE-.jpg 1200w, https:\/\/www.susoneyewear.com\/wp-content\/uploads\/2026\/01\/OEM-ODM-SERVICE--200x300.jpg 200w, https:\/\/www.susoneyewear.com\/wp-content\/uploads\/2026\/01\/OEM-ODM-SERVICE--683x1024.jpg 683w, https:\/\/www.susoneyewear.com\/wp-content\/uploads\/2026\/01\/OEM-ODM-SERVICE--768x1152.jpg 768w, https:\/\/www.susoneyewear.com\/wp-content\/uploads\/2026\/01\/OEM-ODM-SERVICE--1024x1536.jpg 1024w, https:\/\/www.susoneyewear.com\/wp-content\/uploads\/2026\/01\/OEM-ODM-SERVICE--600x900.jpg 600w\" sizes=\"(max-width: 800px) 100vw, 800px\" \/><\/p>\n<p><span style=\"font-size: 18pt;\"><strong>Escenarios de aplicaci\u00f3n:<\/strong><\/span><\/p>\n<p>La moda y las actividades al aire libre protegen los ojos.<\/p>\n<p>&nbsp;<\/p>\n<p><span style=\"font-size: 18pt;\"><strong>Preguntas frecuentes:<\/strong><\/span><\/p>\n<p>Q1: \u00bfEste par de gafas es adecuado para las personas que necesitan correcci\u00f3n de miop\u00eda?<\/p>\n<p>R: Soporta la coincidencia con un marco interior. Para detalles espec\u00edficos, consulte el servicio al cliente para una soluci\u00f3n personalizada.<\/p>\n<p>Q2: \u00bfSon las lentes resistentes a los ara\u00f1azos?<\/p>\n<p>R: Las lentes TAC tienen un cierto nivel de resistencia a los ara\u00f1azos. Se recomienda guardarlos en una caja de gafas.<\/p>\n<p>Q3: \u00bfEst\u00e1 disponible la personalizaci\u00f3n de la receta?<\/p>\n<p>R: Este modelo es un par de gafas polarizadas sin receta. Si necesita lentes de receta, seleccione el servicio de personalizaci\u00f3n.<\/p>\n<p>&nbsp;<\/p>\n<p><strong><span style=\"font-size: 18pt;\">Env\u00edo:<\/span><\/strong><\/p>\n<p>Entregue al destino seg\u00fan el cliente&#8217; Requisitos S<\/p>\n<p><img decoding=\"async\" class=\"alignleft size-full wp-image-5248\" src=\"https:\/\/www.susoneyewear.com\/wp-content\/uploads\/2026\/01\/shipping.png\" alt=\"env\u00edo a su destino seguridad\" width=\"904\" height=\"711\" srcset=\"https:\/\/www.susoneyewear.com\/wp-content\/uploads\/2026\/01\/shipping.png 904w, https:\/\/www.susoneyewear.com\/wp-content\/uploads\/2026\/01\/shipping-300x236.png 300w, https:\/\/www.susoneyewear.com\/wp-content\/uploads\/2026\/01\/shipping-768x604.png 768w, https:\/\/www.susoneyewear.com\/wp-content\/uploads\/2026\/01\/shipping-600x472.png 600w\" sizes=\"(max-width: 904px) 100vw, 904px\" \/><\/p>","protected":false},"excerpt":{"rendered":"<p>MOQ: 2 piezas; Logotipo personalizado de stock listo: 50pcs; OEM \/ ODM: 500 piezas<\/p>\n<p>Servicios de personalizaci\u00f3n: logotipo, embalaje, color y moldes.<\/p>\n<p>Plazo de ejecuci\u00f3n de la muestra: stock listo a\u00f1adir logotipo: Acerca de 7 d\u00edas; producci\u00f3n: 35 d\u00edas<\/p>\n<p>Material del marco: Acetato \/ TR90 \/ Metal (ajustable seg\u00fan los requisitos.)<\/p>\n<p>Certificaciones: CE \/ FDA \/ UKCA \/ ISO9001<\/p>\n<p>Soporta la personalizaci\u00f3n del cliente<\/p>","protected":false},"featured_media":5231,"comment_status":"closed","ping_status":"closed","template":"","meta":[],"product_brand":[],"product_cat":[88,73,72,77,20,55,78,56,97,79,67,66,57,84,58],"product_tag":[],"class_list":{"0":"post-5225","1":"product","2":"type-product","3":"status-publish","4":"has-post-thumbnail","6":"product_cat-acetate-frame","7":"product_cat-adult","8":"product_cat-age","9":"product_cat-elderly","10":"product_cat-frame","11":"product_cat-gender","12":"product_cat-lens","13":"product_cat-men","14":"product_cat-rectangle","15":"product_cat-shape","16":"product_cat-sunglasses","17":"product_cat-types","18":"product_cat-unisex","19":"product_cat-uv400","20":"product_cat-women","22":"first","23":"instock","24":"shipping-taxable","25":"purchasable","26":"product-type-simple"},"_links":{"self":[{"href":"https:\/\/www.susoneyewear.com\/es\/wp-json\/wp\/v2\/product\/5225","targetHints":{"allow":["GET"]}}],"collection":[{"href":"https:\/\/www.susoneyewear.com\/es\/wp-json\/wp\/v2\/product"}],"about":[{"href":"https:\/\/www.susoneyewear.com\/es\/wp-json\/wp\/v2\/types\/product"}],"replies":[{"embeddable":true,"href":"https:\/\/www.susoneyewear.com\/es\/wp-json\/wp\/v2\/comments?post=5225"}],"wp:featuredmedia":[{"embeddable":true,"href":"https:\/\/www.susoneyewear.com\/es\/wp-json\/wp\/v2\/media\/5231"}],"wp:attachment":[{"href":"https:\/\/www.susoneyewear.com\/es\/wp-json\/wp\/v2\/media?parent=5225"}],"wp:term":[{"taxonomy":"product_brand","embeddable":true,"href":"https:\/\/www.susoneyewear.com\/es\/wp-json\/wp\/v2\/product_brand?post=5225"},{"taxonomy":"product_cat","embeddable":true,"href":"https:\/\/www.susoneyewear.com\/es\/wp-json\/wp\/v2\/product_cat?post=5225"},{"taxonomy":"product_tag","embeddable":true,"href":"https:\/\/www.susoneyewear.com\/es\/wp-json\/wp\/v2\/product_tag?post=5225"}],"curies":[{"name":"wp","href":"https:\/\/api.w.org\/{rel}","templated":true}]}}