{"id":5187,"date":"2026-01-15T15:26:35","date_gmt":"2026-01-15T07:26:35","guid":{"rendered":"https:\/\/www.susoneyewear.com\/?post_type=product&#038;p=5187"},"modified":"2026-01-15T15:35:23","modified_gmt":"2026-01-15T07:35:23","slug":"ai-smart-camera-music-call-photo-video-recording-optical-frame-e03","status":"publish","type":"product","link":"https:\/\/www.susoneyewear.com\/es\/ai-smart-camera-music-call-photo-video-recording-optical-frame-e03\/","title":{"rendered":"Ai Smart Camera M\u00fasica Llamada Foto &#038; Marco \u00f3ptico de grabaci\u00f3n de v\u00eddeo E03"},"content":{"rendered":"<table>\n<tbody>\n<tr>\n<td width=\"231\">Memoria<\/td>\n<td width=\"312\">32GB<\/td>\n<\/tr>\n<tr>\n<td width=\"231\">C\u00e1mara<\/td>\n<td width=\"312\">800W<\/td>\n<\/tr>\n<tr>\n<td width=\"231\">V\u00eddeo<\/td>\n<td width=\"312\">1080P 30 fotogramas<\/td>\n<\/tr>\n<tr>\n<td width=\"231\">Micr\u00f3fono.<\/td>\n<td width=\"312\">Micr\u00f3fono de silicio doble. reducci\u00f3n de ruido<\/td>\n<\/tr>\n<tr>\n<td width=\"231\">Botones<\/td>\n<td width=\"312\">2 botones<\/td>\n<\/tr>\n<tr>\n<td width=\"231\">Botones t\u00e1ctiles<\/td>\n<td width=\"312\">Desliza el toque en el templo derecho<\/td>\n<\/tr>\n<tr>\n<td width=\"231\">orador<\/td>\n<td width=\"312\">Altavoces HIFI dobles<\/td>\n<\/tr>\n<tr>\n<td width=\"231\">Capacidad de la bater\u00eda<\/td>\n<td width=\"312\">230mAh, soporta carga r\u00e1pida 3C<\/td>\n<\/tr>\n<tr>\n<td width=\"231\">Foto\/V\u00eddeo<\/td>\n<td width=\"312\">soporte de transmisi\u00f3n Wi-Fi<\/td>\n<\/tr>\n<tr>\n<td width=\"231\">Detecci\u00f3n de desgaste<\/td>\n<td width=\"312\">Soporte<\/td>\n<\/tr>\n<tr>\n<td width=\"231\">Antiagitaci\u00f3n<\/td>\n<td width=\"312\">Algoritmo anti-agitaci\u00f3n de software<\/td>\n<\/tr>\n<tr>\n<td width=\"231\">Puerto de carga<\/td>\n<td width=\"312\">Carga r\u00e1pida magn\u00e9tica de 2 pines<\/td>\n<\/tr>\n<tr>\n<td width=\"231\">\u00a0Estado LED<\/td>\n<td width=\"312\">Luz indicadora de la c\u00e1mara<\/td>\n<\/tr>\n<tr>\n<td width=\"231\">Material para marco de gafas<\/td>\n<td width=\"312\">TR90<\/td>\n<\/tr>\n<tr>\n<td width=\"231\">Material de bisagra del templo<\/td>\n<td width=\"312\">Acero inoxidable<\/td>\n<\/tr>\n<tr>\n<td width=\"231\">Corriente de carga<\/td>\n<td width=\"312\">300mA con gesti\u00f3n de trayectoria<\/td>\n<\/tr>\n<tr>\n<td width=\"231\">Tiempo de carga<\/td>\n<td width=\"312\">70 minutos<\/td>\n<\/tr>\n<tr>\n<td width=\"231\">Tiempo m\u00e1ximo de v\u00eddeo<br \/>\n(ronda \u00fanica)<\/td>\n<td width=\"312\">12 minutos<\/td>\n<\/tr>\n<tr>\n<td width=\"231\">Tiempo de grabaci\u00f3n de v\u00eddeo continuo<\/td>\n<td width=\"312\">Hasta 3 horas<\/td>\n<\/tr>\n<tr>\n<td width=\"231\">Tiempo de espera<\/td>\n<td width=\"312\">\u00a0Hasta 120 horas<\/td>\n<\/tr>\n<tr>\n<td width=\"231\">Tiempo de m\u00fasica<\/td>\n<td width=\"312\">Hasta 8 horas<\/td>\n<\/tr>\n<tr>\n<td width=\"231\">modelo de idioma grande) - Mercado de Ultramar<\/td>\n<td width=\"312\">ChatGPT DeepSeek<\/td>\n<\/tr>\n<tr>\n<td width=\"231\">Accesorios<\/td>\n<td width=\"312\">Estuche plegable, pa\u00f1o de limpieza, lentes anti-luz azul (1 par), lentes negras protegidas contra los rayos UV (1 par), cable de carga, manual de uso<\/td>\n<\/tr>\n<\/tbody>\n<\/table>\n<p>&nbsp;<\/p>\n<p><img fetchpriority=\"high\" decoding=\"async\" class=\"alignleft wp-image-5189 size-full\" src=\"https:\/\/www.susoneyewear.com\/wp-content\/uploads\/2026\/01\/Large-size-version.png\" alt=\"\" width=\"800\" height=\"800\" srcset=\"https:\/\/www.susoneyewear.com\/wp-content\/uploads\/2026\/01\/Large-size-version.png 800w, https:\/\/www.susoneyewear.com\/wp-content\/uploads\/2026\/01\/Large-size-version-300x300.png 300w, https:\/\/www.susoneyewear.com\/wp-content\/uploads\/2026\/01\/Large-size-version-150x150.png 150w, https:\/\/www.susoneyewear.com\/wp-content\/uploads\/2026\/01\/Large-size-version-768x768.png 768w, https:\/\/www.susoneyewear.com\/wp-content\/uploads\/2026\/01\/Large-size-version-600x600.png 600w, https:\/\/www.susoneyewear.com\/wp-content\/uploads\/2026\/01\/Large-size-version-100x100.png 100w, https:\/\/www.susoneyewear.com\/wp-content\/uploads\/2026\/01\/Large-size-version-50x50.png 50w\" sizes=\"(max-width: 800px) 100vw, 800px\" \/> <img decoding=\"async\" class=\"alignleft size-full wp-image-5190\" src=\"https:\/\/www.susoneyewear.com\/wp-content\/uploads\/2026\/01\/Standard-version.png\" alt=\"\" width=\"800\" height=\"800\" srcset=\"https:\/\/www.susoneyewear.com\/wp-content\/uploads\/2026\/01\/Standard-version.png 800w, https:\/\/www.susoneyewear.com\/wp-content\/uploads\/2026\/01\/Standard-version-300x300.png 300w, https:\/\/www.susoneyewear.com\/wp-content\/uploads\/2026\/01\/Standard-version-150x150.png 150w, https:\/\/www.susoneyewear.com\/wp-content\/uploads\/2026\/01\/Standard-version-768x768.png 768w, https:\/\/www.susoneyewear.com\/wp-content\/uploads\/2026\/01\/Standard-version-600x600.png 600w, https:\/\/www.susoneyewear.com\/wp-content\/uploads\/2026\/01\/Standard-version-100x100.png 100w, https:\/\/www.susoneyewear.com\/wp-content\/uploads\/2026\/01\/Standard-version-50x50.png 50w\" sizes=\"(max-width: 800px) 100vw, 800px\" \/><\/p>\n<p><img decoding=\"async\" class=\"alignnone wp-image-4099 size-full\" src=\"https:\/\/www.susoneyewear.com\/wp-content\/uploads\/2025\/10\/smart-glasses-E03-d01.jpg\" alt=\"\" width=\"930\" height=\"1428\" srcset=\"https:\/\/www.susoneyewear.com\/wp-content\/uploads\/2025\/10\/smart-glasses-E03-d01.jpg 930w, https:\/\/www.susoneyewear.com\/wp-content\/uploads\/2025\/10\/smart-glasses-E03-d01-195x300.jpg 195w, https:\/\/www.susoneyewear.com\/wp-content\/uploads\/2025\/10\/smart-glasses-E03-d01-667x1024.jpg 667w, https:\/\/www.susoneyewear.com\/wp-content\/uploads\/2025\/10\/smart-glasses-E03-d01-768x1179.jpg 768w, https:\/\/www.susoneyewear.com\/wp-content\/uploads\/2025\/10\/smart-glasses-E03-d01-600x921.jpg 600w\" sizes=\"(max-width: 930px) 100vw, 930px\" \/> <img loading=\"lazy\" decoding=\"async\" class=\"alignnone wp-image-4100 size-full\" src=\"https:\/\/www.susoneyewear.com\/wp-content\/uploads\/2025\/10\/smart-glasses-E03-d02.jpg\" alt=\"\" width=\"930\" height=\"1640\" srcset=\"https:\/\/www.susoneyewear.com\/wp-content\/uploads\/2025\/10\/smart-glasses-E03-d02.jpg 930w, https:\/\/www.susoneyewear.com\/wp-content\/uploads\/2025\/10\/smart-glasses-E03-d02-170x300.jpg 170w, https:\/\/www.susoneyewear.com\/wp-content\/uploads\/2025\/10\/smart-glasses-E03-d02-581x1024.jpg 581w, https:\/\/www.susoneyewear.com\/wp-content\/uploads\/2025\/10\/smart-glasses-E03-d02-768x1354.jpg 768w, https:\/\/www.susoneyewear.com\/wp-content\/uploads\/2025\/10\/smart-glasses-E03-d02-871x1536.jpg 871w, https:\/\/www.susoneyewear.com\/wp-content\/uploads\/2025\/10\/smart-glasses-E03-d02-600x1058.jpg 600w\" sizes=\"(max-width: 930px) 100vw, 930px\" \/> <img loading=\"lazy\" decoding=\"async\" class=\"alignnone wp-image-4101 size-full\" src=\"https:\/\/www.susoneyewear.com\/wp-content\/uploads\/2025\/10\/smart-glasses-E03-d03.jpg\" alt=\"\" width=\"930\" height=\"1201\" srcset=\"https:\/\/www.susoneyewear.com\/wp-content\/uploads\/2025\/10\/smart-glasses-E03-d03.jpg 930w, https:\/\/www.susoneyewear.com\/wp-content\/uploads\/2025\/10\/smart-glasses-E03-d03-232x300.jpg 232w, https:\/\/www.susoneyewear.com\/wp-content\/uploads\/2025\/10\/smart-glasses-E03-d03-793x1024.jpg 793w, https:\/\/www.susoneyewear.com\/wp-content\/uploads\/2025\/10\/smart-glasses-E03-d03-768x992.jpg 768w, https:\/\/www.susoneyewear.com\/wp-content\/uploads\/2025\/10\/smart-glasses-E03-d03-600x775.jpg 600w\" sizes=\"(max-width: 930px) 100vw, 930px\" \/> <img loading=\"lazy\" decoding=\"async\" class=\"alignnone wp-image-4102 size-full\" src=\"https:\/\/www.susoneyewear.com\/wp-content\/uploads\/2025\/10\/smart-glasses-E03-d04.jpg\" alt=\"\" width=\"930\" height=\"1732\" srcset=\"https:\/\/www.susoneyewear.com\/wp-content\/uploads\/2025\/10\/smart-glasses-E03-d04.jpg 930w, https:\/\/www.susoneyewear.com\/wp-content\/uploads\/2025\/10\/smart-glasses-E03-d04-161x300.jpg 161w, https:\/\/www.susoneyewear.com\/wp-content\/uploads\/2025\/10\/smart-glasses-E03-d04-550x1024.jpg 550w, https:\/\/www.susoneyewear.com\/wp-content\/uploads\/2025\/10\/smart-glasses-E03-d04-768x1430.jpg 768w, https:\/\/www.susoneyewear.com\/wp-content\/uploads\/2025\/10\/smart-glasses-E03-d04-825x1536.jpg 825w, https:\/\/www.susoneyewear.com\/wp-content\/uploads\/2025\/10\/smart-glasses-E03-d04-600x1117.jpg 600w\" sizes=\"(max-width: 930px) 100vw, 930px\" \/> <img loading=\"lazy\" decoding=\"async\" class=\"alignnone wp-image-4103 size-full\" src=\"https:\/\/www.susoneyewear.com\/wp-content\/uploads\/2025\/10\/smart-glasses-E03-d05.jpg\" alt=\"\" width=\"930\" height=\"1586\" srcset=\"https:\/\/www.susoneyewear.com\/wp-content\/uploads\/2025\/10\/smart-glasses-E03-d05.jpg 930w, https:\/\/www.susoneyewear.com\/wp-content\/uploads\/2025\/10\/smart-glasses-E03-d05-176x300.jpg 176w, https:\/\/www.susoneyewear.com\/wp-content\/uploads\/2025\/10\/smart-glasses-E03-d05-600x1023.jpg 600w, https:\/\/www.susoneyewear.com\/wp-content\/uploads\/2025\/10\/smart-glasses-E03-d05-768x1310.jpg 768w, https:\/\/www.susoneyewear.com\/wp-content\/uploads\/2025\/10\/smart-glasses-E03-d05-901x1536.jpg 901w\" sizes=\"(max-width: 930px) 100vw, 930px\" \/><\/p>","protected":false},"excerpt":{"rendered":"<p>Memoria: 32GB<br \/>\nC\u00e1mara: 800W<br \/>\nV\u00eddeo: 1080P 30 fotogramas<\/p>","protected":false},"featured_media":5188,"comment_status":"closed","ping_status":"closed","template":"","meta":[],"product_brand":[],"product_cat":[73,72,87,77,20,55,89,78,56,70,97,79,69,66,57,58],"product_tag":[],"class_list":{"0":"post-5187","1":"product","2":"type-product","3":"status-publish","4":"has-post-thumbnail","6":"product_cat-adult","7":"product_cat-age","8":"product_cat-demo","9":"product_cat-elderly","10":"product_cat-frame","11":"product_cat-gender","12":"product_cat-injection-frame","13":"product_cat-lens","14":"product_cat-men","15":"product_cat-optical-frames","16":"product_cat-rectangle","17":"product_cat-shape","18":"product_cat-smart-glasses","19":"product_cat-types","20":"product_cat-unisex","21":"product_cat-women","23":"first","24":"instock","25":"shipping-taxable","26":"purchasable","27":"product-type-simple"},"_links":{"self":[{"href":"https:\/\/www.susoneyewear.com\/es\/wp-json\/wp\/v2\/product\/5187","targetHints":{"allow":["GET"]}}],"collection":[{"href":"https:\/\/www.susoneyewear.com\/es\/wp-json\/wp\/v2\/product"}],"about":[{"href":"https:\/\/www.susoneyewear.com\/es\/wp-json\/wp\/v2\/types\/product"}],"replies":[{"embeddable":true,"href":"https:\/\/www.susoneyewear.com\/es\/wp-json\/wp\/v2\/comments?post=5187"}],"wp:featuredmedia":[{"embeddable":true,"href":"https:\/\/www.susoneyewear.com\/es\/wp-json\/wp\/v2\/media\/5188"}],"wp:attachment":[{"href":"https:\/\/www.susoneyewear.com\/es\/wp-json\/wp\/v2\/media?parent=5187"}],"wp:term":[{"taxonomy":"product_brand","embeddable":true,"href":"https:\/\/www.susoneyewear.com\/es\/wp-json\/wp\/v2\/product_brand?post=5187"},{"taxonomy":"product_cat","embeddable":true,"href":"https:\/\/www.susoneyewear.com\/es\/wp-json\/wp\/v2\/product_cat?post=5187"},{"taxonomy":"product_tag","embeddable":true,"href":"https:\/\/www.susoneyewear.com\/es\/wp-json\/wp\/v2\/product_tag?post=5187"}],"curies":[{"name":"wp","href":"https:\/\/api.w.org\/{rel}","templated":true}]}}