{"id":4753,"date":"2025-12-05T14:46:15","date_gmt":"2025-12-05T06:46:15","guid":{"rendered":"https:\/\/www.susoneyewear.com\/?post_type=product&#038;p=4753"},"modified":"2026-01-14T15:54:46","modified_gmt":"2026-01-14T07:54:46","slug":"sports-sunglasses","status":"publish","type":"product","link":"https:\/\/www.susoneyewear.com\/es\/sports-sunglasses\/","title":{"rendered":"Venta caliente emparejado con la miop\u00eda doble marco polarizado gafas deportivas, ciclismo deportes gafas de sol de protecci\u00f3n solar"},"content":{"rendered":"<p>Material 1.Ultra-ligero TR90: Flexible y duradero, c\u00f3modo de usar y no f\u00e1cil de deformar.<\/p>\n<p>Lentes polarizadas 2.TAC: Reduzcan efectivamente el deslumbramiento y mejoren el contraste visual.<\/p>\n<p>Protecci\u00f3n UV400 completa: Bloquea el 100% de los rayos ultravioletas para proteger la salud ocular.<\/p>\n<p>Dise\u00f1o deportivo antideslizante: Las almohadillas de nariz y los brazos del templo adoptan una estructura antideslizante, adecuada para deportes de alta intensidad.<\/p>\n<p>4.Six opciones de color elegantes: Cumplir con diferentes necesidades de estilo y son adecuados para hombres y mujeres.<\/p>\n<p>5. Servicio de personalizaci\u00f3n disponible: La impresi\u00f3n del logotipo es compatible, y la cooperaci\u00f3n OEM \/ ODM est\u00e1 disponible.<\/p>\n<p><img fetchpriority=\"high\" decoding=\"async\" class=\"size-full wp-image-5135 alignnone\" src=\"https:\/\/www.susoneyewear.com\/wp-content\/uploads\/2025\/12\/17101.jpg\" alt=\"gafas deportivas para correr \" width=\"800\" height=\"800\" srcset=\"https:\/\/www.susoneyewear.com\/wp-content\/uploads\/2025\/12\/17101.jpg 800w, https:\/\/www.susoneyewear.com\/wp-content\/uploads\/2025\/12\/17101-300x300.jpg 300w, https:\/\/www.susoneyewear.com\/wp-content\/uploads\/2025\/12\/17101-150x150.jpg 150w, https:\/\/www.susoneyewear.com\/wp-content\/uploads\/2025\/12\/17101-768x768.jpg 768w, https:\/\/www.susoneyewear.com\/wp-content\/uploads\/2025\/12\/17101-600x600.jpg 600w, https:\/\/www.susoneyewear.com\/wp-content\/uploads\/2025\/12\/17101-100x100.jpg 100w, https:\/\/www.susoneyewear.com\/wp-content\/uploads\/2025\/12\/17101-50x50.jpg 50w\" sizes=\"(max-width: 800px) 100vw, 800px\" \/><\/p>\n<p>&nbsp;<\/p>\n<table style=\"width: 64.0346%;\">\n<tbody>\n<tr>\n<td style=\"width: 49.5392%;\" width=\"426\">Producto:<\/td>\n<td style=\"width: 49.5392%;\" width=\"426\">Gafas de sol deportivas<\/td>\n<\/tr>\n<tr>\n<td style=\"width: 49.5392%;\" width=\"426\">Material del marco:<\/td>\n<td style=\"width: 49.5392%;\" width=\"426\">TR90<\/td>\n<\/tr>\n<tr>\n<td style=\"width: 49.5392%;\" width=\"426\">Material del templo:<\/td>\n<td style=\"width: 49.5392%;\" width=\"426\">TR90<\/td>\n<\/tr>\n<tr>\n<td style=\"width: 49.5392%;\" width=\"426\">Material de la lente:<\/td>\n<td style=\"width: 49.5392%;\" width=\"426\">TAC polarizado<\/td>\n<\/tr>\n<tr>\n<td style=\"width: 49.5392%;\" width=\"426\">Ancho del marco:<\/td>\n<td style=\"width: 49.5392%;\" width=\"426\">141mm<\/td>\n<\/tr>\n<tr>\n<td style=\"width: 49.5392%;\" width=\"426\">Ancho del puente:<\/td>\n<td style=\"width: 49.5392%;\" width=\"426\">22 mm<\/td>\n<\/tr>\n<tr>\n<td style=\"width: 49.5392%;\" width=\"426\">Longitud del templo:<\/td>\n<td style=\"width: 49.5392%;\" width=\"426\">130 mm<\/td>\n<\/tr>\n<tr>\n<td style=\"width: 49.5392%;\" width=\"426\">Peso de las gafas:<\/td>\n<td style=\"width: 49.5392%;\" width=\"426\">33G<\/td>\n<\/tr>\n<tr>\n<td style=\"width: 49.5392%;\" width=\"426\">G\u00e9nero aplicable:<\/td>\n<td style=\"width: 49.5392%;\" width=\"426\">Unisex<\/td>\n<\/tr>\n<tr>\n<td style=\"width: 49.5392%;\" width=\"426\">Opciones de color:<\/td>\n<td style=\"width: 49.5392%;\" width=\"426\">6 colores disponibles, personalizaci\u00f3n de apoyo<\/td>\n<\/tr>\n<\/tbody>\n<\/table>\n<p>&nbsp;<\/p>\n<p>&nbsp;<\/p>\n<p><span style=\"font-size: 18pt;\"><strong>Escenarios de aplicaci\u00f3n:<\/strong><\/span><\/p>\n<p>Los deportes al aire libre incluyen ciclismo, carrera, alpinismo y pesca, entre otros.<\/p>\n<p><img decoding=\"async\" class=\"wp-image-4756 size-full alignnone\" src=\"https:\/\/www.susoneyewear.com\/wp-content\/uploads\/2025\/12\/img.jpg\" alt=\"Venta caliente emparejado con miop\u00eda doble marco gafas deportivas polarizadas de moda alpinismo ciclismo deportes gafas de sol de protecci\u00f3n solar al aire libre gafas de sol deportivas anti-ultravioletas\" width=\"800\" height=\"1091\" srcset=\"https:\/\/www.susoneyewear.com\/wp-content\/uploads\/2025\/12\/img.jpg 800w, https:\/\/www.susoneyewear.com\/wp-content\/uploads\/2025\/12\/img-220x300.jpg 220w, https:\/\/www.susoneyewear.com\/wp-content\/uploads\/2025\/12\/img-751x1024.jpg 751w, https:\/\/www.susoneyewear.com\/wp-content\/uploads\/2025\/12\/img-768x1047.jpg 768w, https:\/\/www.susoneyewear.com\/wp-content\/uploads\/2025\/12\/img-600x818.jpg 600w\" sizes=\"(max-width: 800px) 100vw, 800px\" \/><\/p>\n<p><span style=\"font-size: 18pt;\"><strong>Preguntas frecuentes:<\/strong><\/span><\/p>\n<p>Q1: \u00bfEste par de gafas es adecuado para las personas que necesitan correcci\u00f3n de miop\u00eda?<\/p>\n<p>R: Soporta la coincidencia con un marco interior. Para detalles espec\u00edficos, consulte el servicio al cliente para una soluci\u00f3n personalizada.<\/p>\n<p>Q2: \u00bfSon las lentes resistentes a los ara\u00f1azos?<\/p>\n<p>R: Las lentes TAC tienen un cierto nivel de resistencia a los ara\u00f1azos. Se recomienda guardarlos en una caja de gafas.<\/p>\n<p>Q3: \u00bfEst\u00e1 disponible la personalizaci\u00f3n de la receta?<\/p>\n<p>R: Este modelo es una gafas polarizadas sin receta. Si necesita lentes de receta, seleccione el servicio de personalizaci\u00f3n.<\/p>\n<p>&nbsp;<\/p>\n<p><span style=\"font-size: 18pt;\"><strong>Fortalezas de la empresa<\/strong><\/span><\/p>\n<p>Tenemos m\u00e1s de 27 a\u00f1os de experiencia en la fabricaci\u00f3n de gafas, con nuestras propias l\u00edneas de producci\u00f3n y un equipo de dise\u00f1o profesional. Apoyamos tanto la personalizaci\u00f3n de lotes peque\u00f1os como la producci\u00f3n en masa, proporcionando un servicio \u00fanico desde el dise\u00f1o hasta la log\u00edstica.<\/p>\n<p><span style=\"font-size: 18pt;\"><strong>Opciones de personalizaci\u00f3n<\/strong><\/span><\/p>\n<p>Impresi\u00f3n de logotipo (Cantidad m\u00ednima de orden: 20 pares)<\/p>\n<p>Personalizaci\u00f3n del embalaje<\/p>\n<p>Cooperaci\u00f3n OEM\/ODM (Cantidad m\u00ednima de orden: 600 pares)<\/p>\n<p>Personalizaci\u00f3n del color y la funci\u00f3n de la lente<\/p>\n<p>&nbsp;<\/p>\n<p><span style=\"font-size: 18pt;\"><strong><u>Orden m\u00ednima<\/u><\/strong><\/span><\/p>\n<p>10pcs\/modelo<br \/>\n20pcs \/ modelo para imprimir el logotipo<\/p>\n<p>600pcs\/modelo para orden de producci\u00f3n<\/p>\n<p><span style=\"font-size: 18pt;\"><strong><u>Servicios<\/u><\/strong><\/span><\/p>\n<p>Control de calidad: 100% QC<\/p>\n<p>Logotipo: Personalizado su marca logotipo<br \/>\nOEM: Usted dise\u00f1a, fabricamos<br \/>\nODM: Dise\u00f1amos y fabricamos, su marca<\/p>\n<p>Paquete: Bolsa de opp est\u00e1ndar &amp; paquete personalizado<\/p>\n<p>Env\u00edo: Entregue al destino de acuerdo con el cliente&#8217; Requisitos S<\/p>","protected":false},"excerpt":{"rendered":"<p>Estas gafas de sol deportivas polarizadas TR90 est\u00e1n especialmente dise\u00f1adas para los entusiastas de los deportes al aire libre. Adopta un marco TR90 ligero y lentes polarizadas TAC, proporcionando una excelente protecci\u00f3n UV y claridad visual. Adecuado para varios escenarios al aire libre como ciclismo, carrera, alpinismo y pesca, es unisex con seis colores disponibles, combinando moda y funcionalidad.<\/p>","protected":false},"featured_media":4213,"comment_status":"closed","ping_status":"closed","template":"","meta":[],"product_brand":[],"product_cat":[73,72,77,20,55,89,78,56,79,99,67,66,57,84,58],"product_tag":[],"class_list":{"0":"post-4753","1":"product","2":"type-product","3":"status-publish","4":"has-post-thumbnail","6":"product_cat-adult","7":"product_cat-age","8":"product_cat-elderly","9":"product_cat-frame","10":"product_cat-gender","11":"product_cat-injection-frame","12":"product_cat-lens","13":"product_cat-men","14":"product_cat-shape","15":"product_cat-sports","16":"product_cat-sunglasses","17":"product_cat-types","18":"product_cat-unisex","19":"product_cat-uv400","20":"product_cat-women","22":"first","23":"instock","24":"shipping-taxable","25":"purchasable","26":"product-type-simple"},"_links":{"self":[{"href":"https:\/\/www.susoneyewear.com\/es\/wp-json\/wp\/v2\/product\/4753","targetHints":{"allow":["GET"]}}],"collection":[{"href":"https:\/\/www.susoneyewear.com\/es\/wp-json\/wp\/v2\/product"}],"about":[{"href":"https:\/\/www.susoneyewear.com\/es\/wp-json\/wp\/v2\/types\/product"}],"replies":[{"embeddable":true,"href":"https:\/\/www.susoneyewear.com\/es\/wp-json\/wp\/v2\/comments?post=4753"}],"wp:featuredmedia":[{"embeddable":true,"href":"https:\/\/www.susoneyewear.com\/es\/wp-json\/wp\/v2\/media\/4213"}],"wp:attachment":[{"href":"https:\/\/www.susoneyewear.com\/es\/wp-json\/wp\/v2\/media?parent=4753"}],"wp:term":[{"taxonomy":"product_brand","embeddable":true,"href":"https:\/\/www.susoneyewear.com\/es\/wp-json\/wp\/v2\/product_brand?post=4753"},{"taxonomy":"product_cat","embeddable":true,"href":"https:\/\/www.susoneyewear.com\/es\/wp-json\/wp\/v2\/product_cat?post=4753"},{"taxonomy":"product_tag","embeddable":true,"href":"https:\/\/www.susoneyewear.com\/es\/wp-json\/wp\/v2\/product_tag?post=4753"}],"curies":[{"name":"wp","href":"https:\/\/api.w.org\/{rel}","templated":true}]}}