{"id":4054,"date":"2025-10-27T20:59:41","date_gmt":"2025-10-27T12:59:41","guid":{"rendered":"https:\/\/www.susoneyewear.com\/?post_type=product&#038;p=4054"},"modified":"2026-01-15T13:53:51","modified_gmt":"2026-01-15T05:53:51","slug":"new-square-glasses-reading-glasses-for-the-elderly-tr90-reading-glasses-lightweight-anti-blue-light-reading-glasses-for-men","status":"publish","type":"product","link":"https:\/\/www.susoneyewear.com\/es\/new-square-glasses-reading-glasses-for-the-elderly-tr90-reading-glasses-lightweight-anti-blue-light-reading-glasses-for-men\/","title":{"rendered":"Nuevo cuadrado TR90 ligero anti-luz azul gafas de lectura para hombres y mujeres"},"content":{"rendered":"<h3><img fetchpriority=\"high\" decoding=\"async\" class=\"wp-image-5168 alignleft\" src=\"https:\/\/www.susoneyewear.com\/wp-content\/uploads\/2025\/10\/tr9012.jpg\" alt=\"Gafas de lectura TR90\" width=\"622\" height=\"622\" srcset=\"https:\/\/www.susoneyewear.com\/wp-content\/uploads\/2025\/10\/tr9012.jpg 800w, https:\/\/www.susoneyewear.com\/wp-content\/uploads\/2025\/10\/tr9012-300x300.jpg 300w, https:\/\/www.susoneyewear.com\/wp-content\/uploads\/2025\/10\/tr9012-150x150.jpg 150w, https:\/\/www.susoneyewear.com\/wp-content\/uploads\/2025\/10\/tr9012-768x768.jpg 768w, https:\/\/www.susoneyewear.com\/wp-content\/uploads\/2025\/10\/tr9012-600x600.jpg 600w, https:\/\/www.susoneyewear.com\/wp-content\/uploads\/2025\/10\/tr9012-100x100.jpg 100w, https:\/\/www.susoneyewear.com\/wp-content\/uploads\/2025\/10\/tr9012-50x50.jpg 50w\" sizes=\"(max-width: 622px) 100vw, 622px\" \/><\/h3>\n<h3>Materiales<\/h3>\n<p>Material del marco: TR90<br \/>\nMaterial del templo: TR90<br \/>\nLente: CR39 bloqueo de luz azul<br \/>\nTipo de bisagra: TR90<br \/>\nPeso: 16g<\/p>\n<h3>Medidas<\/h3>\n<p>Ancho del marco: 63 mm<br \/>\nAncho del puente: 14 mm<br \/>\nLongitud del templo: 146 mm<br \/>\nSelector de potencia: 1.00;  1.50\uff1b  2.00\uff1b  2.50\uff1b  3.00\uff1b  3.50\uff1b  4.00<\/p>\n<h3>Orden m\u00ednima<\/h3>\n<p>12pcs\/modelo<br \/>\n20pcs \/ modelo para imprimir el logotipo<br \/>\n600pcs\/modelo para orden de producci\u00f3n<\/p>\n<h3>Servicios<\/h3>\n<p>Control de calidad: 100% QC<br \/>\nLogotipo: Personalice su marca logotipo<br \/>\nOEM: Usted dise\u00f1a, fabricamos<br \/>\nODM: Dise\u00f1amos y fabricamos su marca<br \/>\nEnv\u00edo: Entregue al destino seg\u00fan el cliente&#8217; Requisitos S<\/p>\n<p>&nbsp;<\/p>\n<p><span class=\"magic-32\"><span class=\"magic-33\"><b class=\"magic-33\">Q1: \u00bfQu\u00e9 suministra?<\/b><\/span><br \/>\n<span class=\"magic-33\">A1: Somos un fabricante de gafas que suministra principalmente gafas de lectura y gafas de sol de material de PC, y gafas de sol de material de acetato de alta calidad y marco \u00f3ptico, podemos suministrar cualquier accesorio de acuerdo con el cliente &#8217; Requisito S<\/span><\/p>\n<p><b>Q2: \u00bfSuministra logotipos personalizados?  \u00bfQu\u00e9&#8217;  \u00bfEs el MOQ?<\/b><br \/>\nA2: S\u00ed, podemos personalizar el logotipo para usted, por favor env\u00ede un mensaje o chat por correo electr\u00f3nico los detalles sobre c\u00f3mo agregar el logotipo<\/p>\n<p><b>Q3: \u00bfPuede enviarnos una muestra de logotipo personalizado para comprobar?<\/b><br \/>\nA3: S\u00ed, apoyamos la calidad y los detalles de la comprobaci\u00f3n de la muestra antes de la orden masiva<\/p>\n<p><b>Q4: \u00bfCu\u00e1l es el plazo de entrega para un pedido a granel?<\/b><br \/>\nA4: stock listo a\u00f1adir logotipo: com\u00fan 10days;<br \/>\nNuevo pedido de producci\u00f3n: Por lo general, enviaremos dentro de los 45 d\u00edas despu\u00e9s del pago<\/p>\n<p><b>Q5.how acerca del pago?<\/b><br \/>\nA5: 30% pagado primero, y el saldo pagado antes del env\u00edo<\/p>\n<p><b>P6: \u00bfPuede ayudarme a enviar directamente al almac\u00e9n de Amazon?<br \/>\n<\/b> A6:<\/span><span class=\"magic-32\">S\u00ed, podemos ayudarle a pegar las etiquetas y enviadas directamente al almac\u00e9n de amaz\u00f3n<\/span><\/p>\n<div><span class=\"magic-32\" data-spm-anchor-id=\"a2700.details-description.0.i1.7197bNmjbNmj0j\"> <b>Q7: \u00bfQu\u00e9 tal el expreso?<br \/>\n<\/b> A7: Por lo general podemos enviar por cualquier expreso que solicite, como FedEx, DHL, UPS, recibir\u00e1 en 5-8days; otros por aire y por mar&#8230; dependiendo del requisito de los clientes.<\/span><\/div>","protected":false},"excerpt":{"rendered":"<p>Material del marco: TR90<br \/>\nMaterial del templo: TR90<br \/>\nLente: CR39 bloqueo de luz azul<br \/>\nTipo de bisagra: TR90<\/p>","protected":false},"featured_media":4058,"comment_status":"closed","ping_status":"closed","template":"","meta":[],"product_brand":[],"product_cat":[72,86,77,20,55,89,78,56,82,97,79,66,57,58],"product_tag":[],"class_list":{"0":"post-4054","1":"product","2":"type-product","3":"status-publish","4":"has-post-thumbnail","6":"product_cat-age","7":"product_cat-anti-blue-light","8":"product_cat-elderly","9":"product_cat-frame","10":"product_cat-gender","11":"product_cat-injection-frame","12":"product_cat-lens","13":"product_cat-men","14":"product_cat-reading","15":"product_cat-rectangle","16":"product_cat-shape","17":"product_cat-types","18":"product_cat-unisex","19":"product_cat-women","21":"first","22":"instock","23":"shipping-taxable","24":"purchasable","25":"product-type-simple"},"_links":{"self":[{"href":"https:\/\/www.susoneyewear.com\/es\/wp-json\/wp\/v2\/product\/4054","targetHints":{"allow":["GET"]}}],"collection":[{"href":"https:\/\/www.susoneyewear.com\/es\/wp-json\/wp\/v2\/product"}],"about":[{"href":"https:\/\/www.susoneyewear.com\/es\/wp-json\/wp\/v2\/types\/product"}],"replies":[{"embeddable":true,"href":"https:\/\/www.susoneyewear.com\/es\/wp-json\/wp\/v2\/comments?post=4054"}],"wp:featuredmedia":[{"embeddable":true,"href":"https:\/\/www.susoneyewear.com\/es\/wp-json\/wp\/v2\/media\/4058"}],"wp:attachment":[{"href":"https:\/\/www.susoneyewear.com\/es\/wp-json\/wp\/v2\/media?parent=4054"}],"wp:term":[{"taxonomy":"product_brand","embeddable":true,"href":"https:\/\/www.susoneyewear.com\/es\/wp-json\/wp\/v2\/product_brand?post=4054"},{"taxonomy":"product_cat","embeddable":true,"href":"https:\/\/www.susoneyewear.com\/es\/wp-json\/wp\/v2\/product_cat?post=4054"},{"taxonomy":"product_tag","embeddable":true,"href":"https:\/\/www.susoneyewear.com\/es\/wp-json\/wp\/v2\/product_tag?post=4054"}],"curies":[{"name":"wp","href":"https:\/\/api.w.org\/{rel}","templated":true}]}}