{"id":3997,"date":"2025-10-27T19:54:55","date_gmt":"2025-10-27T11:54:55","guid":{"rendered":"https:\/\/www.susoneyewear.com\/?post_type=product&#038;p=3997"},"modified":"2026-01-20T11:29:50","modified_gmt":"2026-01-20T03:29:50","slug":"round-titanium-optical-frame-custom-unisex-frame-myopia-glasses","status":"publish","type":"product","link":"https:\/\/www.susoneyewear.com\/es\/round-titanium-optical-frame-custom-unisex-frame-myopia-glasses\/","title":{"rendered":"Marco \u00f3ptico redondo de titanio, marco unisex de miop\u00eda personalizado"},"content":{"rendered":"<h3><img fetchpriority=\"high\" decoding=\"async\" class=\"alignnone wp-image-4003 size-full\" src=\"https:\/\/www.susoneyewear.com\/wp-content\/uploads\/2025\/10\/size-1.jpg\" alt=\"\" width=\"800\" height=\"800\" srcset=\"https:\/\/www.susoneyewear.com\/wp-content\/uploads\/2025\/10\/size-1.jpg 800w, https:\/\/www.susoneyewear.com\/wp-content\/uploads\/2025\/10\/size-1-300x300.jpg 300w, https:\/\/www.susoneyewear.com\/wp-content\/uploads\/2025\/10\/size-1-150x150.jpg 150w, https:\/\/www.susoneyewear.com\/wp-content\/uploads\/2025\/10\/size-1-768x768.jpg 768w, https:\/\/www.susoneyewear.com\/wp-content\/uploads\/2025\/10\/size-1-600x600.jpg 600w, https:\/\/www.susoneyewear.com\/wp-content\/uploads\/2025\/10\/size-1-100x100.jpg 100w\" sizes=\"(max-width: 800px) 100vw, 800px\" \/><\/h3>\n<h3>Materiales<\/h3>\n<p>Material del marco: \u03b2-titanio<br \/>\nMaterial del templo: \u03b2-titanio<\/p>\n<h3>Medidas<\/h3>\n<p>Ancho del marco: 51mm<br \/>\nAncho del puente: 20mm<br \/>\nLongitud del templo: 145mm<\/p>\n<h3>Orden m\u00ednima<\/h3>\n<p>12pcs\/modelo<br \/>\n20pcs \/ modelo para imprimir el logotipo<br \/>\n600pcs\/modelo para OEM ODM orden de producci\u00f3n<\/p>\n<h3>Servicios<\/h3>\n<p>Control de calidad: 100% QC<br \/>\nLogotipo: Personalizado su marca logotipo<br \/>\nOEM: Usted dise\u00f1a, fabricamos<br \/>\nODM: Dise\u00f1amos y fabricamos, su marca<br \/>\nEnv\u00edo: Entregue al destino de acuerdo con el cliente&#8217; Requisitos S<\/p>","protected":false},"excerpt":{"rendered":"<p>MOQ: Logotipo personalizado de stock listo: 50pcs; OEM \/ ODM: 500 piezas<\/p>\n<p>Los servicios de personalizaci\u00f3n incluyen dise\u00f1o de logotipos, empaquetado, selecci\u00f3n de colores y creaci\u00f3n de moldes.<\/p>\n<p>Plazo de ejecuci\u00f3n de la muestra: stock listo a\u00f1adir logotipo: Acerca de 7 d\u00edas; Nueva producci\u00f3n: 35days<\/p>\n<p>Material: Acetato \/ TR90 \/ Metal (ajustable seg\u00fan los requisitos.)<\/p>\n<p>Certificaciones: CE \/ FDA \/ UKCA \/ ISO9001<\/p>","protected":false},"featured_media":4000,"comment_status":"closed","ping_status":"closed","template":"","meta":[],"product_brand":[],"product_cat":[73,72,87,77,20,55,78,56,70,96,79,91,66,57,58],"product_tag":[],"class_list":{"0":"post-3997","1":"product","2":"type-product","3":"status-publish","4":"has-post-thumbnail","6":"product_cat-adult","7":"product_cat-age","8":"product_cat-demo","9":"product_cat-elderly","10":"product_cat-frame","11":"product_cat-gender","12":"product_cat-lens","13":"product_cat-men","14":"product_cat-optical-frames","15":"product_cat-round","16":"product_cat-shape","17":"product_cat-titanium-frame","18":"product_cat-types","19":"product_cat-unisex","20":"product_cat-women","22":"first","23":"instock","24":"shipping-taxable","25":"purchasable","26":"product-type-simple"},"_links":{"self":[{"href":"https:\/\/www.susoneyewear.com\/es\/wp-json\/wp\/v2\/product\/3997","targetHints":{"allow":["GET"]}}],"collection":[{"href":"https:\/\/www.susoneyewear.com\/es\/wp-json\/wp\/v2\/product"}],"about":[{"href":"https:\/\/www.susoneyewear.com\/es\/wp-json\/wp\/v2\/types\/product"}],"replies":[{"embeddable":true,"href":"https:\/\/www.susoneyewear.com\/es\/wp-json\/wp\/v2\/comments?post=3997"}],"wp:featuredmedia":[{"embeddable":true,"href":"https:\/\/www.susoneyewear.com\/es\/wp-json\/wp\/v2\/media\/4000"}],"wp:attachment":[{"href":"https:\/\/www.susoneyewear.com\/es\/wp-json\/wp\/v2\/media?parent=3997"}],"wp:term":[{"taxonomy":"product_brand","embeddable":true,"href":"https:\/\/www.susoneyewear.com\/es\/wp-json\/wp\/v2\/product_brand?post=3997"},{"taxonomy":"product_cat","embeddable":true,"href":"https:\/\/www.susoneyewear.com\/es\/wp-json\/wp\/v2\/product_cat?post=3997"},{"taxonomy":"product_tag","embeddable":true,"href":"https:\/\/www.susoneyewear.com\/es\/wp-json\/wp\/v2\/product_tag?post=3997"}],"curies":[{"name":"wp","href":"https:\/\/api.w.org\/{rel}","templated":true}]}}