{"id":5375,"date":"2026-01-29T13:39:50","date_gmt":"2026-01-29T05:39:50","guid":{"rendered":"https:\/\/www.susoneyewear.com\/?post_type=product&#038;p=5375"},"modified":"2026-02-02T11:40:54","modified_gmt":"2026-02-02T03:40:54","slug":"acetate-sunglasses","status":"publish","type":"product","link":"https:\/\/www.susoneyewear.com\/de\/acetate-sunglasses\/","title":{"rendered":"Schmetterling Damen Acetat Sonnenbrille 2035"},"content":{"rendered":"<h2><span style=\"font-family: georgia, palatino, serif;\">Produkt Highlights:<\/span><\/h2>\n<ul>\n<li><span style=\"font-family: arial, helvetica, sans-serif;\"><strong><b> Umweltfreundlicher Acetat-Rahmen\u00a0<\/b><\/strong><\/span><\/li>\n<li><span style=\"font-family: arial, helvetica, sans-serif;\">Eine Vielzahl von stilvollen <strong><b>Rahmen und Linsenfarben <\/b><\/strong>sind verf\u00fcgbar.<\/span><\/li>\n<li><span style=\"font-family: arial, helvetica, sans-serif;\">Hochaufl\u00f6sung <strong><b>Nylon Polarisierte Linsen <\/b><\/strong>Sch\u00fctzen Sie Ihre Augen drau\u00dfen.<\/span><\/li>\n<li><span style=\"font-family: arial, helvetica, sans-serif;\"><strong><b> Hochaufl\u00f6sende Bilder<\/b><\/strong> zur Vermarktung verf\u00fcgbar sind<strong><b>.<\/b><\/strong><\/span><\/li>\n<li><span style=\"font-family: arial, helvetica, sans-serif;\"><strong><b> Kleine Charge <\/b><\/strong>Prototyping- und Anpassungsdienstleistungen sind auf Anfrage verf\u00fcgbar<strong><b>.<\/b><\/strong><\/span><\/li>\n<\/ul>\n<h2>Standardgr\u00f6\u00dfe<\/h2>\n<p><img fetchpriority=\"high\" decoding=\"async\" class=\"size-full wp-image-5382 alignnone\" src=\"https:\/\/www.susoneyewear.com\/wp-content\/uploads\/2026\/01\/2035-\u5c3a\u5bf82.png\" alt=\"\" width=\"800\" height=\"800\" srcset=\"https:\/\/www.susoneyewear.com\/wp-content\/uploads\/2026\/01\/2035-\u5c3a\u5bf82.png 800w, https:\/\/www.susoneyewear.com\/wp-content\/uploads\/2026\/01\/2035-\u5c3a\u5bf82-300x300.png 300w, https:\/\/www.susoneyewear.com\/wp-content\/uploads\/2026\/01\/2035-\u5c3a\u5bf82-150x150.png 150w, https:\/\/www.susoneyewear.com\/wp-content\/uploads\/2026\/01\/2035-\u5c3a\u5bf82-768x768.png 768w, https:\/\/www.susoneyewear.com\/wp-content\/uploads\/2026\/01\/2035-\u5c3a\u5bf82-600x600.png 600w, https:\/\/www.susoneyewear.com\/wp-content\/uploads\/2026\/01\/2035-\u5c3a\u5bf82-100x100.png 100w, https:\/\/www.susoneyewear.com\/wp-content\/uploads\/2026\/01\/2035-\u5c3a\u5bf82-50x50.png 50w\" sizes=\"(max-width: 800px) 100vw, 800px\" \/><\/p>\n<h2>Materialien<\/h2>\n<p>Rahmen Material: Acetat<br \/>\nTempelmaterial: Acetat<br \/>\nObjektivmaterial: Nylon Polarisierte Linsen<br \/>\nScharniertyp: Metallscharnier<\/p>\n<h2>Min Bestellung<\/h2>\n<p>Fertiger Lagerbestand: 2pcs \/ Modell<br \/>\nLogo anpassen: 20pcs \/ Modell<br \/>\nNeues Design oder Produktionsauftrag: 300pcs \/ Modell, 1-3 Farben<\/p>\n<h2>Dienstleistungen<\/h2>\n<p>Qualit\u00e4tskontrolle: 100% QC<br \/>\nLogo: Passen Sie Ihre Marke an Logos<\/p>\n<p><img decoding=\"async\" class=\"alignnone wp-image-5383 size-large\" src=\"https:\/\/www.susoneyewear.com\/wp-content\/uploads\/2026\/01\/OEM-ODM-SERVICE-1-1024x512.jpg\" alt=\"OEM &amp; ODM Brillenfabrik\" width=\"800\" height=\"400\" srcset=\"\" sizes=\"(max-width: 800px) 100vw, 800px\" data-srcset=\"\" \/><br \/>\nOEM: Sie entwerfen, wir produzieren<\/p>\n<p>ODM: Wir entwerfen und fertigen Ihre Marke<\/p>\n<p>Paket: Standard opp bag &amp; amp; kundenspezifisches Paket<\/p>\n<p><img decoding=\"async\" class=\"alignnone wp-image-5385 size-large\" src=\"https:\/\/www.susoneyewear.com\/wp-content\/uploads\/2026\/01\/OEM-ODM-SERVICE-2-1024x1024.jpg\" alt=\"OEM &amp; ODM Brillenfabrik\" width=\"800\" height=\"800\" srcset=\"\" sizes=\"(max-width: 800px) 100vw, 800px\" data-srcset=\"\" \/><\/p>\n<p><img loading=\"lazy\" decoding=\"async\" class=\"size-full wp-image-5290 alignnone\" src=\"https:\/\/www.susoneyewear.com\/wp-content\/uploads\/2026\/01\/custom-package.png\" alt=\"benutzerdefiniertes Paket\" width=\"818\" height=\"694\" srcset=\"https:\/\/www.susoneyewear.com\/wp-content\/uploads\/2026\/01\/custom-package.png 818w, https:\/\/www.susoneyewear.com\/wp-content\/uploads\/2026\/01\/custom-package-300x255.png 300w, https:\/\/www.susoneyewear.com\/wp-content\/uploads\/2026\/01\/custom-package-768x652.png 768w, https:\/\/www.susoneyewear.com\/wp-content\/uploads\/2026\/01\/custom-package-600x509.png 600w\" sizes=\"(max-width: 818px) 100vw, 818px\" \/><br \/>\nVersand: Lieferung zum Ziel entsprechend dem Kunden&#8217; s Anforderungen<\/p>\n<p><img loading=\"lazy\" decoding=\"async\" class=\"size-full wp-image-5248 alignnone\" src=\"https:\/\/www.susoneyewear.com\/wp-content\/uploads\/2026\/01\/shipping.png\" alt=\"Versand an Ihr Ziel Sicherheit\" width=\"904\" height=\"711\" srcset=\"https:\/\/www.susoneyewear.com\/wp-content\/uploads\/2026\/01\/shipping.png 904w, https:\/\/www.susoneyewear.com\/wp-content\/uploads\/2026\/01\/shipping-300x236.png 300w, https:\/\/www.susoneyewear.com\/wp-content\/uploads\/2026\/01\/shipping-768x604.png 768w, https:\/\/www.susoneyewear.com\/wp-content\/uploads\/2026\/01\/shipping-600x472.png 600w\" sizes=\"(max-width: 904px) 100vw, 904px\" \/><\/p>\n<h3><span style=\"font-family: arial, helvetica, sans-serif;\">Fabrikst\u00e4rke:<\/span><\/h3>\n<p>1. Wir haben unsere eigene Formenfabrik, die es uns erm\u00f6glicht, effizient und schnell zu produzieren <strong>hochwertige Formen<\/strong> und Vorproduktionsproben.<br \/>\n2. Unsere Produktionslinien umfassen<strong> Spritzgie\u00dfen, Doppelspritzgie\u00dfen, Acetat und Titan,<\/strong> Unterst\u00fctzung der Herstellung von Brillen aus verschiedenen Materialien.<br \/>\n3. Wir bieten kundenspezifische Entwurfs- und Herstellungsdienstleistungen f\u00fcr zahlreiche internationale Marken, die garantieren <strong>Qualit\u00e4t und rechtzeitige Lieferung<\/strong>.<br \/>\n4. Wir haben ein strenges Qualit\u00e4tsmanagementsystem und halten verschiedene Zertifizierungen, einschlie\u00dflich <strong>CE, FDA, UKCA und BSCI<\/strong>.<br \/>\n5. Ob Sie ein kleiner oder mittlerer Kunde oder ein gro\u00dfer, erfahrener Kunde sind, wir haben die Ressourcen, um Ihnen mit <strong>kosteng\u00fcnstige Produkte und Dienstleistungen<\/strong>.<\/p>\n<p>&nbsp;<\/p>\n<p>&nbsp;<\/p>\n<h1><span style=\"color: #333399;\">Kontaktieren Sie uns f\u00fcr den neuen Produktkatalog oder machen Sie Ihr Design!<\/span><\/h1>\n<p>&nbsp;<\/p>","protected":false},"excerpt":{"rendered":"<p>MOQ: 1-300 St\u00fcck, abh\u00e4ngig von Ihrer Anforderung<\/p>\n<p>Kundenspezifische Dienstleistungen: Logo, Verpackung, Farbe und Formen.<\/p>\n<p>Probef\u00fchrungszeit: Fertig Lager Logo hinzuf\u00fcgen: Ungef\u00e4hr 7 Tage; Produktion: 35days<\/p>\n<p>Material: Acetat \/ TR90 \/ Metall (entsprechend Anforderungen verstellbar.)<\/p>\n<p>Zertifizierungen: CE \/ FDA \/ UKCA \/ BSCI<\/p>","protected":false},"featured_media":5380,"comment_status":"closed","ping_status":"closed","template":"","meta":[],"product_brand":[],"product_cat":[88,73,72,77,20,55,78,100,97,79,67,66,84,58],"product_tag":[],"class_list":{"0":"post-5375","1":"product","2":"type-product","3":"status-publish","4":"has-post-thumbnail","6":"product_cat-acetate-frame","7":"product_cat-adult","8":"product_cat-age","9":"product_cat-elderly","10":"product_cat-frame","11":"product_cat-gender","12":"product_cat-lens","13":"product_cat-others-shape","14":"product_cat-rectangle","15":"product_cat-shape","16":"product_cat-sunglasses","17":"product_cat-types","18":"product_cat-uv400","19":"product_cat-women","21":"first","22":"instock","23":"shipping-taxable","24":"purchasable","25":"product-type-simple"},"_links":{"self":[{"href":"https:\/\/www.susoneyewear.com\/de\/wp-json\/wp\/v2\/product\/5375","targetHints":{"allow":["GET"]}}],"collection":[{"href":"https:\/\/www.susoneyewear.com\/de\/wp-json\/wp\/v2\/product"}],"about":[{"href":"https:\/\/www.susoneyewear.com\/de\/wp-json\/wp\/v2\/types\/product"}],"replies":[{"embeddable":true,"href":"https:\/\/www.susoneyewear.com\/de\/wp-json\/wp\/v2\/comments?post=5375"}],"wp:featuredmedia":[{"embeddable":true,"href":"https:\/\/www.susoneyewear.com\/de\/wp-json\/wp\/v2\/media\/5380"}],"wp:attachment":[{"href":"https:\/\/www.susoneyewear.com\/de\/wp-json\/wp\/v2\/media?parent=5375"}],"wp:term":[{"taxonomy":"product_brand","embeddable":true,"href":"https:\/\/www.susoneyewear.com\/de\/wp-json\/wp\/v2\/product_brand?post=5375"},{"taxonomy":"product_cat","embeddable":true,"href":"https:\/\/www.susoneyewear.com\/de\/wp-json\/wp\/v2\/product_cat?post=5375"},{"taxonomy":"product_tag","embeddable":true,"href":"https:\/\/www.susoneyewear.com\/de\/wp-json\/wp\/v2\/product_tag?post=5375"}],"curies":[{"name":"wp","href":"https:\/\/api.w.org\/{rel}","templated":true}]}}