{"id":5325,"date":"2026-01-23T13:54:05","date_gmt":"2026-01-23T05:54:05","guid":{"rendered":"https:\/\/www.susoneyewear.com\/?post_type=product&#038;p=5325"},"modified":"2026-01-28T09:40:41","modified_gmt":"2026-01-28T01:40:41","slug":"kids-anti-blue-light-glasses-k09-kids-customized-optical-frame","status":"publish","type":"product","link":"https:\/\/www.susoneyewear.com\/de\/kids-anti-blue-light-glasses-k09-kids-customized-optical-frame\/","title":{"rendered":"Kinder Anti-blaue Lichtbrille K09, Kinder benutzerdefinierte optische Rahmen"},"content":{"rendered":"<h3><span style=\"font-family: arial, helvetica, sans-serif;\"><strong><b>Produkt Highlights:<\/b><\/strong><\/span><\/h3>\n<ul>\n<li><span style=\"font-family: arial, helvetica, sans-serif;\"><strong><b> Austauschbare Silikon Nasenpolster <\/b><\/strong>f\u00fcr eine leichte und komfortable Passform, die nicht&#8217; t auf die Nasenbr\u00fccke dr\u00fccken.<\/span><\/li>\n<li><span style=\"font-family: arial, helvetica, sans-serif;\"><strong><b> Zweifarbiges Spritzgie\u00dfen<\/b><\/strong>mit rutschfester und weicher Innenfl\u00e4che f\u00fcr komfortablen Verschlei\u00df<strong><b>.<\/b><\/strong><\/span><\/li>\n<li><span style=\"font-family: arial, helvetica, sans-serif;\"><strong><b> Hochaufl\u00f6sende Anti-blaue Lichtlinsen <\/b><\/strong>sch\u00fctzen Sie Ihre Augen, wenn Sie Handys, Tablets und Fernseher verwenden; Verschreibungspflichtige Linsen k\u00f6nnen auch montiert werden.<\/span><\/li>\n<li><span style=\"font-family: arial, helvetica, sans-serif;\"><strong><b> Hochaufl\u00f6sende Bilder<\/b><\/strong> zur Vermarktung verf\u00fcgbar sind<strong><b>.<\/b><\/strong><\/span><\/li>\n<li><span style=\"font-family: arial, helvetica, sans-serif;\"><strong><b> Kleine Charge <\/b><\/strong>Prototyping- und Anpassungsdienstleistungen sind auf Anfrage verf\u00fcgbar<strong><b>.<\/b><\/strong><\/span><\/li>\n<\/ul>\n<p>&nbsp;<\/p>\n<h3><span style=\"font-family: arial, helvetica, sans-serif;\"><strong><b>Produkt <\/b><\/strong><\/span><span style=\"font-family: arial, helvetica, sans-serif;\">Spezifikationen:<\/span><\/h3>\n<p><img fetchpriority=\"high\" decoding=\"async\" class=\"alignleft size-full wp-image-5328\" src=\"https:\/\/www.susoneyewear.com\/wp-content\/uploads\/2026\/01\/8209-\u5c3a\u5bf8\u56fe.png\" alt=\"Kinder Anti-blaue Lichtbrille\" width=\"800\" height=\"800\" srcset=\"https:\/\/www.susoneyewear.com\/wp-content\/uploads\/2026\/01\/8209-\u5c3a\u5bf8\u56fe.png 800w, https:\/\/www.susoneyewear.com\/wp-content\/uploads\/2026\/01\/8209-\u5c3a\u5bf8\u56fe-300x300.png 300w, https:\/\/www.susoneyewear.com\/wp-content\/uploads\/2026\/01\/8209-\u5c3a\u5bf8\u56fe-150x150.png 150w, https:\/\/www.susoneyewear.com\/wp-content\/uploads\/2026\/01\/8209-\u5c3a\u5bf8\u56fe-768x768.png 768w, https:\/\/www.susoneyewear.com\/wp-content\/uploads\/2026\/01\/8209-\u5c3a\u5bf8\u56fe-600x600.png 600w, https:\/\/www.susoneyewear.com\/wp-content\/uploads\/2026\/01\/8209-\u5c3a\u5bf8\u56fe-100x100.png 100w, https:\/\/www.susoneyewear.com\/wp-content\/uploads\/2026\/01\/8209-\u5c3a\u5bf8\u56fe-50x50.png 50w\" sizes=\"(max-width: 800px) 100vw, 800px\" \/><\/p>\n<table style=\"border-collapse: collapse; width: 59.9117%; height: 233px;\">\n<tbody>\n<tr style=\"height: 17px;\">\n<td style=\"width: 15.6556%; height: 17px;\">Modellnummer:<\/td>\n<td style=\"width: 52.8247%; height: 17px;\">K09<\/td>\n<\/tr>\n<tr style=\"height: 24px;\">\n<td style=\"width: 15.6556%; height: 24px;\">Rahmen Material:<\/td>\n<td style=\"width: 52.8247%; height: 24px;\">der TR90<\/td>\n<\/tr>\n<tr style=\"height: 24px;\">\n<td style=\"width: 15.6556%; height: 24px;\">Tempelmaterial:<\/td>\n<td style=\"width: 52.8247%; height: 24px;\">der TR90<\/td>\n<\/tr>\n<tr style=\"height: 24px;\">\n<td style=\"width: 15.6556%; height: 24px;\">Objektivmaterial:<\/td>\n<td style=\"width: 52.8247%; height: 24px;\">2,0 PC<\/td>\n<\/tr>\n<tr style=\"height: 24px;\">\n<td style=\"width: 15.6556%; height: 24px;\">Objektiv Eigenschaften:<\/td>\n<td style=\"width: 52.8247%; height: 24px;\">Anti-blaues Licht \/ sch\u00fctzen Sie die Augen<\/td>\n<\/tr>\n<tr style=\"height: 24px;\">\n<td style=\"width: 15.6556%; height: 24px;\">Farbe:<\/td>\n<td style=\"width: 52.8247%; height: 24px;\">Fertig 4 Farben oder angepasst<\/td>\n<\/tr>\n<tr style=\"height: 24px;\">\n<td style=\"width: 15.6556%; height: 24px;\">Logo:<\/td>\n<td style=\"width: 52.8247%; height: 24px;\">Fertigg\u00fcter Kein Logo, Unterst\u00fctzung Kundenspezifisch<\/td>\n<\/tr>\n<tr style=\"height: 24px;\">\n<td style=\"width: 15.6556%; height: 24px;\">Paket:<\/td>\n<td style=\"width: 52.8247%; height: 24px;\">Gemeinsame 1pcs \/ polybag, unterst\u00fctzen kundenspezifisch<\/td>\n<\/tr>\n<tr style=\"height: 24px;\">\n<td style=\"width: 15.6556%; height: 24px;\">MOQ:<\/td>\n<td style=\"width: 52.8247%; height: 24px;\">2pcs f\u00fcr Lager, Fertig Lager benutzerdefiniertes Logo: 50pcs; OEM \/ ODM: 500pcs<\/td>\n<\/tr>\n<tr style=\"height: 24px;\">\n<td style=\"width: 15.6556%; height: 24px;\">Zertifizierungen<\/td>\n<td style=\"width: 52.8247%; height: 24px;\">CE \/ FDA \/ UKCA \/ ISO9001<\/td>\n<\/tr>\n<\/tbody>\n<\/table>\n<p><strong><b>\u00a0<\/b><\/strong><\/p>\n<h3><span style=\"font-family: arial, helvetica, sans-serif;\">OEM \/ ODM &amp; amp; Kundenspezifische Dienstleistungen:<\/span><\/h3>\n<p><img decoding=\"async\" class=\"alignnone wp-image-5247\" src=\"https:\/\/www.susoneyewear.com\/wp-content\/uploads\/2026\/01\/1-1024x314.png\" alt=\"kundenspezifische eigene Designbrille\" width=\"836\" height=\"256\" srcset=\"https:\/\/www.susoneyewear.com\/wp-content\/uploads\/2026\/01\/1-1024x314.png 1024w, https:\/\/www.susoneyewear.com\/wp-content\/uploads\/2026\/01\/1-300x92.png 300w, https:\/\/www.susoneyewear.com\/wp-content\/uploads\/2026\/01\/1-768x236.png 768w, https:\/\/www.susoneyewear.com\/wp-content\/uploads\/2026\/01\/1-1536x471.png 1536w, https:\/\/www.susoneyewear.com\/wp-content\/uploads\/2026\/01\/1-600x184.png 600w, https:\/\/www.susoneyewear.com\/wp-content\/uploads\/2026\/01\/1.png 1575w\" sizes=\"(max-width: 836px) 100vw, 836px\" \/><\/p>\n<p><strong>Qualit\u00e4tskontrolle<\/strong>: 100% QC<\/p>\n<p><strong>Logo:<\/strong> Passen Sie Ihre Marke an &amp; amp; Logo( senden Sie eine Nachricht, um zu erfahren, wie Sie Ihr Logo hinzuf\u00fcgen)<\/p>\n<p><strong>Paket:<\/strong> Anpassen Sie das Paket basierend auf dem Kunden&#8217; s Anforderung<\/p>\n<p><img decoding=\"async\" class=\"size-full wp-image-5317 alignnone\" src=\"https:\/\/www.susoneyewear.com\/wp-content\/uploads\/2026\/01\/case.jpg\" alt=\"Brillenkoffer anpassen\" width=\"742\" height=\"743\" srcset=\"https:\/\/www.susoneyewear.com\/wp-content\/uploads\/2026\/01\/case.jpg 742w, https:\/\/www.susoneyewear.com\/wp-content\/uploads\/2026\/01\/case-300x300.jpg 300w, https:\/\/www.susoneyewear.com\/wp-content\/uploads\/2026\/01\/case-150x150.jpg 150w, https:\/\/www.susoneyewear.com\/wp-content\/uploads\/2026\/01\/case-600x601.jpg 600w, https:\/\/www.susoneyewear.com\/wp-content\/uploads\/2026\/01\/case-100x100.jpg 100w, https:\/\/www.susoneyewear.com\/wp-content\/uploads\/2026\/01\/case-50x50.jpg 50w\" sizes=\"(max-width: 742px) 100vw, 742px\" \/><br \/>\n<strong>Versand: <\/strong>Lieferung an das Ziel nach dem Kunden&#8217; Anforderungen, einschlie\u00dflich Luft-, Meer- und Zugoptionen.<\/p>\n<p><img loading=\"lazy\" decoding=\"async\" class=\"wp-image-5248 alignnone\" src=\"https:\/\/www.susoneyewear.com\/wp-content\/uploads\/2026\/01\/shipping.png\" alt=\"Versand an Ihr Ziel Sicherheit\" width=\"800\" height=\"629\" srcset=\"https:\/\/www.susoneyewear.com\/wp-content\/uploads\/2026\/01\/shipping.png 904w, https:\/\/www.susoneyewear.com\/wp-content\/uploads\/2026\/01\/shipping-300x236.png 300w, https:\/\/www.susoneyewear.com\/wp-content\/uploads\/2026\/01\/shipping-768x604.png 768w, https:\/\/www.susoneyewear.com\/wp-content\/uploads\/2026\/01\/shipping-600x472.png 600w\" sizes=\"(max-width: 800px) 100vw, 800px\" \/><\/p>\n<h3><span style=\"font-family: arial, helvetica, sans-serif;\">Fabrikst\u00e4rke:<\/span><\/h3>\n<p>1. Wir haben unsere eigene Formenfabrik, die es uns erm\u00f6glicht, effizient und schnell zu produzieren <strong>hochwertige Formen<\/strong> und Vorproduktionsproben.<br \/>\n2. Unsere Produktionslinien umfassen<strong> Spritzgie\u00dfen, Doppelspritzgie\u00dfen, Acetat und Titan,<\/strong> Unterst\u00fctzung der Herstellung von Brillen aus verschiedenen Materialien.<br \/>\n3. Wir bieten kundenspezifische Entwurfs- und Herstellungsdienstleistungen f\u00fcr zahlreiche internationale Marken, die garantieren <strong>Qualit\u00e4t und rechtzeitige Lieferung<\/strong>.<br \/>\n4. Wir haben ein strenges Qualit\u00e4tsmanagementsystem und halten verschiedene Zertifizierungen, einschlie\u00dflich <strong>CE, FDA, UKCA und ISO9001<\/strong>.<br \/>\n5. Ob Sie ein kleiner oder mittlerer Kunde oder ein gro\u00dfer, erfahrener Kunde sind, wir haben die Ressourcen, um Ihnen mit <strong>kosteng\u00fcnstige Produkte und Dienstleistungen<\/strong>.<\/p>\n<p>&nbsp;<\/p>\n<h1><span style=\"color: #333399;\">Kontaktieren Sie uns f\u00fcr den kompletten neuen Produktkatalog!<\/span><\/h1>","protected":false},"excerpt":{"rendered":"<p>&nbsp;<\/p>\n<ul>\n<li><span style=\"font-family: arial, helvetica, sans-serif;\">Kundenspezifische Dienstleistungen umfassen Logodesign, Verpackung, Farbauswahl und Formerstellung.<\/span><\/li>\n<li><span style=\"font-family: arial, helvetica, sans-serif;\">Probef\u00fchrungszeit: Fertig Lager Logo hinzuf\u00fcgen: Ungef\u00e4hr 7 Tage; Neue Produktion: ca. 35 Tage<\/span><\/li>\n<li><span style=\"font-family: arial, helvetica, sans-serif;\">Material: Acetat \/ TR90 \/ Metall (entsprechend Anforderungen verstellbar.)<\/span><\/li>\n<li><span style=\"font-family: arial, helvetica, sans-serif;\">Zertifizierungen: CE \/ FDA \/ UKCA \/ ISO9001<\/span><\/li>\n<\/ul>","protected":false},"featured_media":5329,"comment_status":"closed","ping_status":"closed","template":"","meta":[],"product_brand":[],"product_cat":[72,86,80,87,20,55,89,74,78,56,70,97,79,66,57,58],"product_tag":[115],"class_list":{"0":"post-5325","1":"product","2":"type-product","3":"status-publish","4":"has-post-thumbnail","6":"product_cat-age","7":"product_cat-anti-blue-light","8":"product_cat-blue-light-blocking","9":"product_cat-demo","10":"product_cat-frame","11":"product_cat-gender","12":"product_cat-injection-frame","13":"product_cat-kids","14":"product_cat-lens","15":"product_cat-men","16":"product_cat-optical-frames","17":"product_cat-rectangle","18":"product_cat-shape","19":"product_cat-types","20":"product_cat-unisex","21":"product_cat-women","22":"product_tag-115","24":"first","25":"instock","26":"shipping-taxable","27":"purchasable","28":"product-type-simple"},"_links":{"self":[{"href":"https:\/\/www.susoneyewear.com\/de\/wp-json\/wp\/v2\/product\/5325","targetHints":{"allow":["GET"]}}],"collection":[{"href":"https:\/\/www.susoneyewear.com\/de\/wp-json\/wp\/v2\/product"}],"about":[{"href":"https:\/\/www.susoneyewear.com\/de\/wp-json\/wp\/v2\/types\/product"}],"replies":[{"embeddable":true,"href":"https:\/\/www.susoneyewear.com\/de\/wp-json\/wp\/v2\/comments?post=5325"}],"wp:featuredmedia":[{"embeddable":true,"href":"https:\/\/www.susoneyewear.com\/de\/wp-json\/wp\/v2\/media\/5329"}],"wp:attachment":[{"href":"https:\/\/www.susoneyewear.com\/de\/wp-json\/wp\/v2\/media?parent=5325"}],"wp:term":[{"taxonomy":"product_brand","embeddable":true,"href":"https:\/\/www.susoneyewear.com\/de\/wp-json\/wp\/v2\/product_brand?post=5325"},{"taxonomy":"product_cat","embeddable":true,"href":"https:\/\/www.susoneyewear.com\/de\/wp-json\/wp\/v2\/product_cat?post=5325"},{"taxonomy":"product_tag","embeddable":true,"href":"https:\/\/www.susoneyewear.com\/de\/wp-json\/wp\/v2\/product_tag?post=5325"}],"curies":[{"name":"wp","href":"https:\/\/api.w.org\/{rel}","templated":true}]}}