{"id":5233,"date":"2026-01-16T17:20:57","date_gmt":"2026-01-16T09:20:57","guid":{"rendered":"https:\/\/www.susoneyewear.com\/?post_type=product&#038;p=5233"},"modified":"2026-01-20T11:32:23","modified_gmt":"2026-01-20T03:32:23","slug":"rectangle-unisex-acetate-sunglasses-support-customize-5013","status":"publish","type":"product","link":"https:\/\/www.susoneyewear.com\/de\/rectangle-unisex-acetate-sunglasses-support-customize-5013\/","title":{"rendered":"Acetat Sonnenbrille Unterst\u00fctzung anpassen Rechteck unisex 5013"},"content":{"rendered":"<p><img fetchpriority=\"high\" decoding=\"async\" class=\"alignleft size-full wp-image-5241\" src=\"https:\/\/www.susoneyewear.com\/wp-content\/uploads\/2026\/01\/VG5003-\u5c3a\u5bf8\u56fe.png\" alt=\"schwarze Acetat Sonnenbrille\" width=\"800\" height=\"800\" srcset=\"https:\/\/www.susoneyewear.com\/wp-content\/uploads\/2026\/01\/VG5003-\u5c3a\u5bf8\u56fe.png 800w, https:\/\/www.susoneyewear.com\/wp-content\/uploads\/2026\/01\/VG5003-\u5c3a\u5bf8\u56fe-300x300.png 300w, https:\/\/www.susoneyewear.com\/wp-content\/uploads\/2026\/01\/VG5003-\u5c3a\u5bf8\u56fe-150x150.png 150w, https:\/\/www.susoneyewear.com\/wp-content\/uploads\/2026\/01\/VG5003-\u5c3a\u5bf8\u56fe-768x768.png 768w, https:\/\/www.susoneyewear.com\/wp-content\/uploads\/2026\/01\/VG5003-\u5c3a\u5bf8\u56fe-600x600.png 600w, https:\/\/www.susoneyewear.com\/wp-content\/uploads\/2026\/01\/VG5003-\u5c3a\u5bf8\u56fe-100x100.png 100w, https:\/\/www.susoneyewear.com\/wp-content\/uploads\/2026\/01\/VG5003-\u5c3a\u5bf8\u56fe-50x50.png 50w\" sizes=\"(max-width: 800px) 100vw, 800px\" \/><\/p>\n<p>&nbsp;<\/p>\n<table style=\"width: 58.6562%; height: 240px;\">\n<tbody>\n<tr style=\"height: 24px;\">\n<td style=\"width: 23.2189%; height: 24px;\" width=\"426\">Produkt:<\/td>\n<td style=\"width: 68.7713%; height: 24px;\" width=\"426\">Acetat Sonnenbrillen<\/td>\n<\/tr>\n<tr style=\"height: 24px;\">\n<td style=\"width: 23.2189%; height: 24px;\" width=\"426\">Rahmen Material:<\/td>\n<td style=\"width: 68.7713%; height: 24px;\" width=\"426\">Acetat<\/td>\n<\/tr>\n<tr style=\"height: 24px;\">\n<td style=\"width: 23.2189%; height: 24px;\" width=\"426\">Tempelmaterial:<\/td>\n<td style=\"width: 68.7713%; height: 24px;\" width=\"426\">Acetat<\/td>\n<\/tr>\n<tr style=\"height: 24px;\">\n<td style=\"width: 23.2189%; height: 24px;\" width=\"426\">Objektivmaterial:<\/td>\n<td style=\"width: 68.7713%; height: 24px;\" width=\"426\">TAC polarisiert<\/td>\n<\/tr>\n<tr style=\"height: 24px;\">\n<td style=\"width: 23.2189%; height: 24px;\" width=\"426\">Rahmenbreite:<\/td>\n<td style=\"width: 68.7713%; height: 24px;\" width=\"426\">55 mm<\/td>\n<\/tr>\n<tr style=\"height: 24px;\">\n<td style=\"width: 23.2189%; height: 24px;\" width=\"426\">Br\u00fcckenbreite:<\/td>\n<td style=\"width: 68.7713%; height: 24px;\" width=\"426\">20 mm<\/td>\n<\/tr>\n<tr style=\"height: 24px;\">\n<td style=\"width: 23.2189%; height: 24px;\" width=\"426\">Tempell\u00e4nge:<\/td>\n<td style=\"width: 68.7713%; height: 24px;\" width=\"426\">148mm<\/td>\n<\/tr>\n<tr style=\"height: 24px;\">\n<td style=\"width: 23.2189%; height: 24px;\" width=\"426\">Paket:<\/td>\n<td style=\"width: 68.7713%; height: 24px;\" width=\"426\">gemeinsame 10pcs in einer Box (MOQ)<\/td>\n<\/tr>\n<tr style=\"height: 24px;\">\n<td style=\"width: 23.2189%; height: 24px;\" width=\"426\">Anwendbares Geschlecht:<\/td>\n<td style=\"width: 68.7713%; height: 24px;\" width=\"426\">Unisex<\/td>\n<\/tr>\n<tr style=\"height: 24px;\">\n<td style=\"width: 23.2189%; height: 24px;\" width=\"426\">Farbe Optionen:<\/td>\n<td style=\"width: 68.7713%; height: 24px;\" width=\"426\">6 Farben verf\u00fcgbar, Unterst\u00fctzung Anpassung<\/td>\n<\/tr>\n<\/tbody>\n<\/table>\n<p>1. Hochwertiges Acetat Material: bequem zu tragen und nicht einfach zu verformen.<\/p>\n<p>2.TAC polarisierte Linsen: Effektiv reduzieren Blendung und verbessern visuellen Kontrast.<\/p>\n<p>Voller UV400-Schutz: Blockieren Sie 100% der ultravioletten Strahlen, um die Augengesundheit zu sch\u00fctzen.<\/p>\n<p>3. Vier Farboptionen: Treffen Sie unterschiedliche Stilbed\u00fcrfnisse und sind sowohl f\u00fcr M\u00e4nner als auch f\u00fcr Frauen geeignet<\/p>\n<p>5.Customization Service verf\u00fcgbar: Logodruck wird unterst\u00fctzt, und OEM \/ ODM-Zusammenarbeit ist verf\u00fcgbar.<\/p>\n<p>&nbsp;<\/p>\n<p><span style=\"font-size: 18pt;\"><strong>Anpassungsoptionen<\/strong><\/span><\/p>\n<p>Logodruck: kontaktieren Sie uns, pr\u00fcfen Sie, wie Sie Ihr Logo zu diesem Modell hinzuf\u00fcgen.<\/p>\n<p>Verpackung Anpassung<\/p>\n<p>OEM \/ ODM Zusammenarbeit (Mindestbestellmenge: 600 Paare)<\/p>\n<p>Objektivfarbe und Funktionsanpassung<\/p>\n<p><img decoding=\"async\" class=\"alignleft size-full wp-image-2567\" src=\"https:\/\/www.susoneyewear.com\/wp-content\/uploads\/2025\/09\/Service01.jpg\" alt=\"Service01\" width=\"500\" height=\"313\" srcset=\"https:\/\/www.susoneyewear.com\/wp-content\/uploads\/2025\/09\/Service01.jpg 500w, https:\/\/www.susoneyewear.com\/wp-content\/uploads\/2025\/09\/Service01-300x188.jpg 300w\" sizes=\"(max-width: 500px) 100vw, 500px\" \/><\/p>\n<p><img decoding=\"async\" class=\"alignleft wp-image-3637\" src=\"https:\/\/www.susoneyewear.com\/wp-content\/uploads\/2025\/10\/Customized04-1.jpg\" alt=\"Kundenspezifisch04-1\" width=\"638\" height=\"319\" srcset=\"https:\/\/www.susoneyewear.com\/wp-content\/uploads\/2025\/10\/Customized04-1.jpg 800w, https:\/\/www.susoneyewear.com\/wp-content\/uploads\/2025\/10\/Customized04-1-300x150.jpg 300w, https:\/\/www.susoneyewear.com\/wp-content\/uploads\/2025\/10\/Customized04-1-768x384.jpg 768w, https:\/\/www.susoneyewear.com\/wp-content\/uploads\/2025\/10\/Customized04-1-600x300.jpg 600w\" sizes=\"(max-width: 638px) 100vw, 638px\" \/><\/p>\n<p>&nbsp;<\/p>\n<p>&nbsp;<\/p>\n<p>&nbsp;<\/p>\n<p>&nbsp;<\/p>\n<p>&nbsp;<\/p>\n<p>&nbsp;<\/p>\n<p>&nbsp;<\/p>\n<p>&nbsp;<\/p>\n<p>&nbsp;<\/p>\n<p>&nbsp;<\/p>\n<p>&nbsp;<\/p>\n<p><span style=\"font-size: 18pt;\"><strong>H\u00e4ufig gestellte Fragen:<\/strong><\/span><\/p>\n<p>Q1: Ist dieses Brillenpaar f\u00fcr Menschen geeignet, die eine Kurzsichtigkeitskorrektur ben\u00f6tigen?<\/p>\n<p>A: Es unterst\u00fctzt die \u00dcbereinstimmung mit einem inneren Rahmen. F\u00fcr spezifische Details wenden Sie sich bitte an den Kundenservice f\u00fcr eine ma\u00dfgeschneiderte L\u00f6sung.<\/p>\n<p>Q2: Sind die Linsen kratzfest?<\/p>\n<p>A: Die TAC-Linsen haben eine gewisse Kratzfestigkeit. Es wird empfohlen, sie in einem Brillenkoffer zu lagern.<\/p>\n<p>Q3: Ist verschreibungspflichtige Anpassung verf\u00fcgbar?<\/p>\n<p>A: Dieses Modell ist ein verschreibungsloses Paar polarisierter Brillen. Wenn Sie verschreibungspflichtige Linsen ben\u00f6tigen, w\u00e4hlen Sie bitte den Anpassungsservice aus.<\/p>\n<p>&nbsp;<\/p>\n<p><strong><span style=\"font-size: 18pt;\">Versand:<\/span><\/strong><\/p>\n<p>&nbsp;<\/p>\n<p>Lieferung an das Ziel nach dem Kunden&#8217; s Anforderungen: FedEx, DHL, UPS, durch Luft, durch Meer, durch Bahn<\/p>","protected":false},"excerpt":{"rendered":"<p>MOQ: 2pcs; Fertig Lager benutzerdefiniertes Logo: 50pcs; OEM \/ ODM: 500pcs<\/p>\n<p>Kundenspezifische Dienstleistungen: Logo, Verpackung, Farbe und Formen.<\/p>\n<p>Probef\u00fchrungszeit: Fertig Lager Logo hinzuf\u00fcgen: ungef\u00e4hr 7 Tage; Produktion: 35days<\/p>\n<p>Material: Acetat \/ TR90 \/ Metall (entsprechend Anforderungen verstellbar.)<\/p>\n<p>Zertifizierungen: CE \/ FDA \/ UKCA \/ ISO9001<\/p>\n<p>Unterst\u00fctzt Kundenanpassung<\/p>","protected":false},"featured_media":5238,"comment_status":"closed","ping_status":"closed","template":"","meta":[],"product_brand":[],"product_cat":[88,73,72,77,20,55,78,56,97,79,67,66,57,84,58],"product_tag":[],"class_list":{"0":"post-5233","1":"product","2":"type-product","3":"status-publish","4":"has-post-thumbnail","6":"product_cat-acetate-frame","7":"product_cat-adult","8":"product_cat-age","9":"product_cat-elderly","10":"product_cat-frame","11":"product_cat-gender","12":"product_cat-lens","13":"product_cat-men","14":"product_cat-rectangle","15":"product_cat-shape","16":"product_cat-sunglasses","17":"product_cat-types","18":"product_cat-unisex","19":"product_cat-uv400","20":"product_cat-women","22":"first","23":"instock","24":"shipping-taxable","25":"purchasable","26":"product-type-simple"},"_links":{"self":[{"href":"https:\/\/www.susoneyewear.com\/de\/wp-json\/wp\/v2\/product\/5233","targetHints":{"allow":["GET"]}}],"collection":[{"href":"https:\/\/www.susoneyewear.com\/de\/wp-json\/wp\/v2\/product"}],"about":[{"href":"https:\/\/www.susoneyewear.com\/de\/wp-json\/wp\/v2\/types\/product"}],"replies":[{"embeddable":true,"href":"https:\/\/www.susoneyewear.com\/de\/wp-json\/wp\/v2\/comments?post=5233"}],"wp:featuredmedia":[{"embeddable":true,"href":"https:\/\/www.susoneyewear.com\/de\/wp-json\/wp\/v2\/media\/5238"}],"wp:attachment":[{"href":"https:\/\/www.susoneyewear.com\/de\/wp-json\/wp\/v2\/media?parent=5233"}],"wp:term":[{"taxonomy":"product_brand","embeddable":true,"href":"https:\/\/www.susoneyewear.com\/de\/wp-json\/wp\/v2\/product_brand?post=5233"},{"taxonomy":"product_cat","embeddable":true,"href":"https:\/\/www.susoneyewear.com\/de\/wp-json\/wp\/v2\/product_cat?post=5233"},{"taxonomy":"product_tag","embeddable":true,"href":"https:\/\/www.susoneyewear.com\/de\/wp-json\/wp\/v2\/product_tag?post=5233"}],"curies":[{"name":"wp","href":"https:\/\/api.w.org\/{rel}","templated":true}]}}