{"id":5225,"date":"2026-01-25T13:26:53","date_gmt":"2026-01-25T05:26:53","guid":{"rendered":"https:\/\/www.susoneyewear.com\/?post_type=product&#038;p=5225"},"modified":"2026-01-29T14:35:07","modified_gmt":"2026-01-29T06:35:07","slug":"hot-selling-matched-with-myopia-double-frame-polarized-sports-glassecycling-sports-sun-protection-sunglasses-%e5%a4%8d%e5%88%b6","status":"publish","type":"product","link":"https:\/\/www.susoneyewear.com\/de\/hot-selling-matched-with-myopia-double-frame-polarized-sports-glassecycling-sports-sun-protection-sunglasses-%e5%a4%8d%e5%88%b6\/","title":{"rendered":"Rechteck Unisex Acetat Sonnenbrille"},"content":{"rendered":"<p>1. Hochwertiges Acetat Material: bequem zu tragen und nicht einfach zu verformen.<\/p>\n<p>2.TAC polarisierte Linsen: Effektiv reduzieren Blendung und verbessern visuellen Kontrast.<\/p>\n<p>Voller UV400-Schutz: Blockieren Sie 100% der ultravioletten Strahlen, um die Augengesundheit zu sch\u00fctzen.<\/p>\n<p>3. Vier Farboptionen: Treffen Sie unterschiedliche Stilbed\u00fcrfnisse und sind sowohl f\u00fcr M\u00e4nner als auch f\u00fcr Frauen geeignet<\/p>\n<p>5.Customization Service verf\u00fcgbar: Logodruck wird unterst\u00fctzt, und OEM \/ ODM-Zusammenarbeit ist verf\u00fcgbar.<\/p>\n<p><img fetchpriority=\"high\" decoding=\"async\" class=\"alignleft wp-image-5227\" src=\"https:\/\/www.susoneyewear.com\/wp-content\/uploads\/2026\/01\/14.jpg\" alt=\"\" width=\"661\" height=\"661\" srcset=\"https:\/\/www.susoneyewear.com\/wp-content\/uploads\/2026\/01\/14.jpg 800w, https:\/\/www.susoneyewear.com\/wp-content\/uploads\/2026\/01\/14-300x300.jpg 300w, https:\/\/www.susoneyewear.com\/wp-content\/uploads\/2026\/01\/14-150x150.jpg 150w, https:\/\/www.susoneyewear.com\/wp-content\/uploads\/2026\/01\/14-768x768.jpg 768w, https:\/\/www.susoneyewear.com\/wp-content\/uploads\/2026\/01\/14-600x600.jpg 600w, https:\/\/www.susoneyewear.com\/wp-content\/uploads\/2026\/01\/14-100x100.jpg 100w, https:\/\/www.susoneyewear.com\/wp-content\/uploads\/2026\/01\/14-50x50.jpg 50w\" sizes=\"(max-width: 661px) 100vw, 661px\" \/><\/p>\n<p>&nbsp;<\/p>\n<table style=\"width: 64.0346%; height: 240px;\">\n<tbody>\n<tr style=\"height: 24px;\">\n<td style=\"width: 49.5392%; height: 24px;\" width=\"426\">Produkt:<\/td>\n<td style=\"width: 49.5392%; height: 24px;\" width=\"426\">Acetat Sonnenbrillen<\/td>\n<\/tr>\n<tr style=\"height: 24px;\">\n<td style=\"width: 49.5392%; height: 24px;\" width=\"426\">Rahmen Material:<\/td>\n<td style=\"width: 49.5392%; height: 24px;\" width=\"426\">Acetat<\/td>\n<\/tr>\n<tr style=\"height: 24px;\">\n<td style=\"width: 49.5392%; height: 24px;\" width=\"426\">Tempelmaterial:<\/td>\n<td style=\"width: 49.5392%; height: 24px;\" width=\"426\">Acetat<\/td>\n<\/tr>\n<tr style=\"height: 24px;\">\n<td style=\"width: 49.5392%; height: 24px;\" width=\"426\">Objektivmaterial:<\/td>\n<td style=\"width: 49.5392%; height: 24px;\" width=\"426\">TAC polarisiert<\/td>\n<\/tr>\n<tr style=\"height: 24px;\">\n<td style=\"width: 49.5392%; height: 24px;\" width=\"426\">Rahmenbreite:<\/td>\n<td style=\"width: 49.5392%; height: 24px;\" width=\"426\">53mm<\/td>\n<\/tr>\n<tr style=\"height: 24px;\">\n<td style=\"width: 49.5392%; height: 24px;\" width=\"426\">Br\u00fcckenbreite:<\/td>\n<td style=\"width: 49.5392%; height: 24px;\" width=\"426\">21 mm<\/td>\n<\/tr>\n<tr style=\"height: 24px;\">\n<td style=\"width: 49.5392%; height: 24px;\" width=\"426\">Tempell\u00e4nge:<\/td>\n<td style=\"width: 49.5392%; height: 24px;\" width=\"426\">147mm<\/td>\n<\/tr>\n<tr style=\"height: 24px;\">\n<td style=\"width: 49.5392%; height: 24px;\" width=\"426\">Paket:<\/td>\n<td style=\"width: 49.5392%; height: 24px;\" width=\"426\">Gemeinsame 10pcs in einer Box, Unterst\u00fctzung angepasst<\/td>\n<\/tr>\n<tr style=\"height: 24px;\">\n<td style=\"width: 49.5392%; height: 24px;\" width=\"426\">Anwendbares Geschlecht:<\/td>\n<td style=\"width: 49.5392%; height: 24px;\" width=\"426\">Unisex<\/td>\n<\/tr>\n<tr style=\"height: 24px;\">\n<td style=\"width: 49.5392%; height: 24px;\" width=\"426\">Farbe Optionen:<\/td>\n<td style=\"width: 49.5392%; height: 24px;\" width=\"426\">4 Farben verf\u00fcgbar, Unterst\u00fctzung Anpassung<\/td>\n<\/tr>\n<\/tbody>\n<\/table>\n<p>&nbsp;<\/p>\n<p><span style=\"font-size: 18pt;\"><strong>Anpassungsoptionen<\/strong><\/span><\/p>\n<p>Logodruck (Mindestbestellmenge: 20 Paare)<\/p>\n<p>Verpackung Anpassung<\/p>\n<p>OEM \/ ODM Zusammenarbeit (Mindestbestellmenge: 600 Paare)<\/p>\n<p>Objektivfarbe und Funktionsanpassung<\/p>\n<p><img decoding=\"async\" class=\"alignnone wp-image-5384\" src=\"https:\/\/www.susoneyewear.com\/wp-content\/uploads\/2026\/01\/OEM-ODM-SERVICE-.jpg\" alt=\"OEM &amp; ODM Brillenfabrik\" width=\"800\" height=\"1200\" srcset=\"https:\/\/www.susoneyewear.com\/wp-content\/uploads\/2026\/01\/OEM-ODM-SERVICE-.jpg 1200w, https:\/\/www.susoneyewear.com\/wp-content\/uploads\/2026\/01\/OEM-ODM-SERVICE--200x300.jpg 200w, https:\/\/www.susoneyewear.com\/wp-content\/uploads\/2026\/01\/OEM-ODM-SERVICE--683x1024.jpg 683w, https:\/\/www.susoneyewear.com\/wp-content\/uploads\/2026\/01\/OEM-ODM-SERVICE--768x1152.jpg 768w, https:\/\/www.susoneyewear.com\/wp-content\/uploads\/2026\/01\/OEM-ODM-SERVICE--1024x1536.jpg 1024w, https:\/\/www.susoneyewear.com\/wp-content\/uploads\/2026\/01\/OEM-ODM-SERVICE--600x900.jpg 600w\" sizes=\"(max-width: 800px) 100vw, 800px\" \/><\/p>\n<p><span style=\"font-size: 18pt;\"><strong>Anwendungsszenarien:<\/strong><\/span><\/p>\n<p>Mode und Outdoor-Aktivit\u00e4ten sch\u00fctzen die Augen.<\/p>\n<p>&nbsp;<\/p>\n<p><span style=\"font-size: 18pt;\"><strong>H\u00e4ufig gestellte Fragen:<\/strong><\/span><\/p>\n<p>Q1: Ist dieses Brillenpaar f\u00fcr Menschen geeignet, die eine Kurzsichtigkeitskorrektur ben\u00f6tigen?<\/p>\n<p>A: Es unterst\u00fctzt die \u00dcbereinstimmung mit einem inneren Rahmen. F\u00fcr spezifische Details wenden Sie sich bitte an den Kundenservice f\u00fcr eine ma\u00dfgeschneiderte L\u00f6sung.<\/p>\n<p>Q2: Sind die Linsen kratzfest?<\/p>\n<p>A: Die TAC-Linsen haben eine gewisse Kratzfestigkeit. Es wird empfohlen, sie in einem Brillenkoffer zu lagern.<\/p>\n<p>Q3: Ist verschreibungspflichtige Anpassung verf\u00fcgbar?<\/p>\n<p>A: Dieses Modell ist ein verschreibungsloses Paar polarisierter Brillen. Wenn Sie verschreibungspflichtige Linsen ben\u00f6tigen, w\u00e4hlen Sie bitte den Anpassungsservice aus.<\/p>\n<p>&nbsp;<\/p>\n<p><strong><span style=\"font-size: 18pt;\">Versand:<\/span><\/strong><\/p>\n<p>Lieferung an das Ziel nach dem Kunden&#8217; s Anforderungen<\/p>\n<p><img decoding=\"async\" class=\"alignleft size-full wp-image-5248\" src=\"https:\/\/www.susoneyewear.com\/wp-content\/uploads\/2026\/01\/shipping.png\" alt=\"Versand an Ihr Ziel Sicherheit\" width=\"904\" height=\"711\" srcset=\"https:\/\/www.susoneyewear.com\/wp-content\/uploads\/2026\/01\/shipping.png 904w, https:\/\/www.susoneyewear.com\/wp-content\/uploads\/2026\/01\/shipping-300x236.png 300w, https:\/\/www.susoneyewear.com\/wp-content\/uploads\/2026\/01\/shipping-768x604.png 768w, https:\/\/www.susoneyewear.com\/wp-content\/uploads\/2026\/01\/shipping-600x472.png 600w\" sizes=\"(max-width: 904px) 100vw, 904px\" \/><\/p>","protected":false},"excerpt":{"rendered":"<p>MOQ: 2pcs; Fertig Lager benutzerdefiniertes Logo: 50pcs; OEM \/ ODM: 500pcs<\/p>\n<p>Kundenspezifische Dienstleistungen: Logo, Verpackung, Farbe und Formen.<\/p>\n<p>Probef\u00fchrungszeit: Fertig Lager Logo hinzuf\u00fcgen: Ungef\u00e4hr 7 Tage; Produktion: 35days<\/p>\n<p>Rahmenmaterial: Acetat \/ TR90 \/ Metall (entsprechend Anforderungen verstellbar.)<\/p>\n<p>Zertifizierungen: CE \/ FDA \/ UKCA \/ ISO9001<\/p>\n<p>Unterst\u00fctzt Kundenanpassung<\/p>","protected":false},"featured_media":5231,"comment_status":"closed","ping_status":"closed","template":"","meta":[],"product_brand":[],"product_cat":[88,73,72,77,20,55,78,56,97,79,67,66,57,84,58],"product_tag":[],"class_list":{"0":"post-5225","1":"product","2":"type-product","3":"status-publish","4":"has-post-thumbnail","6":"product_cat-acetate-frame","7":"product_cat-adult","8":"product_cat-age","9":"product_cat-elderly","10":"product_cat-frame","11":"product_cat-gender","12":"product_cat-lens","13":"product_cat-men","14":"product_cat-rectangle","15":"product_cat-shape","16":"product_cat-sunglasses","17":"product_cat-types","18":"product_cat-unisex","19":"product_cat-uv400","20":"product_cat-women","22":"first","23":"instock","24":"shipping-taxable","25":"purchasable","26":"product-type-simple"},"_links":{"self":[{"href":"https:\/\/www.susoneyewear.com\/de\/wp-json\/wp\/v2\/product\/5225","targetHints":{"allow":["GET"]}}],"collection":[{"href":"https:\/\/www.susoneyewear.com\/de\/wp-json\/wp\/v2\/product"}],"about":[{"href":"https:\/\/www.susoneyewear.com\/de\/wp-json\/wp\/v2\/types\/product"}],"replies":[{"embeddable":true,"href":"https:\/\/www.susoneyewear.com\/de\/wp-json\/wp\/v2\/comments?post=5225"}],"wp:featuredmedia":[{"embeddable":true,"href":"https:\/\/www.susoneyewear.com\/de\/wp-json\/wp\/v2\/media\/5231"}],"wp:attachment":[{"href":"https:\/\/www.susoneyewear.com\/de\/wp-json\/wp\/v2\/media?parent=5225"}],"wp:term":[{"taxonomy":"product_brand","embeddable":true,"href":"https:\/\/www.susoneyewear.com\/de\/wp-json\/wp\/v2\/product_brand?post=5225"},{"taxonomy":"product_cat","embeddable":true,"href":"https:\/\/www.susoneyewear.com\/de\/wp-json\/wp\/v2\/product_cat?post=5225"},{"taxonomy":"product_tag","embeddable":true,"href":"https:\/\/www.susoneyewear.com\/de\/wp-json\/wp\/v2\/product_tag?post=5225"}],"curies":[{"name":"wp","href":"https:\/\/api.w.org\/{rel}","templated":true}]}}