{"id":4753,"date":"2025-12-05T14:46:15","date_gmt":"2025-12-05T06:46:15","guid":{"rendered":"https:\/\/www.susoneyewear.com\/?post_type=product&#038;p=4753"},"modified":"2026-01-14T15:54:46","modified_gmt":"2026-01-14T07:54:46","slug":"sports-sunglasses","status":"publish","type":"product","link":"https:\/\/www.susoneyewear.com\/de\/sports-sunglasses\/","title":{"rendered":"Hot Verkauf mit Kurzsichtigkeit Doppelrahmen polarisierte Sportbrille, Radsport Sonnenschutz Sonnenbrille abgestimmt"},"content":{"rendered":"<p>1.Ultra-leichtes TR90 Material: Flexibel und langlebig, bequem zu tragen und nicht einfach zu verformen.<\/p>\n<p>2.TAC polarisierte Linsen: Effektiv reduzieren Blendung und verbessern visuellen Kontrast.<\/p>\n<p>Voller UV400-Schutz: Blockieren Sie 100% der ultravioletten Strahlen, um die Augengesundheit zu sch\u00fctzen.<\/p>\n<p>3.Anti-Rutschsport Design: Die Nasenpolster und Tempelarme nehmen eine rutschfeste Struktur an, die f\u00fcr Hochintensit\u00e4tssports geeignet ist.<\/p>\n<p>4.Six stilvolle Farboptionen: Treffen Sie verschiedene Stilbed\u00fcrfnisse und sind sowohl f\u00fcr M\u00e4nner als auch f\u00fcr Frauen geeignet.<\/p>\n<p>5.Customization Service verf\u00fcgbar: Logodruck wird unterst\u00fctzt, und OEM \/ ODM-Zusammenarbeit ist verf\u00fcgbar.<\/p>\n<p><img fetchpriority=\"high\" decoding=\"async\" class=\"size-full wp-image-5135 alignnone\" src=\"https:\/\/www.susoneyewear.com\/wp-content\/uploads\/2025\/12\/17101.jpg\" alt=\"Sportbrille zum Laufen \" width=\"800\" height=\"800\" srcset=\"https:\/\/www.susoneyewear.com\/wp-content\/uploads\/2025\/12\/17101.jpg 800w, https:\/\/www.susoneyewear.com\/wp-content\/uploads\/2025\/12\/17101-300x300.jpg 300w, https:\/\/www.susoneyewear.com\/wp-content\/uploads\/2025\/12\/17101-150x150.jpg 150w, https:\/\/www.susoneyewear.com\/wp-content\/uploads\/2025\/12\/17101-768x768.jpg 768w, https:\/\/www.susoneyewear.com\/wp-content\/uploads\/2025\/12\/17101-600x600.jpg 600w, https:\/\/www.susoneyewear.com\/wp-content\/uploads\/2025\/12\/17101-100x100.jpg 100w, https:\/\/www.susoneyewear.com\/wp-content\/uploads\/2025\/12\/17101-50x50.jpg 50w\" sizes=\"(max-width: 800px) 100vw, 800px\" \/><\/p>\n<p>&nbsp;<\/p>\n<table style=\"width: 64.0346%;\">\n<tbody>\n<tr>\n<td style=\"width: 49.5392%;\" width=\"426\">Produkt:<\/td>\n<td style=\"width: 49.5392%;\" width=\"426\">Sport Sonnenbrillen<\/td>\n<\/tr>\n<tr>\n<td style=\"width: 49.5392%;\" width=\"426\">Rahmen Material:<\/td>\n<td style=\"width: 49.5392%;\" width=\"426\">der TR90<\/td>\n<\/tr>\n<tr>\n<td style=\"width: 49.5392%;\" width=\"426\">Tempelmaterial:<\/td>\n<td style=\"width: 49.5392%;\" width=\"426\">der TR90<\/td>\n<\/tr>\n<tr>\n<td style=\"width: 49.5392%;\" width=\"426\">Objektivmaterial:<\/td>\n<td style=\"width: 49.5392%;\" width=\"426\">TAC polarisiert<\/td>\n<\/tr>\n<tr>\n<td style=\"width: 49.5392%;\" width=\"426\">Rahmenbreite:<\/td>\n<td style=\"width: 49.5392%;\" width=\"426\">141mm<\/td>\n<\/tr>\n<tr>\n<td style=\"width: 49.5392%;\" width=\"426\">Br\u00fcckenbreite:<\/td>\n<td style=\"width: 49.5392%;\" width=\"426\">22 mm<\/td>\n<\/tr>\n<tr>\n<td style=\"width: 49.5392%;\" width=\"426\">Tempell\u00e4nge:<\/td>\n<td style=\"width: 49.5392%;\" width=\"426\">130mm<\/td>\n<\/tr>\n<tr>\n<td style=\"width: 49.5392%;\" width=\"426\">Gl\u00e4sergewicht:<\/td>\n<td style=\"width: 49.5392%;\" width=\"426\">33G<\/td>\n<\/tr>\n<tr>\n<td style=\"width: 49.5392%;\" width=\"426\">Anwendbares Geschlecht:<\/td>\n<td style=\"width: 49.5392%;\" width=\"426\">Unisex<\/td>\n<\/tr>\n<tr>\n<td style=\"width: 49.5392%;\" width=\"426\">Farbe Optionen:<\/td>\n<td style=\"width: 49.5392%;\" width=\"426\">6 Farben verf\u00fcgbar, Unterst\u00fctzung Anpassung<\/td>\n<\/tr>\n<\/tbody>\n<\/table>\n<p>&nbsp;<\/p>\n<p>&nbsp;<\/p>\n<p><span style=\"font-size: 18pt;\"><strong>Anwendungsszenarien:<\/strong><\/span><\/p>\n<p>Zu den Outdoor-Sportarten z\u00e4hlen unter anderem Radfahren, Laufen, Bergsteigen und Angeln.<\/p>\n<p><img decoding=\"async\" class=\"wp-image-4756 size-full alignnone\" src=\"https:\/\/www.susoneyewear.com\/wp-content\/uploads\/2025\/12\/img.jpg\" alt=\"Hot Verkauf mit kurzsichtigkeit Doppelrahmen polarisierte Sportbrille modische Bergsteigen Radfahren Sport Sonnenschutz Sonnenbrille im Freien anti-ultraviolette Sport Sonnenbrille\" width=\"800\" height=\"1091\" srcset=\"https:\/\/www.susoneyewear.com\/wp-content\/uploads\/2025\/12\/img.jpg 800w, https:\/\/www.susoneyewear.com\/wp-content\/uploads\/2025\/12\/img-220x300.jpg 220w, https:\/\/www.susoneyewear.com\/wp-content\/uploads\/2025\/12\/img-751x1024.jpg 751w, https:\/\/www.susoneyewear.com\/wp-content\/uploads\/2025\/12\/img-768x1047.jpg 768w, https:\/\/www.susoneyewear.com\/wp-content\/uploads\/2025\/12\/img-600x818.jpg 600w\" sizes=\"(max-width: 800px) 100vw, 800px\" \/><\/p>\n<p><span style=\"font-size: 18pt;\"><strong>H\u00e4ufig gestellte Fragen:<\/strong><\/span><\/p>\n<p>Q1: Ist dieses Brillenpaar f\u00fcr Menschen geeignet, die eine Kurzsichtigkeitskorrektur ben\u00f6tigen?<\/p>\n<p>A: Es unterst\u00fctzt die \u00dcbereinstimmung mit einem inneren Rahmen. F\u00fcr spezifische Details wenden Sie sich bitte an den Kundenservice f\u00fcr eine ma\u00dfgeschneiderte L\u00f6sung.<\/p>\n<p>Q2: Sind die Linsen kratzfest?<\/p>\n<p>A: Die TAC-Linsen haben eine gewisse Kratzfestigkeit. Es wird empfohlen, sie in einem Brillenkoffer zu lagern.<\/p>\n<p>Q3: Ist verschreibungspflichtige Anpassung verf\u00fcgbar?<\/p>\n<p>A: Dieses Modell ist eine verschreibungslose polarisierte Brille. Wenn Sie verschreibungspflichtige Linsen ben\u00f6tigen, w\u00e4hlen Sie bitte den Anpassungsservice aus.<\/p>\n<p>&nbsp;<\/p>\n<p><span style=\"font-size: 18pt;\"><strong>St\u00e4rken des Unternehmens<\/strong><\/span><\/p>\n<p>Wir haben \u00fcber 27 Jahre Erfahrung in der Herstellung von Brillen, mit unseren eigenen Produktionslinien und einem professionellen Designteam. Wir unterst\u00fctzen sowohl die Kleinserienanpassung als auch die Massenproduktion und bieten einen One-Stop-Service vom Design bis zur Logistik.<\/p>\n<p><span style=\"font-size: 18pt;\"><strong>Anpassungsoptionen<\/strong><\/span><\/p>\n<p>Logodruck (Mindestbestellmenge: 20 Paare)<\/p>\n<p>Verpackung Anpassung<\/p>\n<p>OEM \/ ODM Zusammenarbeit (Mindestbestellmenge: 600 Paare)<\/p>\n<p>Objektivfarbe und Funktionsanpassung<\/p>\n<p>&nbsp;<\/p>\n<p><span style=\"font-size: 18pt;\"><strong><u>Min Bestellung<\/u><\/strong><\/span><\/p>\n<p>10pcs \/ Modell<br \/>\n20pcs \/ Modell zum Drucken von Logo<\/p>\n<p>600pcs \/ Modell f\u00fcr Produktionsauftrag<\/p>\n<p><span style=\"font-size: 18pt;\"><strong><u>Dienstleistungen<\/u><\/strong><\/span><\/p>\n<p>Qualit\u00e4tskontrolle: 100% QC<\/p>\n<p>Logo: angepasst Ihre Marke &amp; amp; Logos<br \/>\nOEM: Sie entwerfen, wir produzieren<br \/>\nODM: Wir entwerfen und fertigen, Ihre Marke<\/p>\n<p>Paket: Standard opp Beutel &amp; amp; kundenspezifisches Paket<\/p>\n<p>Versand: Lieferung an das Ziel entsprechend customer&#8217; s Anforderungen<\/p>","protected":false},"excerpt":{"rendered":"<p>Diese polarisierte Sportsonnebrille TR90 ist speziell f\u00fcr Outdoor-Sportler konzipiert. Es nimmt einen leichten TR90-Rahmen und TAC-polarisierte Linsen an, die einen ausgezeichneten UV-Schutz und visuelle Klarheit bieten. Geeignet f\u00fcr verschiedene Outdoor-Szenarien wie Radfahren, Laufen, Bergsteigen und Angeln, ist es Unisex mit sechs Farben verf\u00fcgbar, die Mode und Funktionalit\u00e4t kombinieren.<\/p>","protected":false},"featured_media":4213,"comment_status":"closed","ping_status":"closed","template":"","meta":[],"product_brand":[],"product_cat":[73,72,77,20,55,89,78,56,79,99,67,66,57,84,58],"product_tag":[],"class_list":{"0":"post-4753","1":"product","2":"type-product","3":"status-publish","4":"has-post-thumbnail","6":"product_cat-adult","7":"product_cat-age","8":"product_cat-elderly","9":"product_cat-frame","10":"product_cat-gender","11":"product_cat-injection-frame","12":"product_cat-lens","13":"product_cat-men","14":"product_cat-shape","15":"product_cat-sports","16":"product_cat-sunglasses","17":"product_cat-types","18":"product_cat-unisex","19":"product_cat-uv400","20":"product_cat-women","22":"first","23":"instock","24":"shipping-taxable","25":"purchasable","26":"product-type-simple"},"_links":{"self":[{"href":"https:\/\/www.susoneyewear.com\/de\/wp-json\/wp\/v2\/product\/4753","targetHints":{"allow":["GET"]}}],"collection":[{"href":"https:\/\/www.susoneyewear.com\/de\/wp-json\/wp\/v2\/product"}],"about":[{"href":"https:\/\/www.susoneyewear.com\/de\/wp-json\/wp\/v2\/types\/product"}],"replies":[{"embeddable":true,"href":"https:\/\/www.susoneyewear.com\/de\/wp-json\/wp\/v2\/comments?post=4753"}],"wp:featuredmedia":[{"embeddable":true,"href":"https:\/\/www.susoneyewear.com\/de\/wp-json\/wp\/v2\/media\/4213"}],"wp:attachment":[{"href":"https:\/\/www.susoneyewear.com\/de\/wp-json\/wp\/v2\/media?parent=4753"}],"wp:term":[{"taxonomy":"product_brand","embeddable":true,"href":"https:\/\/www.susoneyewear.com\/de\/wp-json\/wp\/v2\/product_brand?post=4753"},{"taxonomy":"product_cat","embeddable":true,"href":"https:\/\/www.susoneyewear.com\/de\/wp-json\/wp\/v2\/product_cat?post=4753"},{"taxonomy":"product_tag","embeddable":true,"href":"https:\/\/www.susoneyewear.com\/de\/wp-json\/wp\/v2\/product_tag?post=4753"}],"curies":[{"name":"wp","href":"https:\/\/api.w.org\/{rel}","templated":true}]}}