{"id":4062,"date":"2025-10-27T21:13:48","date_gmt":"2025-10-27T13:13:48","guid":{"rendered":"https:\/\/www.susoneyewear.com\/?post_type=product&#038;p=4062"},"modified":"2026-01-15T15:54:47","modified_gmt":"2026-01-15T07:54:47","slug":"ai-smart-glasses-automatic-recognition-bt-voice-call-unisex-glasses-e02-ai-voice-assistant-800w-camera-smart-translator-glasses","status":"publish","type":"product","link":"https:\/\/www.susoneyewear.com\/de\/ai-smart-glasses-automatic-recognition-bt-voice-call-unisex-glasses-e02-ai-voice-assistant-800w-camera-smart-translator-glasses\/","title":{"rendered":"E02 AI Sprachassistent 800W Kamera Smart \u00dcbersetzer Brille"},"content":{"rendered":"<table style=\"width: 67.8157%;\">\n<tbody>\n<tr>\n<td style=\"width: 42.0863%;\" width=\"231\">Erinnerung<\/td>\n<td style=\"width: 122.842%;\" width=\"312\">32 GB<\/td>\n<\/tr>\n<tr>\n<td style=\"width: 42.0863%;\" width=\"231\">Kamera<\/td>\n<td style=\"width: 122.842%;\" width=\"312\">800W<\/td>\n<\/tr>\n<tr>\n<td style=\"width: 42.0863%;\" width=\"231\">Videos<\/td>\n<td style=\"width: 122.842%;\" width=\"312\">1080P 30 Rahmen<\/td>\n<\/tr>\n<tr>\n<td style=\"width: 42.0863%;\" width=\"231\">Mikrofon.<\/td>\n<td style=\"width: 122.842%;\" width=\"312\">Doppeltes Siliziummikrofon. Ger\u00e4uschreduzierung<\/td>\n<\/tr>\n<tr>\n<td style=\"width: 42.0863%;\" width=\"231\">Schaltfl\u00e4chen<\/td>\n<td style=\"width: 122.842%;\" width=\"312\">2 Tasten<\/td>\n<\/tr>\n<tr>\n<td style=\"width: 42.0863%;\" width=\"231\">Touch-Tasten<\/td>\n<td style=\"width: 122.842%;\" width=\"312\">Slide Touch auf dem rechten Tempel<\/td>\n<\/tr>\n<tr>\n<td style=\"width: 42.0863%;\" width=\"231\">Sprecher<\/td>\n<td style=\"width: 122.842%;\" width=\"312\">Doppelte HIFI-Basslautsprecher<\/td>\n<\/tr>\n<tr>\n<td style=\"width: 42.0863%;\" width=\"231\">Batteriekapazit\u00e4t<\/td>\n<td style=\"width: 122.842%;\" width=\"312\">320mAh, unterst\u00fctzt 3C Schnelladen<\/td>\n<\/tr>\n<tr>\n<td style=\"width: 42.0863%;\" width=\"231\">Foto\/Video<\/td>\n<td style=\"width: 122.842%;\" width=\"312\">Unterst\u00fctzung f\u00fcr Wi-Fi-\u00dcbertragung<\/td>\n<\/tr>\n<tr>\n<td style=\"width: 42.0863%;\" width=\"231\">Verschlei\u00dferkennung<\/td>\n<td style=\"width: 122.842%;\" width=\"312\">Unterst\u00fctzung<\/td>\n<\/tr>\n<tr>\n<td style=\"width: 42.0863%;\" width=\"231\">Anti-Shake<\/td>\n<td style=\"width: 122.842%;\" width=\"312\">Software-Anti-Shake-Algorithmus<\/td>\n<\/tr>\n<tr>\n<td style=\"width: 42.0863%;\" width=\"231\">Ladeport<\/td>\n<td style=\"width: 122.842%;\" width=\"312\">2-poliges magnetisches Schnellladen<\/td>\n<\/tr>\n<tr>\n<td style=\"width: 42.0863%;\" width=\"231\">\u00a0LED-Status<\/td>\n<td style=\"width: 122.842%;\" width=\"312\">Kamera Anzeige Licht<\/td>\n<\/tr>\n<tr>\n<td style=\"width: 42.0863%;\" width=\"231\">Material f\u00fcr Brillenrahmen<\/td>\n<td style=\"width: 122.842%;\" width=\"312\">der TR90<\/td>\n<\/tr>\n<tr>\n<td style=\"width: 42.0863%;\" width=\"231\">Tempel Scharnier Material<\/td>\n<td style=\"width: 122.842%;\" width=\"312\">Edelstahl<\/td>\n<\/tr>\n<tr>\n<td style=\"width: 42.0863%;\" width=\"231\">Ladestrom<\/td>\n<td style=\"width: 122.842%;\" width=\"312\">300mA mit Path Management<\/td>\n<\/tr>\n<tr>\n<td style=\"width: 42.0863%;\" width=\"231\">Ladezeit<\/td>\n<td style=\"width: 122.842%;\" width=\"312\">70 Minuten<\/td>\n<\/tr>\n<tr>\n<td style=\"width: 42.0863%;\" width=\"231\">Maximale Videozeit<br \/>\n(einzelne Runde)<\/td>\n<td style=\"width: 122.842%;\" width=\"312\">12 Minuten<\/td>\n<\/tr>\n<tr>\n<td style=\"width: 42.0863%;\" width=\"231\">Kontinuierliche Videoaufnahmezeit<\/td>\n<td style=\"width: 122.842%;\" width=\"312\">Bis zu 3 Stunden<\/td>\n<\/tr>\n<tr>\n<td style=\"width: 42.0863%;\" width=\"231\">Standby-Zeit<\/td>\n<td style=\"width: 122.842%;\" width=\"312\">\u00a0Bis zu 120 Stunden<\/td>\n<\/tr>\n<tr>\n<td style=\"width: 42.0863%;\" width=\"231\">Musik Zeit<\/td>\n<td style=\"width: 122.842%;\" width=\"312\">Bis zu 10 Stunden<\/td>\n<\/tr>\n<tr>\n<td style=\"width: 42.0863%;\" width=\"231\">gro\u00dfes Sprachmodell) - Overseas Market<\/td>\n<td style=\"width: 122.842%;\" width=\"312\">ChatGPT DeepSeek<\/td>\n<\/tr>\n<tr>\n<td style=\"width: 42.0863%;\" width=\"231\">Gewicht<\/td>\n<td style=\"width: 122.842%;\" width=\"312\">42g<\/td>\n<\/tr>\n<tr>\n<td style=\"width: 42.0863%;\" width=\"231\">Zubeh\u00f6r<\/td>\n<td style=\"width: 122.842%;\" width=\"312\">Klappbares Geh\u00e4use, Reinigungstuch, Anti-blaue Lichtlinsen (1 Paar), UV-gesch\u00fctzte schwarze Linsen (1 Paar), Ladekabel, Bedienungsanleitung<\/td>\n<\/tr>\n<\/tbody>\n<\/table>\n<p><img fetchpriority=\"high\" decoding=\"async\" class=\"alignleft  wp-image-5194\" src=\"https:\/\/www.susoneyewear.com\/wp-content\/uploads\/2026\/01\/Large-size-version-1.png\" alt=\"\" width=\"923\" height=\"923\" srcset=\"https:\/\/www.susoneyewear.com\/wp-content\/uploads\/2026\/01\/Large-size-version-1.png 800w, https:\/\/www.susoneyewear.com\/wp-content\/uploads\/2026\/01\/Large-size-version-1-300x300.png 300w, https:\/\/www.susoneyewear.com\/wp-content\/uploads\/2026\/01\/Large-size-version-1-150x150.png 150w, https:\/\/www.susoneyewear.com\/wp-content\/uploads\/2026\/01\/Large-size-version-1-768x768.png 768w, https:\/\/www.susoneyewear.com\/wp-content\/uploads\/2026\/01\/Large-size-version-1-600x600.png 600w, https:\/\/www.susoneyewear.com\/wp-content\/uploads\/2026\/01\/Large-size-version-1-100x100.png 100w, https:\/\/www.susoneyewear.com\/wp-content\/uploads\/2026\/01\/Large-size-version-1-50x50.png 50w\" sizes=\"(max-width: 923px) 100vw, 923px\" \/> <img decoding=\"async\" class=\"alignleft  wp-image-5195\" src=\"https:\/\/www.susoneyewear.com\/wp-content\/uploads\/2026\/01\/Standard-version-1.png\" alt=\"\" width=\"928\" height=\"928\" srcset=\"https:\/\/www.susoneyewear.com\/wp-content\/uploads\/2026\/01\/Standard-version-1.png 800w, https:\/\/www.susoneyewear.com\/wp-content\/uploads\/2026\/01\/Standard-version-1-300x300.png 300w, https:\/\/www.susoneyewear.com\/wp-content\/uploads\/2026\/01\/Standard-version-1-150x150.png 150w, https:\/\/www.susoneyewear.com\/wp-content\/uploads\/2026\/01\/Standard-version-1-768x768.png 768w, https:\/\/www.susoneyewear.com\/wp-content\/uploads\/2026\/01\/Standard-version-1-600x600.png 600w, https:\/\/www.susoneyewear.com\/wp-content\/uploads\/2026\/01\/Standard-version-1-100x100.png 100w, https:\/\/www.susoneyewear.com\/wp-content\/uploads\/2026\/01\/Standard-version-1-50x50.png 50w\" sizes=\"(max-width: 928px) 100vw, 928px\" \/><\/p>\n<p><img decoding=\"async\" class=\"alignnone wp-image-4081 size-full\" src=\"https:\/\/www.susoneyewear.com\/wp-content\/uploads\/2025\/10\/smart-glasses-E02-d01.jpg\" alt=\"\" width=\"930\" height=\"1428\" srcset=\"https:\/\/www.susoneyewear.com\/wp-content\/uploads\/2025\/10\/smart-glasses-E02-d01.jpg 930w, https:\/\/www.susoneyewear.com\/wp-content\/uploads\/2025\/10\/smart-glasses-E02-d01-195x300.jpg 195w, https:\/\/www.susoneyewear.com\/wp-content\/uploads\/2025\/10\/smart-glasses-E02-d01-667x1024.jpg 667w, https:\/\/www.susoneyewear.com\/wp-content\/uploads\/2025\/10\/smart-glasses-E02-d01-768x1179.jpg 768w, https:\/\/www.susoneyewear.com\/wp-content\/uploads\/2025\/10\/smart-glasses-E02-d01-600x921.jpg 600w\" sizes=\"(max-width: 930px) 100vw, 930px\" \/><img loading=\"lazy\" decoding=\"async\" class=\"alignnone wp-image-4077 size-full\" src=\"https:\/\/www.susoneyewear.com\/wp-content\/uploads\/2025\/10\/smart-glasses-E02-d02.jpg\" alt=\"\" width=\"930\" height=\"1640\" srcset=\"https:\/\/www.susoneyewear.com\/wp-content\/uploads\/2025\/10\/smart-glasses-E02-d02.jpg 930w, https:\/\/www.susoneyewear.com\/wp-content\/uploads\/2025\/10\/smart-glasses-E02-d02-170x300.jpg 170w, https:\/\/www.susoneyewear.com\/wp-content\/uploads\/2025\/10\/smart-glasses-E02-d02-581x1024.jpg 581w, https:\/\/www.susoneyewear.com\/wp-content\/uploads\/2025\/10\/smart-glasses-E02-d02-768x1354.jpg 768w, https:\/\/www.susoneyewear.com\/wp-content\/uploads\/2025\/10\/smart-glasses-E02-d02-871x1536.jpg 871w, https:\/\/www.susoneyewear.com\/wp-content\/uploads\/2025\/10\/smart-glasses-E02-d02-600x1058.jpg 600w\" sizes=\"(max-width: 930px) 100vw, 930px\" \/> <img loading=\"lazy\" decoding=\"async\" class=\"alignnone wp-image-4078 size-full\" src=\"https:\/\/www.susoneyewear.com\/wp-content\/uploads\/2025\/10\/smart-glasses-E02-d03.jpg\" alt=\"\" width=\"930\" height=\"1201\" srcset=\"https:\/\/www.susoneyewear.com\/wp-content\/uploads\/2025\/10\/smart-glasses-E02-d03.jpg 930w, https:\/\/www.susoneyewear.com\/wp-content\/uploads\/2025\/10\/smart-glasses-E02-d03-232x300.jpg 232w, https:\/\/www.susoneyewear.com\/wp-content\/uploads\/2025\/10\/smart-glasses-E02-d03-793x1024.jpg 793w, https:\/\/www.susoneyewear.com\/wp-content\/uploads\/2025\/10\/smart-glasses-E02-d03-768x992.jpg 768w, https:\/\/www.susoneyewear.com\/wp-content\/uploads\/2025\/10\/smart-glasses-E02-d03-600x775.jpg 600w\" sizes=\"(max-width: 930px) 100vw, 930px\" \/> <img loading=\"lazy\" decoding=\"async\" class=\"alignnone wp-image-4079 size-full\" src=\"https:\/\/www.susoneyewear.com\/wp-content\/uploads\/2025\/10\/smart-glasses-E02-d04.jpg\" alt=\"\" width=\"930\" height=\"1732\" srcset=\"https:\/\/www.susoneyewear.com\/wp-content\/uploads\/2025\/10\/smart-glasses-E02-d04.jpg 930w, https:\/\/www.susoneyewear.com\/wp-content\/uploads\/2025\/10\/smart-glasses-E02-d04-161x300.jpg 161w, https:\/\/www.susoneyewear.com\/wp-content\/uploads\/2025\/10\/smart-glasses-E02-d04-550x1024.jpg 550w, https:\/\/www.susoneyewear.com\/wp-content\/uploads\/2025\/10\/smart-glasses-E02-d04-768x1430.jpg 768w, https:\/\/www.susoneyewear.com\/wp-content\/uploads\/2025\/10\/smart-glasses-E02-d04-825x1536.jpg 825w, https:\/\/www.susoneyewear.com\/wp-content\/uploads\/2025\/10\/smart-glasses-E02-d04-600x1117.jpg 600w\" sizes=\"(max-width: 930px) 100vw, 930px\" \/> <img loading=\"lazy\" decoding=\"async\" class=\"alignnone wp-image-4080 size-full\" src=\"https:\/\/www.susoneyewear.com\/wp-content\/uploads\/2025\/10\/smart-glasses-E02-d05.jpg\" alt=\"\" width=\"930\" height=\"1586\" srcset=\"https:\/\/www.susoneyewear.com\/wp-content\/uploads\/2025\/10\/smart-glasses-E02-d05.jpg 930w, https:\/\/www.susoneyewear.com\/wp-content\/uploads\/2025\/10\/smart-glasses-E02-d05-176x300.jpg 176w, https:\/\/www.susoneyewear.com\/wp-content\/uploads\/2025\/10\/smart-glasses-E02-d05-600x1023.jpg 600w, https:\/\/www.susoneyewear.com\/wp-content\/uploads\/2025\/10\/smart-glasses-E02-d05-768x1310.jpg 768w, https:\/\/www.susoneyewear.com\/wp-content\/uploads\/2025\/10\/smart-glasses-E02-d05-901x1536.jpg 901w\" sizes=\"(max-width: 930px) 100vw, 930px\" \/><\/p>","protected":false},"excerpt":{"rendered":"<p>Speicher: 32GB<br \/>\nKamera: 800W<br \/>\nVideo: 1080P 30 Bilder<\/p>","protected":false},"featured_media":5198,"comment_status":"closed","ping_status":"closed","template":"","meta":[],"product_brand":[],"product_cat":[73,72,77,20,55,89,78,56,97,79,69,67,66,57,84,58],"product_tag":[],"class_list":{"0":"post-4062","1":"product","2":"type-product","3":"status-publish","4":"has-post-thumbnail","6":"product_cat-adult","7":"product_cat-age","8":"product_cat-elderly","9":"product_cat-frame","10":"product_cat-gender","11":"product_cat-injection-frame","12":"product_cat-lens","13":"product_cat-men","14":"product_cat-rectangle","15":"product_cat-shape","16":"product_cat-smart-glasses","17":"product_cat-sunglasses","18":"product_cat-types","19":"product_cat-unisex","20":"product_cat-uv400","21":"product_cat-women","23":"first","24":"instock","25":"shipping-taxable","26":"purchasable","27":"product-type-simple"},"_links":{"self":[{"href":"https:\/\/www.susoneyewear.com\/de\/wp-json\/wp\/v2\/product\/4062","targetHints":{"allow":["GET"]}}],"collection":[{"href":"https:\/\/www.susoneyewear.com\/de\/wp-json\/wp\/v2\/product"}],"about":[{"href":"https:\/\/www.susoneyewear.com\/de\/wp-json\/wp\/v2\/types\/product"}],"replies":[{"embeddable":true,"href":"https:\/\/www.susoneyewear.com\/de\/wp-json\/wp\/v2\/comments?post=4062"}],"wp:featuredmedia":[{"embeddable":true,"href":"https:\/\/www.susoneyewear.com\/de\/wp-json\/wp\/v2\/media\/5198"}],"wp:attachment":[{"href":"https:\/\/www.susoneyewear.com\/de\/wp-json\/wp\/v2\/media?parent=4062"}],"wp:term":[{"taxonomy":"product_brand","embeddable":true,"href":"https:\/\/www.susoneyewear.com\/de\/wp-json\/wp\/v2\/product_brand?post=4062"},{"taxonomy":"product_cat","embeddable":true,"href":"https:\/\/www.susoneyewear.com\/de\/wp-json\/wp\/v2\/product_cat?post=4062"},{"taxonomy":"product_tag","embeddable":true,"href":"https:\/\/www.susoneyewear.com\/de\/wp-json\/wp\/v2\/product_tag?post=4062"}],"curies":[{"name":"wp","href":"https:\/\/api.w.org\/{rel}","templated":true}]}}