{"id":4054,"date":"2025-10-27T20:59:41","date_gmt":"2025-10-27T12:59:41","guid":{"rendered":"https:\/\/www.susoneyewear.com\/?post_type=product&#038;p=4054"},"modified":"2026-01-15T13:53:51","modified_gmt":"2026-01-15T05:53:51","slug":"new-square-glasses-reading-glasses-for-the-elderly-tr90-reading-glasses-lightweight-anti-blue-light-reading-glasses-for-men","status":"publish","type":"product","link":"https:\/\/www.susoneyewear.com\/de\/new-square-glasses-reading-glasses-for-the-elderly-tr90-reading-glasses-lightweight-anti-blue-light-reading-glasses-for-men\/","title":{"rendered":"Neue quadratische TR90 leichte anti-blaue Licht Lesebrille f\u00fcr M\u00e4nner und Frauen"},"content":{"rendered":"<h3><img fetchpriority=\"high\" decoding=\"async\" class=\"wp-image-5168 alignleft\" src=\"https:\/\/www.susoneyewear.com\/wp-content\/uploads\/2025\/10\/tr9012.jpg\" alt=\"TR90 Lesebrille\" width=\"622\" height=\"622\" srcset=\"https:\/\/www.susoneyewear.com\/wp-content\/uploads\/2025\/10\/tr9012.jpg 800w, https:\/\/www.susoneyewear.com\/wp-content\/uploads\/2025\/10\/tr9012-300x300.jpg 300w, https:\/\/www.susoneyewear.com\/wp-content\/uploads\/2025\/10\/tr9012-150x150.jpg 150w, https:\/\/www.susoneyewear.com\/wp-content\/uploads\/2025\/10\/tr9012-768x768.jpg 768w, https:\/\/www.susoneyewear.com\/wp-content\/uploads\/2025\/10\/tr9012-600x600.jpg 600w, https:\/\/www.susoneyewear.com\/wp-content\/uploads\/2025\/10\/tr9012-100x100.jpg 100w, https:\/\/www.susoneyewear.com\/wp-content\/uploads\/2025\/10\/tr9012-50x50.jpg 50w\" sizes=\"(max-width: 622px) 100vw, 622px\" \/><\/h3>\n<h3>Materialien<\/h3>\n<p>Rahmen Material: TR90<br \/>\nTempelmaterial: TR90<br \/>\nObjektiv: CR39 blaue Lichtblockierung<br \/>\nScharniertyp: TR90<br \/>\nGewicht: 16g<\/p>\n<h3>Messungen<\/h3>\n<p>Rahmenbreite: 63 mm<br \/>\nBreite der Br\u00fccke: 14 mm<br \/>\nTempell\u00e4nge: 146 mm<br \/>\nLeistungsauswahl: 1,00;  1.50\uff1b  2.00\uff1b  2.50\uff1b  3.00\uff1b  3.50\uff1b  4.00<\/p>\n<h3>Min Bestellung<\/h3>\n<p>12pcs \/ Modell<br \/>\n20pcs \/ Modell zum Drucken von Logo<br \/>\n600pcs \/ Modell f\u00fcr Produktionsauftrag<\/p>\n<h3>Dienstleistungen<\/h3>\n<p>Qualit\u00e4tskontrolle: 100% QC<br \/>\nLogo: Passen Sie Ihre Marke an Logos<br \/>\nOEM: Sie entwerfen, wir produzieren<br \/>\nODM: Wir entwerfen und fertigen Ihre Marke<br \/>\nVersand: Lieferung an das Ziel entsprechend dem Kunden&#8217; s Anforderungen<\/p>\n<p>&nbsp;<\/p>\n<p><span class=\"magic-32\"><span class=\"magic-33\"><b class=\"magic-33\">Q1: Was liefern Sie?<\/b><\/span><br \/>\n<span class=\"magic-33\">A1: Wir sind ein Brillenhersteller, der haupts\u00e4chlich die PC-Material-Lesebrille und Sonnenbrille und hochwertige Acetat-Material-Sonnenbrille und optischen Rahmen liefert, k\u00f6nnen wir jedes Zubeh\u00f6r entsprechend dem Kunden liefern &#8217; s Anforderung<\/span><\/p>\n<p><b>Q2: Lieferen Sie kundenspezifische Logos? Was&#8217; Das MOQ?<\/b><br \/>\nA2: Ja, wir k\u00f6nnen kundenspezifisches Logo f\u00fcr Sie senden, pls eine Nachricht oder E-Mail-Chat die Details dar\u00fcber, wie man das Logo hinzuf\u00fcgt<\/p>\n<p><b>Q3: K\u00f6nnen Sie uns eine benutzerdefinierte Logoprobe senden, um zu \u00fcberpr\u00fcfen?<\/b><br \/>\nA3: Ja, wir unterst\u00fctzen das Herstellen von Probenkontrollqualit\u00e4t und Details vor Massenauftrag<\/p>\n<p><b>Q4: Was ist die Lieferzeit f\u00fcr eine Gro\u00dfauftrag?<\/b><br \/>\nA4: Fertig Lager Logo hinzuf\u00fcgen: \u00fcbliche 10days;<br \/>\nNeuer Produktionsauftrag: Normalerweise versenden wir innerhalb von 45 Tagen nach Zahlung<\/p>\n<p><b>Q5.how \u00fcber die Zahlung?<\/b><br \/>\nA5: 30% zuerst bezahlt, und der Restbetrag vor dem Versand bezahlt<\/p>\n<p><b>Q6: K\u00f6nnen Sie mir helfen, direkt zum Amazon-Lager zu schicken?<br \/>\n<\/b> A6:<\/span><span class=\"magic-32\">Ja, wir k\u00f6nnen Ihnen helfen, die Etiketten anzukleben und direkt zum Amazon-Lager zu versenden<\/span><\/p>\n<div><span class=\"magic-32\" data-spm-anchor-id=\"a2700.details-description.0.i1.7197bNmjbNmj0j\"> <b>Q7: Wie \u00fcber den Express.<br \/>\n<\/b> A7: Normalerweise k\u00f6nnen wir durch jede ausdr\u00fcckliche Anfrage senden, wie FedEx, DHL, UPS, erhalten Sie in 5-8days; andere durch Luft und durch Meer&#8230; abh\u00e4ngig von Kundenanforderungen.<\/span><\/div>","protected":false},"excerpt":{"rendered":"<p>Rahmen Material: TR90<br \/>\nTempelmaterial: TR90<br \/>\nObjektiv: CR39 blaue Lichtblockierung<br \/>\nScharniertyp: TR90<\/p>","protected":false},"featured_media":4058,"comment_status":"closed","ping_status":"closed","template":"","meta":[],"product_brand":[],"product_cat":[72,86,77,20,55,89,78,56,82,97,79,66,57,58],"product_tag":[],"class_list":{"0":"post-4054","1":"product","2":"type-product","3":"status-publish","4":"has-post-thumbnail","6":"product_cat-age","7":"product_cat-anti-blue-light","8":"product_cat-elderly","9":"product_cat-frame","10":"product_cat-gender","11":"product_cat-injection-frame","12":"product_cat-lens","13":"product_cat-men","14":"product_cat-reading","15":"product_cat-rectangle","16":"product_cat-shape","17":"product_cat-types","18":"product_cat-unisex","19":"product_cat-women","21":"first","22":"instock","23":"shipping-taxable","24":"purchasable","25":"product-type-simple"},"_links":{"self":[{"href":"https:\/\/www.susoneyewear.com\/de\/wp-json\/wp\/v2\/product\/4054","targetHints":{"allow":["GET"]}}],"collection":[{"href":"https:\/\/www.susoneyewear.com\/de\/wp-json\/wp\/v2\/product"}],"about":[{"href":"https:\/\/www.susoneyewear.com\/de\/wp-json\/wp\/v2\/types\/product"}],"replies":[{"embeddable":true,"href":"https:\/\/www.susoneyewear.com\/de\/wp-json\/wp\/v2\/comments?post=4054"}],"wp:featuredmedia":[{"embeddable":true,"href":"https:\/\/www.susoneyewear.com\/de\/wp-json\/wp\/v2\/media\/4058"}],"wp:attachment":[{"href":"https:\/\/www.susoneyewear.com\/de\/wp-json\/wp\/v2\/media?parent=4054"}],"wp:term":[{"taxonomy":"product_brand","embeddable":true,"href":"https:\/\/www.susoneyewear.com\/de\/wp-json\/wp\/v2\/product_brand?post=4054"},{"taxonomy":"product_cat","embeddable":true,"href":"https:\/\/www.susoneyewear.com\/de\/wp-json\/wp\/v2\/product_cat?post=4054"},{"taxonomy":"product_tag","embeddable":true,"href":"https:\/\/www.susoneyewear.com\/de\/wp-json\/wp\/v2\/product_tag?post=4054"}],"curies":[{"name":"wp","href":"https:\/\/api.w.org\/{rel}","templated":true}]}}