{"id":3991,"date":"2025-10-27T19:49:15","date_gmt":"2025-10-27T11:49:15","guid":{"rendered":"https:\/\/www.susoneyewear.com\/?post_type=product&#038;p=3991"},"modified":"2026-01-19T12:58:12","modified_gmt":"2026-01-19T04:58:12","slug":"titanium-optical-frame-business-custom-frame-myopia-glasses-mens-pure-titanium-glasses-frame","status":"publish","type":"product","link":"https:\/\/www.susoneyewear.com\/de\/titanium-optical-frame-business-custom-frame-myopia-glasses-mens-pure-titanium-glasses-frame\/","title":{"rendered":"Titan Optische Rahmen Gesch\u00e4ft benutzerdefinierte Rahmen Kurzsichtigkeit Brille M\u00e4nner&#8217; s reine Titan Gl\u00e4ser Rahmen"},"content":{"rendered":"<h3><img fetchpriority=\"high\" decoding=\"async\" class=\"size-full wp-image-5263 alignnone\" src=\"https:\/\/www.susoneyewear.com\/wp-content\/uploads\/2025\/10\/optical-frame-titanium-F51103.jpg\" alt=\"Titan optischer Rahmen\" width=\"800\" height=\"800\" srcset=\"https:\/\/www.susoneyewear.com\/wp-content\/uploads\/2025\/10\/optical-frame-titanium-F51103.jpg 800w, https:\/\/www.susoneyewear.com\/wp-content\/uploads\/2025\/10\/optical-frame-titanium-F51103-300x300.jpg 300w, https:\/\/www.susoneyewear.com\/wp-content\/uploads\/2025\/10\/optical-frame-titanium-F51103-150x150.jpg 150w, https:\/\/www.susoneyewear.com\/wp-content\/uploads\/2025\/10\/optical-frame-titanium-F51103-768x768.jpg 768w, https:\/\/www.susoneyewear.com\/wp-content\/uploads\/2025\/10\/optical-frame-titanium-F51103-600x600.jpg 600w, https:\/\/www.susoneyewear.com\/wp-content\/uploads\/2025\/10\/optical-frame-titanium-F51103-100x100.jpg 100w, https:\/\/www.susoneyewear.com\/wp-content\/uploads\/2025\/10\/optical-frame-titanium-F51103-50x50.jpg 50w\" sizes=\"(max-width: 800px) 100vw, 800px\" \/><\/h3>\n<h3>Materialien<\/h3>\n<p>Rahmen Material: TITANIUM<br \/>\nTempelmaterial: TR90 Gummi<\/p>\n<h3>Messungen<\/h3>\n<p>Rahmenbreite: 52mm<br \/>\nBr\u00fcckenbreite: 17mm<br \/>\nTempell\u00e4nge: 147mm<\/p>\n<h3>Min Bestellung<\/h3>\n<p>12pcs \/ Modell<br \/>\n20pcs \/ Modell zum Drucken von Logo<br \/>\n600pcs \/ Modell f\u00fcr OEM ODM Produktionsauftrag<\/p>\n<h3>Dienstleistungen<\/h3>\n<p>Qualit\u00e4tskontrolle: 100% QC<br \/>\nLogo: angepasst Ihre Marke &amp; amp; Logos<br \/>\nOEM: Sie entwerfen, wir produzieren<br \/>\nODM: Wir entwerfen und fertigen, Ihre Marke<br \/>\nVersand: Lieferung an das Ziel entsprechend customer&#8217; s Anforderungen<\/p>","protected":false},"excerpt":{"rendered":"<p>MOQ: Fertig Lager benutzerdefiniertes Logo: 50pcs; OEM \/ ODM: 500pcs<\/p>\n<p>Kundenspezifische Dienstleistungen: Logo, Verpackung, Farbe und Formen.<\/p>\n<p>Probef\u00fchrungszeit: Fertig Lager Logo hinzuf\u00fcgen: Ungef\u00e4hr 7 Tage; Produktion: 35days<\/p>\n<p>Material: Acetat \/ TR90 \/ Metall (entsprechend Anforderungen verstellbar.)<\/p>\n<p>Zertifizierungen: CE \/ FDA \/ UKCA \/ ISO9001<\/p>","protected":false},"featured_media":3992,"comment_status":"closed","ping_status":"closed","template":"","meta":[],"product_brand":[],"product_cat":[73,72,87,77,20,55,78,56,70,97,96,79,91,66],"product_tag":[116],"class_list":{"0":"post-3991","1":"product","2":"type-product","3":"status-publish","4":"has-post-thumbnail","6":"product_cat-adult","7":"product_cat-age","8":"product_cat-demo","9":"product_cat-elderly","10":"product_cat-frame","11":"product_cat-gender","12":"product_cat-lens","13":"product_cat-men","14":"product_cat-optical-frames","15":"product_cat-rectangle","16":"product_cat-round","17":"product_cat-shape","18":"product_cat-titanium-frame","19":"product_cat-types","20":"product_tag-116","22":"first","23":"instock","24":"shipping-taxable","25":"purchasable","26":"product-type-simple"},"_links":{"self":[{"href":"https:\/\/www.susoneyewear.com\/de\/wp-json\/wp\/v2\/product\/3991","targetHints":{"allow":["GET"]}}],"collection":[{"href":"https:\/\/www.susoneyewear.com\/de\/wp-json\/wp\/v2\/product"}],"about":[{"href":"https:\/\/www.susoneyewear.com\/de\/wp-json\/wp\/v2\/types\/product"}],"replies":[{"embeddable":true,"href":"https:\/\/www.susoneyewear.com\/de\/wp-json\/wp\/v2\/comments?post=3991"}],"wp:featuredmedia":[{"embeddable":true,"href":"https:\/\/www.susoneyewear.com\/de\/wp-json\/wp\/v2\/media\/3992"}],"wp:attachment":[{"href":"https:\/\/www.susoneyewear.com\/de\/wp-json\/wp\/v2\/media?parent=3991"}],"wp:term":[{"taxonomy":"product_brand","embeddable":true,"href":"https:\/\/www.susoneyewear.com\/de\/wp-json\/wp\/v2\/product_brand?post=3991"},{"taxonomy":"product_cat","embeddable":true,"href":"https:\/\/www.susoneyewear.com\/de\/wp-json\/wp\/v2\/product_cat?post=3991"},{"taxonomy":"product_tag","embeddable":true,"href":"https:\/\/www.susoneyewear.com\/de\/wp-json\/wp\/v2\/product_tag?post=3991"}],"curies":[{"name":"wp","href":"https:\/\/api.w.org\/{rel}","templated":true}]}}